{"id":1253,"date":"2024-03-07T00:23:30","date_gmt":"2024-03-06T23:23:30","guid":{"rendered":"https:\/\/www.maroservice.it\/garden-designer\/"},"modified":"2024-11-23T01:42:21","modified_gmt":"2024-11-23T00:42:21","slug":"concepteur-de-jardin","status":"publish","type":"page","link":"https:\/\/www.maroservice.it\/fr\/concepteur-de-jardin\/","title":{"rendered":"\u00catre concepteur de jardins, c\u2019est aimer la nature."},"content":{"rendered":"\n<p class=\"project-details__text-2\"><strong>La conception et l\u2019entretien de parcs et de jardins constituent notre c\u0153ur de m\u00e9tier depuis plus de 10 ans.<\/strong><\/p>\n\n\n\n<p>Gr\u00e2ce \u00e0 cette longue exp\u00e9rience et \u00e0 notre \u00e9quipe de jardiniers experts, nous sommes en mesure de garantir des normes de qualit\u00e9 \u00e9lev\u00e9es. Nous sommes pr\u00e9sents sur tout le territoire national et offrons des services de conception, d\u2019entretien et de restauration d\u2019espaces verts pour des clients priv\u00e9s, des entreprises de diff\u00e9rentes tailles et des clients publics.<\/p>\n\n\n\n<p>Nous r\u00e9alisons des interventions phytosanitaires et des tailles en hauteur en utilisant la technique de l\u2019accrobranche ou \u00e0 l\u2019aide de nacelles \u00e9l\u00e9vatrices.<\/p>\n\n\n\n<p>Dot\u00e9s d\u2019\u00e9quipements sp\u00e9cifiques et de moyens appropri\u00e9s, nous sommes en mesure d\u2019offrir \u00e0 nos clients des prix comp\u00e9titifs pour tous les services.<\/p>\n\n\n\n<p>Notre expertise et notre d\u00e9vouement dans le secteur nous ont permis de nous forger une solide r\u00e9putation dans la cr\u00e9ation et l\u2019entretien d\u2019espaces verts, et d\u2019offrir des solutions personnalis\u00e9es et de haute qualit\u00e9 pour r\u00e9pondre aux besoins de chaque client.<\/p>\n","protected":false},"excerpt":{"rendered":"<p>La conception et l\u2019entretien de parcs et de jardins constituent notre c\u0153ur de m\u00e9tier depuis plus de 10 ans. Gr\u00e2ce \u00e0 cette longue exp\u00e9rience et \u00e0 notre \u00e9quipe de jardiniers experts, nous sommes en mesure de garantir des normes de qualit\u00e9 \u00e9lev\u00e9es. Nous sommes pr\u00e9sents sur tout le territoire national et offrons des services de [&hellip;]<\/p>\n","protected":false},"author":1,"featured_media":2137,"parent":0,"menu_order":0,"comment_status":"closed","ping_status":"closed","template":"","meta":{"_acf_changed":false,"inline_featured_image":false,"footnotes":""},"class_list":["post-1253","page","type-page","status-publish","has-post-thumbnail","hentry"],"acf":[],"yoast_head":"<!-- This site is optimized with the Yoast SEO plugin v27.2 - https:\/\/yoast.com\/product\/yoast-seo-wordpress\/ -->\n<title>Concepteurs de jardins professionnels | Services MaRo<\/title>\n<meta name=\"description\" content=\"D\u00e9couvrez nos services d\u2019am\u00e9nagement et de conception de jardins et transformez votre espace vert en un paradis personnalis\u00e9.\" \/>\n<meta name=\"robots\" content=\"index, follow, max-snippet:-1, max-image-preview:large, max-video-preview:-1\" \/>\n<link rel=\"canonical\" href=\"https:\/\/www.maroservice.it\/fr\/concepteur-de-jardin\/\" \/>\n<meta property=\"og:locale\" content=\"fr_FR\" \/>\n<meta property=\"og:type\" content=\"article\" \/>\n<meta property=\"og:title\" content=\"Concepteurs de jardins professionnels | Services MaRo\" \/>\n<meta property=\"og:description\" content=\"D\u00e9couvrez nos services d\u2019am\u00e9nagement et de conception de jardins et transformez votre espace vert en un paradis personnalis\u00e9.\" \/>\n<meta property=\"og:url\" content=\"https:\/\/www.maroservice.it\/fr\/concepteur-de-jardin\/\" \/>\n<meta property=\"og:site_name\" content=\"Maro Service\" \/>\n<meta property=\"article:modified_time\" content=\"2024-11-23T00:42:21+00:00\" \/>\n<meta property=\"og:image\" content=\"https:\/\/www.maroservice.it\/wp-content\/uploads\/2023\/12\/rigenerazione-tappeti-erbosi.jpg\" \/>\n\t<meta property=\"og:image:width\" content=\"1920\" \/>\n\t<meta property=\"og:image:height\" content=\"1280\" \/>\n\t<meta property=\"og:image:type\" content=\"image\/jpeg\" \/>\n<meta name=\"twitter:card\" content=\"summary_large_image\" \/>\n<meta name=\"twitter:label1\" content=\"Dur\u00e9e de lecture estim\u00e9e\" \/>\n\t<meta name=\"twitter:data1\" content=\"2 minutes\" \/>\n<script type=\"application\/ld+json\" class=\"yoast-schema-graph\">{\"@context\":\"https:\/\/schema.org\",\"@graph\":[{\"@type\":\"WebPage\",\"@id\":\"https:\/\/www.maroservice.it\/fr\/concepteur-de-jardin\/\",\"url\":\"https:\/\/www.maroservice.it\/fr\/concepteur-de-jardin\/\",\"name\":\"Concepteurs de jardins professionnels | Services MaRo\",\"isPartOf\":{\"@id\":\"https:\/\/www.maroservice.it\/#website\"},\"primaryImageOfPage\":{\"@id\":\"https:\/\/www.maroservice.it\/fr\/concepteur-de-jardin\/#primaryimage\"},\"image\":{\"@id\":\"https:\/\/www.maroservice.it\/fr\/concepteur-de-jardin\/#primaryimage\"},\"thumbnailUrl\":\"https:\/\/www.maroservice.it\/wp-content\/uploads\/2025\/08\/augustus-Hotel-Resort-ville-06.webp\",\"datePublished\":\"2024-03-06T23:23:30+00:00\",\"dateModified\":\"2024-11-23T00:42:21+00:00\",\"description\":\"D\u00e9couvrez nos services d\u2019am\u00e9nagement et de conception de jardins et transformez votre espace vert en un paradis personnalis\u00e9.\",\"breadcrumb\":{\"@id\":\"https:\/\/www.maroservice.it\/fr\/concepteur-de-jardin\/#breadcrumb\"},\"inLanguage\":\"fr-FR\",\"potentialAction\":[{\"@type\":\"ReadAction\",\"target\":[\"https:\/\/www.maroservice.it\/fr\/concepteur-de-jardin\/\"]}]},{\"@type\":\"ImageObject\",\"inLanguage\":\"fr-FR\",\"@id\":\"https:\/\/www.maroservice.it\/fr\/concepteur-de-jardin\/#primaryimage\",\"url\":\"https:\/\/www.maroservice.it\/wp-content\/uploads\/2025\/08\/augustus-Hotel-Resort-ville-06.webp\",\"contentUrl\":\"https:\/\/www.maroservice.it\/wp-content\/uploads\/2025\/08\/augustus-Hotel-Resort-ville-06.webp\",\"width\":1900,\"height\":1280},{\"@type\":\"BreadcrumbList\",\"@id\":\"https:\/\/www.maroservice.it\/fr\/concepteur-de-jardin\/#breadcrumb\",\"itemListElement\":[{\"@type\":\"ListItem\",\"position\":1,\"name\":\"Home\",\"item\":\"https:\/\/www.maroservice.it\/fr\/\"},{\"@type\":\"ListItem\",\"position\":2,\"name\":\"\u00catre concepteur de jardins, c\u2019est aimer la nature.\"}]},{\"@type\":\"WebSite\",\"@id\":\"https:\/\/www.maroservice.it\/#website\",\"url\":\"https:\/\/www.maroservice.it\/\",\"name\":\"Maro Garden Design & Landscape\",\"description\":\"Garden Design &amp; Landscape\",\"publisher\":{\"@id\":\"https:\/\/www.maroservice.it\/#organization\"},\"alternateName\":\"Maro Service\",\"potentialAction\":[{\"@type\":\"SearchAction\",\"target\":{\"@type\":\"EntryPoint\",\"urlTemplate\":\"https:\/\/www.maroservice.it\/?s={search_term_string}\"},\"query-input\":{\"@type\":\"PropertyValueSpecification\",\"valueRequired\":true,\"valueName\":\"search_term_string\"}}],\"inLanguage\":\"fr-FR\"},{\"@type\":\"Organization\",\"@id\":\"https:\/\/www.maroservice.it\/#organization\",\"name\":\"Maro Garden Design & Landscape\",\"url\":\"https:\/\/www.maroservice.it\/\",\"logo\":{\"@type\":\"ImageObject\",\"inLanguage\":\"fr-FR\",\"@id\":\"https:\/\/www.maroservice.it\/#\/schema\/logo\/image\/\",\"url\":\"https:\/\/www.maroservice.it\/wp-content\/uploads\/2023\/10\/maro-logo.svg\",\"contentUrl\":\"https:\/\/www.maroservice.it\/wp-content\/uploads\/2023\/10\/maro-logo.svg\",\"width\":\"1024\",\"height\":\"1024\",\"caption\":\"Maro Garden Design & Landscape\"},\"image\":{\"@id\":\"https:\/\/www.maroservice.it\/#\/schema\/logo\/image\/\"}}]}<\/script>\n<!-- \/ Yoast SEO plugin. -->","yoast_head_json":{"title":"Concepteurs de jardins professionnels | Services MaRo","description":"D\u00e9couvrez nos services d\u2019am\u00e9nagement et de conception de jardins et transformez votre espace vert en un paradis personnalis\u00e9.","robots":{"index":"index","follow":"follow","max-snippet":"max-snippet:-1","max-image-preview":"max-image-preview:large","max-video-preview":"max-video-preview:-1"},"canonical":"https:\/\/www.maroservice.it\/fr\/concepteur-de-jardin\/","og_locale":"fr_FR","og_type":"article","og_title":"Concepteurs de jardins professionnels | Services MaRo","og_description":"D\u00e9couvrez nos services d\u2019am\u00e9nagement et de conception de jardins et transformez votre espace vert en un paradis personnalis\u00e9.","og_url":"https:\/\/www.maroservice.it\/fr\/concepteur-de-jardin\/","og_site_name":"Maro Service","article_modified_time":"2024-11-23T00:42:21+00:00","og_image":[{"width":1920,"height":1280,"url":"https:\/\/www.maroservice.it\/wp-content\/uploads\/2023\/12\/rigenerazione-tappeti-erbosi.jpg","type":"image\/jpeg"}],"twitter_card":"summary_large_image","twitter_misc":{"Dur\u00e9e de lecture estim\u00e9e":"2 minutes"},"schema":{"@context":"https:\/\/schema.org","@graph":[{"@type":"WebPage","@id":"https:\/\/www.maroservice.it\/fr\/concepteur-de-jardin\/","url":"https:\/\/www.maroservice.it\/fr\/concepteur-de-jardin\/","name":"Concepteurs de jardins professionnels | Services MaRo","isPartOf":{"@id":"https:\/\/www.maroservice.it\/#website"},"primaryImageOfPage":{"@id":"https:\/\/www.maroservice.it\/fr\/concepteur-de-jardin\/#primaryimage"},"image":{"@id":"https:\/\/www.maroservice.it\/fr\/concepteur-de-jardin\/#primaryimage"},"thumbnailUrl":"https:\/\/www.maroservice.it\/wp-content\/uploads\/2025\/08\/augustus-Hotel-Resort-ville-06.webp","datePublished":"2024-03-06T23:23:30+00:00","dateModified":"2024-11-23T00:42:21+00:00","description":"D\u00e9couvrez nos services d\u2019am\u00e9nagement et de conception de jardins et transformez votre espace vert en un paradis personnalis\u00e9.","breadcrumb":{"@id":"https:\/\/www.maroservice.it\/fr\/concepteur-de-jardin\/#breadcrumb"},"inLanguage":"fr-FR","potentialAction":[{"@type":"ReadAction","target":["https:\/\/www.maroservice.it\/fr\/concepteur-de-jardin\/"]}]},{"@type":"ImageObject","inLanguage":"fr-FR","@id":"https:\/\/www.maroservice.it\/fr\/concepteur-de-jardin\/#primaryimage","url":"https:\/\/www.maroservice.it\/wp-content\/uploads\/2025\/08\/augustus-Hotel-Resort-ville-06.webp","contentUrl":"https:\/\/www.maroservice.it\/wp-content\/uploads\/2025\/08\/augustus-Hotel-Resort-ville-06.webp","width":1900,"height":1280},{"@type":"BreadcrumbList","@id":"https:\/\/www.maroservice.it\/fr\/concepteur-de-jardin\/#breadcrumb","itemListElement":[{"@type":"ListItem","position":1,"name":"Home","item":"https:\/\/www.maroservice.it\/fr\/"},{"@type":"ListItem","position":2,"name":"\u00catre concepteur de jardins, c\u2019est aimer la nature."}]},{"@type":"WebSite","@id":"https:\/\/www.maroservice.it\/#website","url":"https:\/\/www.maroservice.it\/","name":"Maro Garden Design & Landscape","description":"Garden Design &amp; Landscape","publisher":{"@id":"https:\/\/www.maroservice.it\/#organization"},"alternateName":"Maro Service","potentialAction":[{"@type":"SearchAction","target":{"@type":"EntryPoint","urlTemplate":"https:\/\/www.maroservice.it\/?s={search_term_string}"},"query-input":{"@type":"PropertyValueSpecification","valueRequired":true,"valueName":"search_term_string"}}],"inLanguage":"fr-FR"},{"@type":"Organization","@id":"https:\/\/www.maroservice.it\/#organization","name":"Maro Garden Design & Landscape","url":"https:\/\/www.maroservice.it\/","logo":{"@type":"ImageObject","inLanguage":"fr-FR","@id":"https:\/\/www.maroservice.it\/#\/schema\/logo\/image\/","url":"https:\/\/www.maroservice.it\/wp-content\/uploads\/2023\/10\/maro-logo.svg","contentUrl":"https:\/\/www.maroservice.it\/wp-content\/uploads\/2023\/10\/maro-logo.svg","width":"1024","height":"1024","caption":"Maro Garden Design & Landscape"},"image":{"@id":"https:\/\/www.maroservice.it\/#\/schema\/logo\/image\/"}}]}},"_links":{"self":[{"href":"https:\/\/www.maroservice.it\/fr\/wp-json\/wp\/v2\/pages\/1253","targetHints":{"allow":["GET"]}}],"collection":[{"href":"https:\/\/www.maroservice.it\/fr\/wp-json\/wp\/v2\/pages"}],"about":[{"href":"https:\/\/www.maroservice.it\/fr\/wp-json\/wp\/v2\/types\/page"}],"author":[{"embeddable":true,"href":"https:\/\/www.maroservice.it\/fr\/wp-json\/wp\/v2\/users\/1"}],"replies":[{"embeddable":true,"href":"https:\/\/www.maroservice.it\/fr\/wp-json\/wp\/v2\/comments?post=1253"}],"version-history":[{"count":4,"href":"https:\/\/www.maroservice.it\/fr\/wp-json\/wp\/v2\/pages\/1253\/revisions"}],"predecessor-version":[{"id":1938,"href":"https:\/\/www.maroservice.it\/fr\/wp-json\/wp\/v2\/pages\/1253\/revisions\/1938"}],"wp:featuredmedia":[{"embeddable":true,"href":"https:\/\/www.maroservice.it\/fr\/wp-json\/wp\/v2\/media\/2137"}],"wp:attachment":[{"href":"https:\/\/www.maroservice.it\/fr\/wp-json\/wp\/v2\/media?parent=1253"}],"curies":[{"name":"wp","href":"https:\/\/api.w.org\/{rel}","templated":true}]}}