{"id":1298,"date":"2023-09-29T17:49:22","date_gmt":"2023-09-29T15:49:22","guid":{"rendered":"https:\/\/www.maroservice.it\/home-giardinaggio\/"},"modified":"2024-11-23T01:43:37","modified_gmt":"2024-11-23T00:43:37","slug":"home-giardinaggio","status":"publish","type":"page","link":"https:\/\/www.maroservice.it\/fr\/","title":{"rendered":"MaRo Garden Design &amp; Landscape"},"content":{"rendered":"\n<h2 class=\"wp-block-heading\">Anim\u00e9s par la passion et forts de dizaines d\u2019ann\u00e9es d\u2019exp\u00e9rience, nous cultivons l\u2019art du jardin.<\/h2>\n\n\n\n<p>Nous cr\u00e9ons des parcs et des jardins en offrant un service complet et de qualit\u00e9, de la phase de conception \u00e0 la r\u00e9alisation du jardin de vos r\u00eaves, du plus petit et du plus simple au plus grand et au plus complexe.<\/p>\n\n\n\n<p>Nos atouts&nbsp;:<\/p>\n\n\n\n<ul class=\"wp-block-list about-one__points-2 list-unstyled\">\n<li class=\"fas fa-leaf\">Une \u00e9quipe de professionnels, experts dans la conception et la r\u00e9alisation de jardins<\/li>\n\n\n\n<li class=\"fas fa-leaf\">Des connaissances botaniques approfondies et une grande passion pour notre m\u00e9tier<\/li>\n\n\n\n<li class=\"fas fa-leaf\">Un \u00e9quipement et des machines \u00e0 la pointe de la technologie<\/li>\n<\/ul>\n\n\n\n<div class=\"about-one__btn-box\"><a href=\"https:\/\/www.maroservice.it\/fr\/qui-nous-sommes\/\" class=\"about-one__btn thm-btn\">En savoir plus<\/a><\/div>\n","protected":false},"excerpt":{"rendered":"<p>Anim\u00e9s par la passion et forts de dizaines d\u2019ann\u00e9es d\u2019exp\u00e9rience, nous cultivons l\u2019art du jardin. Nous cr\u00e9ons des parcs et des jardins en offrant un service complet et de qualit\u00e9, de la phase de conception \u00e0 la r\u00e9alisation du jardin de vos r\u00eaves, du plus petit et du plus simple au plus grand et au [&hellip;]<\/p>\n","protected":false},"author":1,"featured_media":1300,"parent":0,"menu_order":0,"comment_status":"closed","ping_status":"open","template":"","meta":{"_acf_changed":false,"inline_featured_image":false,"footnotes":""},"class_list":["post-1298","page","type-page","status-publish","has-post-thumbnail","hentry"],"acf":[],"yoast_head":"<!-- This site is optimized with the Yoast SEO plugin v27.2 - https:\/\/yoast.com\/product\/yoast-seo-wordpress\/ -->\n<title>MaroService | Cr\u00e9ation et entretien de jardins<\/title>\n<meta name=\"description\" content=\"Nous offrons des services professionnels pour la cr\u00e9ation et l&#039;entretien de jardins. D\u00e9couvrez nos services et contactez-nous pour transformer votre espace vert en une oasis de beaut\u00e9 et de tranquillit\u00e9\" \/>\n<meta name=\"robots\" content=\"index, follow, max-snippet:-1, max-image-preview:large, max-video-preview:-1\" \/>\n<link rel=\"canonical\" href=\"https:\/\/www.maroservice.it\/fr\/\" \/>\n<meta property=\"og:locale\" content=\"fr_FR\" \/>\n<meta property=\"og:type\" content=\"article\" \/>\n<meta property=\"og:title\" content=\"MaroService | Cr\u00e9ation et entretien de jardins\" \/>\n<meta property=\"og:description\" content=\"Nous offrons des services professionnels pour la cr\u00e9ation et l&#039;entretien de jardins. D\u00e9couvrez nos services et contactez-nous pour transformer votre espace vert en une oasis de beaut\u00e9 et de tranquillit\u00e9\" \/>\n<meta property=\"og:url\" content=\"https:\/\/www.maroservice.it\/fr\/\" \/>\n<meta property=\"og:site_name\" content=\"Maro Service\" \/>\n<meta property=\"article:modified_time\" content=\"2024-11-23T00:43:37+00:00\" \/>\n<meta property=\"og:image\" content=\"https:\/\/www.maroservice.it\/wp-content\/uploads\/2023\/12\/IMG_5072-copia.jpg\" \/>\n\t<meta property=\"og:image:width\" content=\"1920\" \/>\n\t<meta property=\"og:image:height\" content=\"1280\" \/>\n\t<meta property=\"og:image:type\" content=\"image\/jpeg\" \/>\n<meta name=\"twitter:card\" content=\"summary_large_image\" \/>\n<meta name=\"twitter:label1\" content=\"Dur\u00e9e de lecture estim\u00e9e\" \/>\n\t<meta name=\"twitter:data1\" content=\"1 minute\" \/>\n<script type=\"application\/ld+json\" class=\"yoast-schema-graph\">{\"@context\":\"https:\/\/schema.org\",\"@graph\":[{\"@type\":\"WebPage\",\"@id\":\"https:\/\/www.maroservice.it\/fr\/\",\"url\":\"https:\/\/www.maroservice.it\/fr\/\",\"name\":\"MaroService | Cr\u00e9ation et entretien de jardins\",\"isPartOf\":{\"@id\":\"https:\/\/www.maroservice.it\/#website\"},\"primaryImageOfPage\":{\"@id\":\"https:\/\/www.maroservice.it\/fr\/#primaryimage\"},\"image\":{\"@id\":\"https:\/\/www.maroservice.it\/fr\/#primaryimage\"},\"thumbnailUrl\":\"https:\/\/www.maroservice.it\/wp-content\/uploads\/2023\/12\/IMG_5072-copia.jpg\",\"datePublished\":\"2023-09-29T15:49:22+00:00\",\"dateModified\":\"2024-11-23T00:43:37+00:00\",\"description\":\"Nous offrons des services professionnels pour la cr\u00e9ation et l'entretien de jardins. D\u00e9couvrez nos services et contactez-nous pour transformer votre espace vert en une oasis de beaut\u00e9 et de tranquillit\u00e9\",\"breadcrumb\":{\"@id\":\"https:\/\/www.maroservice.it\/fr\/#breadcrumb\"},\"inLanguage\":\"fr-FR\",\"potentialAction\":[{\"@type\":\"ReadAction\",\"target\":[\"https:\/\/www.maroservice.it\/fr\/\"]}]},{\"@type\":\"ImageObject\",\"inLanguage\":\"fr-FR\",\"@id\":\"https:\/\/www.maroservice.it\/fr\/#primaryimage\",\"url\":\"https:\/\/www.maroservice.it\/wp-content\/uploads\/2023\/12\/IMG_5072-copia.jpg\",\"contentUrl\":\"https:\/\/www.maroservice.it\/wp-content\/uploads\/2023\/12\/IMG_5072-copia.jpg\",\"width\":1920,\"height\":1280},{\"@type\":\"BreadcrumbList\",\"@id\":\"https:\/\/www.maroservice.it\/fr\/#breadcrumb\",\"itemListElement\":[{\"@type\":\"ListItem\",\"position\":1,\"name\":\"Home\",\"item\":\"https:\/\/www.maroservice.it\/fr\/\"},{\"@type\":\"ListItem\",\"position\":2,\"name\":\"MaRo Garden Design &amp; Landscape\"}]},{\"@type\":\"WebSite\",\"@id\":\"https:\/\/www.maroservice.it\/#website\",\"url\":\"https:\/\/www.maroservice.it\/\",\"name\":\"Maro Garden Design & Landscape\",\"description\":\"Garden Design &amp; Landscape\",\"publisher\":{\"@id\":\"https:\/\/www.maroservice.it\/#organization\"},\"alternateName\":\"Maro Service\",\"potentialAction\":[{\"@type\":\"SearchAction\",\"target\":{\"@type\":\"EntryPoint\",\"urlTemplate\":\"https:\/\/www.maroservice.it\/?s={search_term_string}\"},\"query-input\":{\"@type\":\"PropertyValueSpecification\",\"valueRequired\":true,\"valueName\":\"search_term_string\"}}],\"inLanguage\":\"fr-FR\"},{\"@type\":\"Organization\",\"@id\":\"https:\/\/www.maroservice.it\/#organization\",\"name\":\"Maro Garden Design & Landscape\",\"url\":\"https:\/\/www.maroservice.it\/\",\"logo\":{\"@type\":\"ImageObject\",\"inLanguage\":\"fr-FR\",\"@id\":\"https:\/\/www.maroservice.it\/#\/schema\/logo\/image\/\",\"url\":\"https:\/\/www.maroservice.it\/wp-content\/uploads\/2023\/10\/maro-logo.svg\",\"contentUrl\":\"https:\/\/www.maroservice.it\/wp-content\/uploads\/2023\/10\/maro-logo.svg\",\"width\":\"1024\",\"height\":\"1024\",\"caption\":\"Maro Garden Design & Landscape\"},\"image\":{\"@id\":\"https:\/\/www.maroservice.it\/#\/schema\/logo\/image\/\"}}]}<\/script>\n<!-- \/ Yoast SEO plugin. -->","yoast_head_json":{"title":"MaroService | Cr\u00e9ation et entretien de jardins","description":"Nous offrons des services professionnels pour la cr\u00e9ation et l'entretien de jardins. D\u00e9couvrez nos services et contactez-nous pour transformer votre espace vert en une oasis de beaut\u00e9 et de tranquillit\u00e9","robots":{"index":"index","follow":"follow","max-snippet":"max-snippet:-1","max-image-preview":"max-image-preview:large","max-video-preview":"max-video-preview:-1"},"canonical":"https:\/\/www.maroservice.it\/fr\/","og_locale":"fr_FR","og_type":"article","og_title":"MaroService | Cr\u00e9ation et entretien de jardins","og_description":"Nous offrons des services professionnels pour la cr\u00e9ation et l'entretien de jardins. D\u00e9couvrez nos services et contactez-nous pour transformer votre espace vert en une oasis de beaut\u00e9 et de tranquillit\u00e9","og_url":"https:\/\/www.maroservice.it\/fr\/","og_site_name":"Maro Service","article_modified_time":"2024-11-23T00:43:37+00:00","og_image":[{"width":1920,"height":1280,"url":"https:\/\/www.maroservice.it\/wp-content\/uploads\/2023\/12\/IMG_5072-copia.jpg","type":"image\/jpeg"}],"twitter_card":"summary_large_image","twitter_misc":{"Dur\u00e9e de lecture estim\u00e9e":"1 minute"},"schema":{"@context":"https:\/\/schema.org","@graph":[{"@type":"WebPage","@id":"https:\/\/www.maroservice.it\/fr\/","url":"https:\/\/www.maroservice.it\/fr\/","name":"MaroService | Cr\u00e9ation et entretien de jardins","isPartOf":{"@id":"https:\/\/www.maroservice.it\/#website"},"primaryImageOfPage":{"@id":"https:\/\/www.maroservice.it\/fr\/#primaryimage"},"image":{"@id":"https:\/\/www.maroservice.it\/fr\/#primaryimage"},"thumbnailUrl":"https:\/\/www.maroservice.it\/wp-content\/uploads\/2023\/12\/IMG_5072-copia.jpg","datePublished":"2023-09-29T15:49:22+00:00","dateModified":"2024-11-23T00:43:37+00:00","description":"Nous offrons des services professionnels pour la cr\u00e9ation et l'entretien de jardins. D\u00e9couvrez nos services et contactez-nous pour transformer votre espace vert en une oasis de beaut\u00e9 et de tranquillit\u00e9","breadcrumb":{"@id":"https:\/\/www.maroservice.it\/fr\/#breadcrumb"},"inLanguage":"fr-FR","potentialAction":[{"@type":"ReadAction","target":["https:\/\/www.maroservice.it\/fr\/"]}]},{"@type":"ImageObject","inLanguage":"fr-FR","@id":"https:\/\/www.maroservice.it\/fr\/#primaryimage","url":"https:\/\/www.maroservice.it\/wp-content\/uploads\/2023\/12\/IMG_5072-copia.jpg","contentUrl":"https:\/\/www.maroservice.it\/wp-content\/uploads\/2023\/12\/IMG_5072-copia.jpg","width":1920,"height":1280},{"@type":"BreadcrumbList","@id":"https:\/\/www.maroservice.it\/fr\/#breadcrumb","itemListElement":[{"@type":"ListItem","position":1,"name":"Home","item":"https:\/\/www.maroservice.it\/fr\/"},{"@type":"ListItem","position":2,"name":"MaRo Garden Design &amp; Landscape"}]},{"@type":"WebSite","@id":"https:\/\/www.maroservice.it\/#website","url":"https:\/\/www.maroservice.it\/","name":"Maro Garden Design & Landscape","description":"Garden Design &amp; Landscape","publisher":{"@id":"https:\/\/www.maroservice.it\/#organization"},"alternateName":"Maro Service","potentialAction":[{"@type":"SearchAction","target":{"@type":"EntryPoint","urlTemplate":"https:\/\/www.maroservice.it\/?s={search_term_string}"},"query-input":{"@type":"PropertyValueSpecification","valueRequired":true,"valueName":"search_term_string"}}],"inLanguage":"fr-FR"},{"@type":"Organization","@id":"https:\/\/www.maroservice.it\/#organization","name":"Maro Garden Design & Landscape","url":"https:\/\/www.maroservice.it\/","logo":{"@type":"ImageObject","inLanguage":"fr-FR","@id":"https:\/\/www.maroservice.it\/#\/schema\/logo\/image\/","url":"https:\/\/www.maroservice.it\/wp-content\/uploads\/2023\/10\/maro-logo.svg","contentUrl":"https:\/\/www.maroservice.it\/wp-content\/uploads\/2023\/10\/maro-logo.svg","width":"1024","height":"1024","caption":"Maro Garden Design & Landscape"},"image":{"@id":"https:\/\/www.maroservice.it\/#\/schema\/logo\/image\/"}}]}},"_links":{"self":[{"href":"https:\/\/www.maroservice.it\/fr\/wp-json\/wp\/v2\/pages\/1298","targetHints":{"allow":["GET"]}}],"collection":[{"href":"https:\/\/www.maroservice.it\/fr\/wp-json\/wp\/v2\/pages"}],"about":[{"href":"https:\/\/www.maroservice.it\/fr\/wp-json\/wp\/v2\/types\/page"}],"author":[{"embeddable":true,"href":"https:\/\/www.maroservice.it\/fr\/wp-json\/wp\/v2\/users\/1"}],"replies":[{"embeddable":true,"href":"https:\/\/www.maroservice.it\/fr\/wp-json\/wp\/v2\/comments?post=1298"}],"version-history":[{"count":11,"href":"https:\/\/www.maroservice.it\/fr\/wp-json\/wp\/v2\/pages\/1298\/revisions"}],"predecessor-version":[{"id":1943,"href":"https:\/\/www.maroservice.it\/fr\/wp-json\/wp\/v2\/pages\/1298\/revisions\/1943"}],"wp:featuredmedia":[{"embeddable":true,"href":"https:\/\/www.maroservice.it\/fr\/wp-json\/wp\/v2\/media\/1300"}],"wp:attachment":[{"href":"https:\/\/www.maroservice.it\/fr\/wp-json\/wp\/v2\/media?parent=1298"}],"curies":[{"name":"wp","href":"https:\/\/api.w.org\/{rel}","templated":true}]}}