{"id":1389,"date":"2024-10-18T01:31:03","date_gmt":"2024-10-17T23:31:03","guid":{"rendered":"https:\/\/www.maroservice.it\/projets-realisations-jardins-parcs\/agriturismo-la-capitana-magliano-in-toscana\/"},"modified":"2024-11-21T00:18:27","modified_gmt":"2024-11-20T23:18:27","slug":"agriturismo-la-capitana-magliano-in-toscana","status":"publish","type":"page","link":"https:\/\/www.maroservice.it\/fr\/projets-realisations-jardins-parcs\/agriturismo-la-capitana-magliano-in-toscana\/","title":{"rendered":"Agriturismo La Capitana &#8211; Magliano in Toscana"},"content":{"rendered":"\n<h3 class=\"wp-block-heading project-details__title-1\">Situ\u00e9 \u00e0 Magliano in Toscana, au c\u0153ur de la r\u00e9gion de la Maremme, Agriturismo La Capitana est un joyau immerg\u00e9 dans la nature, avec une vue spectaculaire qui s\u2019\u00e9tend jusqu\u2019\u00e0 la c\u00f4te de la Maremme.<\/h3>\n\n\n\n<p>Depuis cette position privil\u00e9gi\u00e9e dans les collines, les h\u00f4tes peuvent admirer des lieux embl\u00e9matiques tels que l\u2019\u00eele de Giglio, la forteresse de Talamone et le promontoire de l\u2019Argentario, tout en profitant de la paix et de la s\u00e9r\u00e9nit\u00e9 qu\u2019offrent les douces collines toscanes.<\/p>\n\n\n\n<p><strong>La structure se trouve sur une exploitation agricole datant de 1797<\/strong>, entour\u00e9e d\u2019une <strong>oliveraie s\u00e9culaire<\/strong> et d\u2019un <strong>parc verdoyant de plus de 3&nbsp;000&nbsp;m<sup>2<\/sup><\/strong>. Devant la demeure se trouve une grande pelouse, semblable \u00e0 une terrasse naturelle surplombant la mer, avec une piscine \u00e0 remous qui compl\u00e8te le cadre parfait pour la d\u00e9tente.<\/p>\n\n\n\n<p>MaRo Service a proc\u00e9d\u00e9 \u00e0 une r\u00e9novation en profondeur de la pelouse, ainsi qu\u2019\u00e0 l\u2019entretien des haies et \u00e0 l\u2019\u00e9lagage des grands arbres, afin que les espaces verts aient toujours un aspect soign\u00e9. Les haies sont maintenues en parfait \u00e9tat, s\u2019int\u00e9grant harmonieusement dans le paysage naturel et contribuant \u00e0 pr\u00e9server l\u2019\u00e9l\u00e9gance de la structure.<\/p>\n\n\n\n<h3 class=\"wp-block-heading project-details__title-1\">Une attention particuli\u00e8re a \u00e9t\u00e9 accord\u00e9e \u00e0 l\u2019oliveraie s\u00e9culaire qui entoure l\u2019agritourisme. <\/h3>\n\n\n\n<p>Gr\u00e2ce \u00e0 une taille sp\u00e9cialis\u00e9e effectu\u00e9e par MaRo Service, les oliviers ont retrouv\u00e9 toute leur splendeur, mettant en valeur l\u2019une des ressources naturelles les plus pr\u00e9cieuses du domaine.<\/p>\n\n\n\n<p>MaRo Service g\u00e8re \u00e9galement<strong> l\u2019entretien saisonnier ordinaire du jardin<\/strong>, en s\u2019occupant de la pelouse, des fleurs en pot et des parterres de fleurs. Ce travail constant permet \u00e0 <strong>Agriturismo La Capitana<\/strong> de rester un lieu accueillant, immerg\u00e9 dans la beaut\u00e9 de la nature, offrant \u00e0 ses h\u00f4tes un environnement soign\u00e9 et r\u00e9g\u00e9n\u00e9rant.<\/p>\n","protected":false},"excerpt":{"rendered":"<p>Situ\u00e9 \u00e0 Magliano in Toscana, au c\u0153ur de la r\u00e9gion de la Maremme, Agriturismo La Capitana est un joyau immerg\u00e9 dans la nature, avec une vue spectaculaire qui s\u2019\u00e9tend jusqu\u2019\u00e0 la c\u00f4te de la Maremme. Depuis cette position privil\u00e9gi\u00e9e dans les collines, les h\u00f4tes peuvent admirer des lieux embl\u00e9matiques tels que l\u2019\u00eele de Giglio, la [&hellip;]<\/p>\n","protected":false},"author":1,"featured_media":1391,"parent":1263,"menu_order":0,"comment_status":"closed","ping_status":"closed","template":"template-project.php","meta":{"_acf_changed":false,"inline_featured_image":false,"footnotes":""},"class_list":["post-1389","page","type-page","status-publish","has-post-thumbnail","hentry"],"acf":[],"yoast_head":"<!-- This site is optimized with the Yoast SEO plugin v27.2 - https:\/\/yoast.com\/product\/yoast-seo-wordpress\/ -->\n<title>Agriturismo La Capitana - Magliano in Toscana | Maro Service<\/title>\n<meta name=\"robots\" content=\"index, follow, max-snippet:-1, max-image-preview:large, max-video-preview:-1\" \/>\n<link rel=\"canonical\" href=\"https:\/\/www.maroservice.it\/fr\/projets-realisations-jardins-parcs\/agriturismo-la-capitana-magliano-in-toscana\/\" \/>\n<meta property=\"og:locale\" content=\"fr_FR\" \/>\n<meta property=\"og:type\" content=\"article\" \/>\n<meta property=\"og:title\" content=\"Agriturismo La Capitana - Magliano in Toscana | Maro Service\" \/>\n<meta property=\"og:description\" content=\"Situ\u00e9 \u00e0 Magliano in Toscana, au c\u0153ur de la r\u00e9gion de la Maremme, Agriturismo La Capitana est un joyau immerg\u00e9 dans la nature, avec une vue spectaculaire qui s\u2019\u00e9tend jusqu\u2019\u00e0 la c\u00f4te de la Maremme. Depuis cette position privil\u00e9gi\u00e9e dans les collines, les h\u00f4tes peuvent admirer des lieux embl\u00e9matiques tels que l\u2019\u00eele de Giglio, la [&hellip;]\" \/>\n<meta property=\"og:url\" content=\"https:\/\/www.maroservice.it\/fr\/projets-realisations-jardins-parcs\/agriturismo-la-capitana-magliano-in-toscana\/\" \/>\n<meta property=\"og:site_name\" content=\"Maro Service\" \/>\n<meta property=\"article:modified_time\" content=\"2024-11-20T23:18:27+00:00\" \/>\n<meta property=\"og:image\" content=\"https:\/\/www.maroservice.it\/wp-content\/uploads\/2024\/10\/Copia-di-MaRo-0252.webp\" \/>\n\t<meta property=\"og:image:width\" content=\"1920\" \/>\n\t<meta property=\"og:image:height\" content=\"1280\" \/>\n\t<meta property=\"og:image:type\" content=\"image\/webp\" \/>\n<meta name=\"twitter:card\" content=\"summary_large_image\" \/>\n<meta name=\"twitter:label1\" content=\"Dur\u00e9e de lecture estim\u00e9e\" \/>\n\t<meta name=\"twitter:data1\" content=\"2 minutes\" \/>\n<script type=\"application\/ld+json\" class=\"yoast-schema-graph\">{\"@context\":\"https:\/\/schema.org\",\"@graph\":[{\"@type\":\"WebPage\",\"@id\":\"https:\/\/www.maroservice.it\/fr\/projets-realisations-jardins-parcs\/agriturismo-la-capitana-magliano-in-toscana\/\",\"url\":\"https:\/\/www.maroservice.it\/fr\/projets-realisations-jardins-parcs\/agriturismo-la-capitana-magliano-in-toscana\/\",\"name\":\"Agriturismo La Capitana - Magliano in Toscana | Maro Service\",\"isPartOf\":{\"@id\":\"https:\/\/www.maroservice.it\/#website\"},\"primaryImageOfPage\":{\"@id\":\"https:\/\/www.maroservice.it\/fr\/projets-realisations-jardins-parcs\/agriturismo-la-capitana-magliano-in-toscana\/#primaryimage\"},\"image\":{\"@id\":\"https:\/\/www.maroservice.it\/fr\/projets-realisations-jardins-parcs\/agriturismo-la-capitana-magliano-in-toscana\/#primaryimage\"},\"thumbnailUrl\":\"https:\/\/www.maroservice.it\/wp-content\/uploads\/2024\/10\/Copia-di-MaRo-0252.webp\",\"datePublished\":\"2024-10-17T23:31:03+00:00\",\"dateModified\":\"2024-11-20T23:18:27+00:00\",\"breadcrumb\":{\"@id\":\"https:\/\/www.maroservice.it\/fr\/projets-realisations-jardins-parcs\/agriturismo-la-capitana-magliano-in-toscana\/#breadcrumb\"},\"inLanguage\":\"fr-FR\",\"potentialAction\":[{\"@type\":\"ReadAction\",\"target\":[\"https:\/\/www.maroservice.it\/fr\/projets-realisations-jardins-parcs\/agriturismo-la-capitana-magliano-in-toscana\/\"]}]},{\"@type\":\"ImageObject\",\"inLanguage\":\"fr-FR\",\"@id\":\"https:\/\/www.maroservice.it\/fr\/projets-realisations-jardins-parcs\/agriturismo-la-capitana-magliano-in-toscana\/#primaryimage\",\"url\":\"https:\/\/www.maroservice.it\/wp-content\/uploads\/2024\/10\/Copia-di-MaRo-0252.webp\",\"contentUrl\":\"https:\/\/www.maroservice.it\/wp-content\/uploads\/2024\/10\/Copia-di-MaRo-0252.webp\",\"width\":1920,\"height\":1280},{\"@type\":\"BreadcrumbList\",\"@id\":\"https:\/\/www.maroservice.it\/fr\/projets-realisations-jardins-parcs\/agriturismo-la-capitana-magliano-in-toscana\/#breadcrumb\",\"itemListElement\":[{\"@type\":\"ListItem\",\"position\":1,\"name\":\"Home\",\"item\":\"https:\/\/www.maroservice.it\/fr\/\"},{\"@type\":\"ListItem\",\"position\":2,\"name\":\"Nos projets de jardins et de parcs\u00a0: Nature et design en harmonie\",\"item\":\"https:\/\/www.maroservice.it\/fr\/projets-realisations-jardins-parcs\/\"},{\"@type\":\"ListItem\",\"position\":3,\"name\":\"Agriturismo La Capitana &#8211; Magliano in Toscana\"}]},{\"@type\":\"WebSite\",\"@id\":\"https:\/\/www.maroservice.it\/#website\",\"url\":\"https:\/\/www.maroservice.it\/\",\"name\":\"Maro Garden Design & Landscape\",\"description\":\"Garden Design &amp; Landscape\",\"publisher\":{\"@id\":\"https:\/\/www.maroservice.it\/#organization\"},\"alternateName\":\"Maro Service\",\"potentialAction\":[{\"@type\":\"SearchAction\",\"target\":{\"@type\":\"EntryPoint\",\"urlTemplate\":\"https:\/\/www.maroservice.it\/?s={search_term_string}\"},\"query-input\":{\"@type\":\"PropertyValueSpecification\",\"valueRequired\":true,\"valueName\":\"search_term_string\"}}],\"inLanguage\":\"fr-FR\"},{\"@type\":\"Organization\",\"@id\":\"https:\/\/www.maroservice.it\/#organization\",\"name\":\"Maro Garden Design & Landscape\",\"url\":\"https:\/\/www.maroservice.it\/\",\"logo\":{\"@type\":\"ImageObject\",\"inLanguage\":\"fr-FR\",\"@id\":\"https:\/\/www.maroservice.it\/#\/schema\/logo\/image\/\",\"url\":\"https:\/\/www.maroservice.it\/wp-content\/uploads\/2023\/10\/maro-logo.svg\",\"contentUrl\":\"https:\/\/www.maroservice.it\/wp-content\/uploads\/2023\/10\/maro-logo.svg\",\"width\":\"1024\",\"height\":\"1024\",\"caption\":\"Maro Garden Design & Landscape\"},\"image\":{\"@id\":\"https:\/\/www.maroservice.it\/#\/schema\/logo\/image\/\"}}]}<\/script>\n<!-- \/ Yoast SEO plugin. -->","yoast_head_json":{"title":"Agriturismo La Capitana - Magliano in Toscana | Maro Service","robots":{"index":"index","follow":"follow","max-snippet":"max-snippet:-1","max-image-preview":"max-image-preview:large","max-video-preview":"max-video-preview:-1"},"canonical":"https:\/\/www.maroservice.it\/fr\/projets-realisations-jardins-parcs\/agriturismo-la-capitana-magliano-in-toscana\/","og_locale":"fr_FR","og_type":"article","og_title":"Agriturismo La Capitana - Magliano in Toscana | Maro Service","og_description":"Situ\u00e9 \u00e0 Magliano in Toscana, au c\u0153ur de la r\u00e9gion de la Maremme, Agriturismo La Capitana est un joyau immerg\u00e9 dans la nature, avec une vue spectaculaire qui s\u2019\u00e9tend jusqu\u2019\u00e0 la c\u00f4te de la Maremme. Depuis cette position privil\u00e9gi\u00e9e dans les collines, les h\u00f4tes peuvent admirer des lieux embl\u00e9matiques tels que l\u2019\u00eele de Giglio, la [&hellip;]","og_url":"https:\/\/www.maroservice.it\/fr\/projets-realisations-jardins-parcs\/agriturismo-la-capitana-magliano-in-toscana\/","og_site_name":"Maro Service","article_modified_time":"2024-11-20T23:18:27+00:00","og_image":[{"width":1920,"height":1280,"url":"https:\/\/www.maroservice.it\/wp-content\/uploads\/2024\/10\/Copia-di-MaRo-0252.webp","type":"image\/webp"}],"twitter_card":"summary_large_image","twitter_misc":{"Dur\u00e9e de lecture estim\u00e9e":"2 minutes"},"schema":{"@context":"https:\/\/schema.org","@graph":[{"@type":"WebPage","@id":"https:\/\/www.maroservice.it\/fr\/projets-realisations-jardins-parcs\/agriturismo-la-capitana-magliano-in-toscana\/","url":"https:\/\/www.maroservice.it\/fr\/projets-realisations-jardins-parcs\/agriturismo-la-capitana-magliano-in-toscana\/","name":"Agriturismo La Capitana - Magliano in Toscana | Maro Service","isPartOf":{"@id":"https:\/\/www.maroservice.it\/#website"},"primaryImageOfPage":{"@id":"https:\/\/www.maroservice.it\/fr\/projets-realisations-jardins-parcs\/agriturismo-la-capitana-magliano-in-toscana\/#primaryimage"},"image":{"@id":"https:\/\/www.maroservice.it\/fr\/projets-realisations-jardins-parcs\/agriturismo-la-capitana-magliano-in-toscana\/#primaryimage"},"thumbnailUrl":"https:\/\/www.maroservice.it\/wp-content\/uploads\/2024\/10\/Copia-di-MaRo-0252.webp","datePublished":"2024-10-17T23:31:03+00:00","dateModified":"2024-11-20T23:18:27+00:00","breadcrumb":{"@id":"https:\/\/www.maroservice.it\/fr\/projets-realisations-jardins-parcs\/agriturismo-la-capitana-magliano-in-toscana\/#breadcrumb"},"inLanguage":"fr-FR","potentialAction":[{"@type":"ReadAction","target":["https:\/\/www.maroservice.it\/fr\/projets-realisations-jardins-parcs\/agriturismo-la-capitana-magliano-in-toscana\/"]}]},{"@type":"ImageObject","inLanguage":"fr-FR","@id":"https:\/\/www.maroservice.it\/fr\/projets-realisations-jardins-parcs\/agriturismo-la-capitana-magliano-in-toscana\/#primaryimage","url":"https:\/\/www.maroservice.it\/wp-content\/uploads\/2024\/10\/Copia-di-MaRo-0252.webp","contentUrl":"https:\/\/www.maroservice.it\/wp-content\/uploads\/2024\/10\/Copia-di-MaRo-0252.webp","width":1920,"height":1280},{"@type":"BreadcrumbList","@id":"https:\/\/www.maroservice.it\/fr\/projets-realisations-jardins-parcs\/agriturismo-la-capitana-magliano-in-toscana\/#breadcrumb","itemListElement":[{"@type":"ListItem","position":1,"name":"Home","item":"https:\/\/www.maroservice.it\/fr\/"},{"@type":"ListItem","position":2,"name":"Nos projets de jardins et de parcs\u00a0: Nature et design en harmonie","item":"https:\/\/www.maroservice.it\/fr\/projets-realisations-jardins-parcs\/"},{"@type":"ListItem","position":3,"name":"Agriturismo La Capitana &#8211; Magliano in Toscana"}]},{"@type":"WebSite","@id":"https:\/\/www.maroservice.it\/#website","url":"https:\/\/www.maroservice.it\/","name":"Maro Garden Design & Landscape","description":"Garden Design &amp; Landscape","publisher":{"@id":"https:\/\/www.maroservice.it\/#organization"},"alternateName":"Maro Service","potentialAction":[{"@type":"SearchAction","target":{"@type":"EntryPoint","urlTemplate":"https:\/\/www.maroservice.it\/?s={search_term_string}"},"query-input":{"@type":"PropertyValueSpecification","valueRequired":true,"valueName":"search_term_string"}}],"inLanguage":"fr-FR"},{"@type":"Organization","@id":"https:\/\/www.maroservice.it\/#organization","name":"Maro Garden Design & Landscape","url":"https:\/\/www.maroservice.it\/","logo":{"@type":"ImageObject","inLanguage":"fr-FR","@id":"https:\/\/www.maroservice.it\/#\/schema\/logo\/image\/","url":"https:\/\/www.maroservice.it\/wp-content\/uploads\/2023\/10\/maro-logo.svg","contentUrl":"https:\/\/www.maroservice.it\/wp-content\/uploads\/2023\/10\/maro-logo.svg","width":"1024","height":"1024","caption":"Maro Garden Design & Landscape"},"image":{"@id":"https:\/\/www.maroservice.it\/#\/schema\/logo\/image\/"}}]}},"_links":{"self":[{"href":"https:\/\/www.maroservice.it\/fr\/wp-json\/wp\/v2\/pages\/1389","targetHints":{"allow":["GET"]}}],"collection":[{"href":"https:\/\/www.maroservice.it\/fr\/wp-json\/wp\/v2\/pages"}],"about":[{"href":"https:\/\/www.maroservice.it\/fr\/wp-json\/wp\/v2\/types\/page"}],"author":[{"embeddable":true,"href":"https:\/\/www.maroservice.it\/fr\/wp-json\/wp\/v2\/users\/1"}],"replies":[{"embeddable":true,"href":"https:\/\/www.maroservice.it\/fr\/wp-json\/wp\/v2\/comments?post=1389"}],"version-history":[{"count":1,"href":"https:\/\/www.maroservice.it\/fr\/wp-json\/wp\/v2\/pages\/1389\/revisions"}],"predecessor-version":[{"id":1410,"href":"https:\/\/www.maroservice.it\/fr\/wp-json\/wp\/v2\/pages\/1389\/revisions\/1410"}],"up":[{"embeddable":true,"href":"https:\/\/www.maroservice.it\/fr\/wp-json\/wp\/v2\/pages\/1263"}],"wp:featuredmedia":[{"embeddable":true,"href":"https:\/\/www.maroservice.it\/fr\/wp-json\/wp\/v2\/media\/1391"}],"wp:attachment":[{"href":"https:\/\/www.maroservice.it\/fr\/wp-json\/wp\/v2\/media?parent=1389"}],"curies":[{"name":"wp","href":"https:\/\/api.w.org\/{rel}","templated":true}]}}