{"id":1415,"date":"2024-10-18T01:31:04","date_gmt":"2024-10-17T23:31:04","guid":{"rendered":"https:\/\/www.maroservice.it\/projets-realisations-jardins-parcs\/aree-verdi-sulla-spiaggia-augustus-beach-club\/"},"modified":"2025-08-17T00:32:56","modified_gmt":"2025-08-16T22:32:56","slug":"espaces-verts-sur-la-plage-augustus-beach-club","status":"publish","type":"page","link":"https:\/\/www.maroservice.it\/fr\/projets-realisations-jardins-parcs\/espaces-verts-sur-la-plage-augustus-beach-club\/","title":{"rendered":"Augustus Beach Club \u2013 Un coin exclusif sur la c\u00f4te toscane"},"content":{"rendered":"\n<h3 class=\"wp-block-heading project-details__title-1\">L\u2019Augustus Beach Club est la plage priv\u00e9e exclusive de l\u2019Augustus Hotel &amp; Resort, situ\u00e9 sur le magnifique littoral de Forte dei Marmi.<\/h3>\n\n\n\n<p>Ce lieu raffin\u00e9 offre \u00e0 ses h\u00f4tes une exp\u00e9rience unique, caract\u00e9ris\u00e9e par des services de haut niveau et une attention aux d\u00e9tails qui en font l\u2019un des endroits les plus exclusifs de la r\u00e9gion. Sous les embl\u00e9matiques voiles blanches s\u2019\u00e9tend un merveilleux jardin, plong\u00e9 dans l\u2019ombre d\u2019arbres centenaires qui conf\u00e8rent fra\u00eecheur et s\u00e9r\u00e9nit\u00e9 aux lieux.<\/p>\n\n\n\n<p><strong>MaRo Service a con\u00e7u et r\u00e9alis\u00e9 les espaces verts sur la plage<\/strong>, en cr\u00e9ant une pelouse avec des parterres de fleurs, mettant en valeur l\u2019harmonie du paysage c\u00f4tier gr\u00e2ce \u00e0 un choix minutieux de plantes indig\u00e8nes, parfaitement int\u00e9gr\u00e9es dans l\u2019environnement. En outre, l\u2019intervention a inclus la <strong>cr\u00e9ation du jardin int\u00e9rieur du restaurant Bambaissa,<\/strong> le charmant <strong>Bamba Chill Garden<\/strong>, un coin de verdure o\u00f9 les clients peuvent se d\u00e9tendre dans une atmosph\u00e8re naturelle et chaleureuse.<\/p>\n\n\n\n<p><\/p>\n","protected":false},"excerpt":{"rendered":"<p>L\u2019Augustus Beach Club est la plage priv\u00e9e exclusive de l\u2019Augustus Hotel &amp; Resort, situ\u00e9 sur le magnifique littoral de Forte dei Marmi. Ce lieu raffin\u00e9 offre \u00e0 ses h\u00f4tes une exp\u00e9rience unique, caract\u00e9ris\u00e9e par des services de haut niveau et une attention aux d\u00e9tails qui en font l\u2019un des endroits les plus exclusifs de la [&hellip;]<\/p>\n","protected":false},"author":1,"featured_media":2013,"parent":1263,"menu_order":0,"comment_status":"closed","ping_status":"closed","template":"template-project.php","meta":{"_acf_changed":false,"inline_featured_image":false,"footnotes":""},"class_list":["post-1415","page","type-page","status-publish","has-post-thumbnail","hentry"],"acf":[],"yoast_head":"<!-- This site is optimized with the Yoast SEO plugin v27.2 - https:\/\/yoast.com\/product\/yoast-seo-wordpress\/ -->\n<title>Augustus Beach Club \u2013 Un coin exclusif sur la c\u00f4te toscane | Maro Service<\/title>\n<meta name=\"robots\" content=\"index, follow, max-snippet:-1, max-image-preview:large, max-video-preview:-1\" \/>\n<link rel=\"canonical\" href=\"https:\/\/www.maroservice.it\/fr\/projets-realisations-jardins-parcs\/espaces-verts-sur-la-plage-augustus-beach-club\/\" \/>\n<meta property=\"og:locale\" content=\"fr_FR\" \/>\n<meta property=\"og:type\" content=\"article\" \/>\n<meta property=\"og:title\" content=\"Augustus Beach Club \u2013 Un coin exclusif sur la c\u00f4te toscane | Maro Service\" \/>\n<meta property=\"og:description\" content=\"L\u2019Augustus Beach Club est la plage priv\u00e9e exclusive de l\u2019Augustus Hotel &amp; Resort, situ\u00e9 sur le magnifique littoral de Forte dei Marmi. Ce lieu raffin\u00e9 offre \u00e0 ses h\u00f4tes une exp\u00e9rience unique, caract\u00e9ris\u00e9e par des services de haut niveau et une attention aux d\u00e9tails qui en font l\u2019un des endroits les plus exclusifs de la [&hellip;]\" \/>\n<meta property=\"og:url\" content=\"https:\/\/www.maroservice.it\/fr\/projets-realisations-jardins-parcs\/espaces-verts-sur-la-plage-augustus-beach-club\/\" \/>\n<meta property=\"og:site_name\" content=\"Maro Service\" \/>\n<meta property=\"article:modified_time\" content=\"2025-08-16T22:32:56+00:00\" \/>\n<meta property=\"og:image\" content=\"https:\/\/www.maroservice.it\/wp-content\/uploads\/2025\/08\/augustus-beach-club-giardino-spiaggia-06.webp\" \/>\n\t<meta property=\"og:image:width\" content=\"1900\" \/>\n\t<meta property=\"og:image:height\" content=\"1280\" \/>\n\t<meta property=\"og:image:type\" content=\"image\/webp\" \/>\n<meta name=\"twitter:card\" content=\"summary_large_image\" \/>\n<meta name=\"twitter:label1\" content=\"Dur\u00e9e de lecture estim\u00e9e\" \/>\n\t<meta name=\"twitter:data1\" content=\"1 minute\" \/>\n<script type=\"application\/ld+json\" class=\"yoast-schema-graph\">{\"@context\":\"https:\/\/schema.org\",\"@graph\":[{\"@type\":\"WebPage\",\"@id\":\"https:\/\/www.maroservice.it\/fr\/projets-realisations-jardins-parcs\/espaces-verts-sur-la-plage-augustus-beach-club\/\",\"url\":\"https:\/\/www.maroservice.it\/fr\/projets-realisations-jardins-parcs\/espaces-verts-sur-la-plage-augustus-beach-club\/\",\"name\":\"Augustus Beach Club \u2013 Un coin exclusif sur la c\u00f4te toscane | Maro Service\",\"isPartOf\":{\"@id\":\"https:\/\/www.maroservice.it\/#website\"},\"primaryImageOfPage\":{\"@id\":\"https:\/\/www.maroservice.it\/fr\/projets-realisations-jardins-parcs\/espaces-verts-sur-la-plage-augustus-beach-club\/#primaryimage\"},\"image\":{\"@id\":\"https:\/\/www.maroservice.it\/fr\/projets-realisations-jardins-parcs\/espaces-verts-sur-la-plage-augustus-beach-club\/#primaryimage\"},\"thumbnailUrl\":\"https:\/\/www.maroservice.it\/wp-content\/uploads\/2025\/08\/augustus-beach-club-giardino-spiaggia-06.webp\",\"datePublished\":\"2024-10-17T23:31:04+00:00\",\"dateModified\":\"2025-08-16T22:32:56+00:00\",\"breadcrumb\":{\"@id\":\"https:\/\/www.maroservice.it\/fr\/projets-realisations-jardins-parcs\/espaces-verts-sur-la-plage-augustus-beach-club\/#breadcrumb\"},\"inLanguage\":\"fr-FR\",\"potentialAction\":[{\"@type\":\"ReadAction\",\"target\":[\"https:\/\/www.maroservice.it\/fr\/projets-realisations-jardins-parcs\/espaces-verts-sur-la-plage-augustus-beach-club\/\"]}]},{\"@type\":\"ImageObject\",\"inLanguage\":\"fr-FR\",\"@id\":\"https:\/\/www.maroservice.it\/fr\/projets-realisations-jardins-parcs\/espaces-verts-sur-la-plage-augustus-beach-club\/#primaryimage\",\"url\":\"https:\/\/www.maroservice.it\/wp-content\/uploads\/2025\/08\/augustus-beach-club-giardino-spiaggia-06.webp\",\"contentUrl\":\"https:\/\/www.maroservice.it\/wp-content\/uploads\/2025\/08\/augustus-beach-club-giardino-spiaggia-06.webp\",\"width\":1900,\"height\":1280},{\"@type\":\"BreadcrumbList\",\"@id\":\"https:\/\/www.maroservice.it\/fr\/projets-realisations-jardins-parcs\/espaces-verts-sur-la-plage-augustus-beach-club\/#breadcrumb\",\"itemListElement\":[{\"@type\":\"ListItem\",\"position\":1,\"name\":\"Home\",\"item\":\"https:\/\/www.maroservice.it\/fr\/\"},{\"@type\":\"ListItem\",\"position\":2,\"name\":\"Nos projets de jardins et de parcs\u00a0: Nature et design en harmonie\",\"item\":\"https:\/\/www.maroservice.it\/fr\/projets-realisations-jardins-parcs\/\"},{\"@type\":\"ListItem\",\"position\":3,\"name\":\"Augustus Beach Club \u2013 Un coin exclusif sur la c\u00f4te toscane\"}]},{\"@type\":\"WebSite\",\"@id\":\"https:\/\/www.maroservice.it\/#website\",\"url\":\"https:\/\/www.maroservice.it\/\",\"name\":\"Maro Garden Design & Landscape\",\"description\":\"Garden Design &amp; Landscape\",\"publisher\":{\"@id\":\"https:\/\/www.maroservice.it\/#organization\"},\"alternateName\":\"Maro Service\",\"potentialAction\":[{\"@type\":\"SearchAction\",\"target\":{\"@type\":\"EntryPoint\",\"urlTemplate\":\"https:\/\/www.maroservice.it\/?s={search_term_string}\"},\"query-input\":{\"@type\":\"PropertyValueSpecification\",\"valueRequired\":true,\"valueName\":\"search_term_string\"}}],\"inLanguage\":\"fr-FR\"},{\"@type\":\"Organization\",\"@id\":\"https:\/\/www.maroservice.it\/#organization\",\"name\":\"Maro Garden Design & Landscape\",\"url\":\"https:\/\/www.maroservice.it\/\",\"logo\":{\"@type\":\"ImageObject\",\"inLanguage\":\"fr-FR\",\"@id\":\"https:\/\/www.maroservice.it\/#\/schema\/logo\/image\/\",\"url\":\"https:\/\/www.maroservice.it\/wp-content\/uploads\/2023\/10\/maro-logo.svg\",\"contentUrl\":\"https:\/\/www.maroservice.it\/wp-content\/uploads\/2023\/10\/maro-logo.svg\",\"width\":\"1024\",\"height\":\"1024\",\"caption\":\"Maro Garden Design & Landscape\"},\"image\":{\"@id\":\"https:\/\/www.maroservice.it\/#\/schema\/logo\/image\/\"}}]}<\/script>\n<!-- \/ Yoast SEO plugin. -->","yoast_head_json":{"title":"Augustus Beach Club \u2013 Un coin exclusif sur la c\u00f4te toscane | Maro Service","robots":{"index":"index","follow":"follow","max-snippet":"max-snippet:-1","max-image-preview":"max-image-preview:large","max-video-preview":"max-video-preview:-1"},"canonical":"https:\/\/www.maroservice.it\/fr\/projets-realisations-jardins-parcs\/espaces-verts-sur-la-plage-augustus-beach-club\/","og_locale":"fr_FR","og_type":"article","og_title":"Augustus Beach Club \u2013 Un coin exclusif sur la c\u00f4te toscane | Maro Service","og_description":"L\u2019Augustus Beach Club est la plage priv\u00e9e exclusive de l\u2019Augustus Hotel &amp; Resort, situ\u00e9 sur le magnifique littoral de Forte dei Marmi. Ce lieu raffin\u00e9 offre \u00e0 ses h\u00f4tes une exp\u00e9rience unique, caract\u00e9ris\u00e9e par des services de haut niveau et une attention aux d\u00e9tails qui en font l\u2019un des endroits les plus exclusifs de la [&hellip;]","og_url":"https:\/\/www.maroservice.it\/fr\/projets-realisations-jardins-parcs\/espaces-verts-sur-la-plage-augustus-beach-club\/","og_site_name":"Maro Service","article_modified_time":"2025-08-16T22:32:56+00:00","og_image":[{"width":1900,"height":1280,"url":"https:\/\/www.maroservice.it\/wp-content\/uploads\/2025\/08\/augustus-beach-club-giardino-spiaggia-06.webp","type":"image\/webp"}],"twitter_card":"summary_large_image","twitter_misc":{"Dur\u00e9e de lecture estim\u00e9e":"1 minute"},"schema":{"@context":"https:\/\/schema.org","@graph":[{"@type":"WebPage","@id":"https:\/\/www.maroservice.it\/fr\/projets-realisations-jardins-parcs\/espaces-verts-sur-la-plage-augustus-beach-club\/","url":"https:\/\/www.maroservice.it\/fr\/projets-realisations-jardins-parcs\/espaces-verts-sur-la-plage-augustus-beach-club\/","name":"Augustus Beach Club \u2013 Un coin exclusif sur la c\u00f4te toscane | Maro Service","isPartOf":{"@id":"https:\/\/www.maroservice.it\/#website"},"primaryImageOfPage":{"@id":"https:\/\/www.maroservice.it\/fr\/projets-realisations-jardins-parcs\/espaces-verts-sur-la-plage-augustus-beach-club\/#primaryimage"},"image":{"@id":"https:\/\/www.maroservice.it\/fr\/projets-realisations-jardins-parcs\/espaces-verts-sur-la-plage-augustus-beach-club\/#primaryimage"},"thumbnailUrl":"https:\/\/www.maroservice.it\/wp-content\/uploads\/2025\/08\/augustus-beach-club-giardino-spiaggia-06.webp","datePublished":"2024-10-17T23:31:04+00:00","dateModified":"2025-08-16T22:32:56+00:00","breadcrumb":{"@id":"https:\/\/www.maroservice.it\/fr\/projets-realisations-jardins-parcs\/espaces-verts-sur-la-plage-augustus-beach-club\/#breadcrumb"},"inLanguage":"fr-FR","potentialAction":[{"@type":"ReadAction","target":["https:\/\/www.maroservice.it\/fr\/projets-realisations-jardins-parcs\/espaces-verts-sur-la-plage-augustus-beach-club\/"]}]},{"@type":"ImageObject","inLanguage":"fr-FR","@id":"https:\/\/www.maroservice.it\/fr\/projets-realisations-jardins-parcs\/espaces-verts-sur-la-plage-augustus-beach-club\/#primaryimage","url":"https:\/\/www.maroservice.it\/wp-content\/uploads\/2025\/08\/augustus-beach-club-giardino-spiaggia-06.webp","contentUrl":"https:\/\/www.maroservice.it\/wp-content\/uploads\/2025\/08\/augustus-beach-club-giardino-spiaggia-06.webp","width":1900,"height":1280},{"@type":"BreadcrumbList","@id":"https:\/\/www.maroservice.it\/fr\/projets-realisations-jardins-parcs\/espaces-verts-sur-la-plage-augustus-beach-club\/#breadcrumb","itemListElement":[{"@type":"ListItem","position":1,"name":"Home","item":"https:\/\/www.maroservice.it\/fr\/"},{"@type":"ListItem","position":2,"name":"Nos projets de jardins et de parcs\u00a0: Nature et design en harmonie","item":"https:\/\/www.maroservice.it\/fr\/projets-realisations-jardins-parcs\/"},{"@type":"ListItem","position":3,"name":"Augustus Beach Club \u2013 Un coin exclusif sur la c\u00f4te toscane"}]},{"@type":"WebSite","@id":"https:\/\/www.maroservice.it\/#website","url":"https:\/\/www.maroservice.it\/","name":"Maro Garden Design & Landscape","description":"Garden Design &amp; Landscape","publisher":{"@id":"https:\/\/www.maroservice.it\/#organization"},"alternateName":"Maro Service","potentialAction":[{"@type":"SearchAction","target":{"@type":"EntryPoint","urlTemplate":"https:\/\/www.maroservice.it\/?s={search_term_string}"},"query-input":{"@type":"PropertyValueSpecification","valueRequired":true,"valueName":"search_term_string"}}],"inLanguage":"fr-FR"},{"@type":"Organization","@id":"https:\/\/www.maroservice.it\/#organization","name":"Maro Garden Design & Landscape","url":"https:\/\/www.maroservice.it\/","logo":{"@type":"ImageObject","inLanguage":"fr-FR","@id":"https:\/\/www.maroservice.it\/#\/schema\/logo\/image\/","url":"https:\/\/www.maroservice.it\/wp-content\/uploads\/2023\/10\/maro-logo.svg","contentUrl":"https:\/\/www.maroservice.it\/wp-content\/uploads\/2023\/10\/maro-logo.svg","width":"1024","height":"1024","caption":"Maro Garden Design & Landscape"},"image":{"@id":"https:\/\/www.maroservice.it\/#\/schema\/logo\/image\/"}}]}},"_links":{"self":[{"href":"https:\/\/www.maroservice.it\/fr\/wp-json\/wp\/v2\/pages\/1415","targetHints":{"allow":["GET"]}}],"collection":[{"href":"https:\/\/www.maroservice.it\/fr\/wp-json\/wp\/v2\/pages"}],"about":[{"href":"https:\/\/www.maroservice.it\/fr\/wp-json\/wp\/v2\/types\/page"}],"author":[{"embeddable":true,"href":"https:\/\/www.maroservice.it\/fr\/wp-json\/wp\/v2\/users\/1"}],"replies":[{"embeddable":true,"href":"https:\/\/www.maroservice.it\/fr\/wp-json\/wp\/v2\/comments?post=1415"}],"version-history":[{"count":4,"href":"https:\/\/www.maroservice.it\/fr\/wp-json\/wp\/v2\/pages\/1415\/revisions"}],"predecessor-version":[{"id":2018,"href":"https:\/\/www.maroservice.it\/fr\/wp-json\/wp\/v2\/pages\/1415\/revisions\/2018"}],"up":[{"embeddable":true,"href":"https:\/\/www.maroservice.it\/fr\/wp-json\/wp\/v2\/pages\/1263"}],"wp:featuredmedia":[{"embeddable":true,"href":"https:\/\/www.maroservice.it\/fr\/wp-json\/wp\/v2\/media\/2013"}],"wp:attachment":[{"href":"https:\/\/www.maroservice.it\/fr\/wp-json\/wp\/v2\/media?parent=1415"}],"curies":[{"name":"wp","href":"https:\/\/api.w.org\/{rel}","templated":true}]}}