{"id":1442,"date":"2024-10-18T01:31:04","date_gmt":"2024-10-17T23:31:04","guid":{"rendered":"https:\/\/www.maroservice.it\/projets-realisations-jardins-parcs\/parco-giardino-augustus-hotel-resort\/"},"modified":"2025-08-17T02:24:03","modified_gmt":"2025-08-17T00:24:03","slug":"parc-jardin-augustus-hotel-resort","status":"publish","type":"page","link":"https:\/\/www.maroservice.it\/fr\/projets-realisations-jardins-parcs\/parc-jardin-augustus-hotel-resort\/","title":{"rendered":"Augustus Hotel &amp; Resort \u2013 Une oasis de luxe dans le c\u0153ur vert de Forte dei Marmi"},"content":{"rendered":"\n<h3 class=\"wp-block-heading project-details__title-1 mb-3\">L\u2019Augustus Hotel &amp; Resort est un h\u00f4tel cinq \u00e9toiles exclusif immerg\u00e9 dans un vaste parc verdoyant au c\u0153ur de Forte dei Marmi, en Toscane.<\/h3>\n\n\n\n<p>Le complexe comprend plusieurs structures, dont la Villa Pesenti, La Nave, l\u2019embl\u00e9matique Villa Agnelli et une s\u00e9rie d\u2019\u00e9l\u00e9gantes villas. Ces derni\u00e8res, toutes dot\u00e9es de leurs propres jardins et terrasses, offrent aux clients l\u2019intimit\u00e9 et le confort d\u2019une r\u00e9sidence priv\u00e9e avec tous les services d\u2019un h\u00f4tel de luxe.<\/p>\n\n\n\n<h3 class=\"wp-block-heading project-details__title-1 mb-3\">Le complexe est entour\u00e9 d\u2019un parc-jardin d\u2019une extraordinaire valeur naturelle et botanique<\/h3>\n\n\n\n<p>Les cyclamens et les gard\u00e9nias se m\u00ealent aux couleurs vives des arbousiers et des hortensias, allant du rose au bleu, cr\u00e9ant un v\u00e9ritable arc-en-ciel naturel. Le tout est encadr\u00e9 par la majest\u00e9 des pins centenaires, qui apportent fra\u00eecheur et ombrage les jours d\u2019\u00e9t\u00e9.<\/p>\n\n\n\n<p>Au c\u0153ur de ce jardin luxuriant, sous le couvert d\u2019un majestueux palmier dattier, se trouve une splendide piscine, lieu id\u00e9al pour se d\u00e9tendre et profiter de la tranquillit\u00e9 d\u2019un environnement entour\u00e9 par la nature.<\/p>\n\n\n\n<p><strong>Pour cet h\u00f4tel de vill\u00e9giature cinq \u00e9toiles, MaRo Service se charge de la gestion et de l\u2019entretien courant de tous les espaces verts<\/strong> tout au long de l\u2019ann\u00e9e, garantissant ainsi l\u2019harmonie et la beaut\u00e9 du parc et des jardins. Pendant la p\u00e9riode de fermeture de l\u2019h\u00f4tel, d\u2019octobre \u00e0 f\u00e9vrier, un entretien extraordinaire est effectu\u00e9, avec des interventions sp\u00e9cifiques sur les jardins, les parterres de fleurs et les grands arbres.<\/p>\n\n\n\n<p><strong>MaRo Service s\u2019occupe \u00e9galement de toutes les installations en pot pour les int\u00e9rieurs<\/strong> et, \u00e0 la demande de l\u2019h\u00f4tel, des <strong>d\u00e9corations pour les \u00e9v\u00e9nements, les f\u00eates et les mariages<\/strong>, contribuant ainsi \u00e0 faire de chaque occasion sp\u00e9ciale un environnement impeccable.<\/p>\n\n\n\n<p><\/p>\n","protected":false},"excerpt":{"rendered":"<p>L\u2019Augustus Hotel &amp; Resort est un h\u00f4tel cinq \u00e9toiles exclusif immerg\u00e9 dans un vaste parc verdoyant au c\u0153ur de Forte dei Marmi, en Toscane. Le complexe comprend plusieurs structures, dont la Villa Pesenti, La Nave, l\u2019embl\u00e9matique Villa Agnelli et une s\u00e9rie d\u2019\u00e9l\u00e9gantes villas. Ces derni\u00e8res, toutes dot\u00e9es de leurs propres jardins et terrasses, offrent aux [&hellip;]<\/p>\n","protected":false},"author":1,"featured_media":2075,"parent":1263,"menu_order":0,"comment_status":"closed","ping_status":"closed","template":"template-project.php","meta":{"_acf_changed":false,"inline_featured_image":false,"footnotes":""},"class_list":["post-1442","page","type-page","status-publish","has-post-thumbnail","hentry"],"acf":[],"yoast_head":"<!-- This site is optimized with the Yoast SEO plugin v27.2 - https:\/\/yoast.com\/product\/yoast-seo-wordpress\/ -->\n<title>Augustus Hotel &amp; Resort \u2013 Une oasis de luxe dans le c\u0153ur vert de Forte dei Marmi | Maro Service<\/title>\n<meta name=\"robots\" content=\"index, follow, max-snippet:-1, max-image-preview:large, max-video-preview:-1\" \/>\n<link rel=\"canonical\" href=\"https:\/\/www.maroservice.it\/fr\/projets-realisations-jardins-parcs\/parc-jardin-augustus-hotel-resort\/\" \/>\n<meta property=\"og:locale\" content=\"fr_FR\" \/>\n<meta property=\"og:type\" content=\"article\" \/>\n<meta property=\"og:title\" content=\"Augustus Hotel &amp; Resort \u2013 Une oasis de luxe dans le c\u0153ur vert de Forte dei Marmi | Maro Service\" \/>\n<meta property=\"og:description\" content=\"L\u2019Augustus Hotel &amp; Resort est un h\u00f4tel cinq \u00e9toiles exclusif immerg\u00e9 dans un vaste parc verdoyant au c\u0153ur de Forte dei Marmi, en Toscane. Le complexe comprend plusieurs structures, dont la Villa Pesenti, La Nave, l\u2019embl\u00e9matique Villa Agnelli et une s\u00e9rie d\u2019\u00e9l\u00e9gantes villas. Ces derni\u00e8res, toutes dot\u00e9es de leurs propres jardins et terrasses, offrent aux [&hellip;]\" \/>\n<meta property=\"og:url\" content=\"https:\/\/www.maroservice.it\/fr\/projets-realisations-jardins-parcs\/parc-jardin-augustus-hotel-resort\/\" \/>\n<meta property=\"og:site_name\" content=\"Maro Service\" \/>\n<meta property=\"article:modified_time\" content=\"2025-08-17T00:24:03+00:00\" \/>\n<meta property=\"og:image\" content=\"https:\/\/www.maroservice.it\/wp-content\/uploads\/2025\/08\/augustus-hotel-resort-forte-dei-marmi-ingresso-01.webp\" \/>\n\t<meta property=\"og:image:width\" content=\"1900\" \/>\n\t<meta property=\"og:image:height\" content=\"1280\" \/>\n\t<meta property=\"og:image:type\" content=\"image\/webp\" \/>\n<meta name=\"twitter:card\" content=\"summary_large_image\" \/>\n<meta name=\"twitter:label1\" content=\"Dur\u00e9e de lecture estim\u00e9e\" \/>\n\t<meta name=\"twitter:data1\" content=\"2 minutes\" \/>\n<script type=\"application\/ld+json\" class=\"yoast-schema-graph\">{\"@context\":\"https:\/\/schema.org\",\"@graph\":[{\"@type\":\"WebPage\",\"@id\":\"https:\/\/www.maroservice.it\/fr\/projets-realisations-jardins-parcs\/parc-jardin-augustus-hotel-resort\/\",\"url\":\"https:\/\/www.maroservice.it\/fr\/projets-realisations-jardins-parcs\/parc-jardin-augustus-hotel-resort\/\",\"name\":\"Augustus Hotel &amp; Resort \u2013 Une oasis de luxe dans le c\u0153ur vert de Forte dei Marmi | Maro Service\",\"isPartOf\":{\"@id\":\"https:\/\/www.maroservice.it\/#website\"},\"primaryImageOfPage\":{\"@id\":\"https:\/\/www.maroservice.it\/fr\/projets-realisations-jardins-parcs\/parc-jardin-augustus-hotel-resort\/#primaryimage\"},\"image\":{\"@id\":\"https:\/\/www.maroservice.it\/fr\/projets-realisations-jardins-parcs\/parc-jardin-augustus-hotel-resort\/#primaryimage\"},\"thumbnailUrl\":\"https:\/\/www.maroservice.it\/wp-content\/uploads\/2025\/08\/augustus-hotel-resort-forte-dei-marmi-ingresso-01.webp\",\"datePublished\":\"2024-10-17T23:31:04+00:00\",\"dateModified\":\"2025-08-17T00:24:03+00:00\",\"breadcrumb\":{\"@id\":\"https:\/\/www.maroservice.it\/fr\/projets-realisations-jardins-parcs\/parc-jardin-augustus-hotel-resort\/#breadcrumb\"},\"inLanguage\":\"fr-FR\",\"potentialAction\":[{\"@type\":\"ReadAction\",\"target\":[\"https:\/\/www.maroservice.it\/fr\/projets-realisations-jardins-parcs\/parc-jardin-augustus-hotel-resort\/\"]}]},{\"@type\":\"ImageObject\",\"inLanguage\":\"fr-FR\",\"@id\":\"https:\/\/www.maroservice.it\/fr\/projets-realisations-jardins-parcs\/parc-jardin-augustus-hotel-resort\/#primaryimage\",\"url\":\"https:\/\/www.maroservice.it\/wp-content\/uploads\/2025\/08\/augustus-hotel-resort-forte-dei-marmi-ingresso-01.webp\",\"contentUrl\":\"https:\/\/www.maroservice.it\/wp-content\/uploads\/2025\/08\/augustus-hotel-resort-forte-dei-marmi-ingresso-01.webp\",\"width\":1900,\"height\":1280},{\"@type\":\"BreadcrumbList\",\"@id\":\"https:\/\/www.maroservice.it\/fr\/projets-realisations-jardins-parcs\/parc-jardin-augustus-hotel-resort\/#breadcrumb\",\"itemListElement\":[{\"@type\":\"ListItem\",\"position\":1,\"name\":\"Home\",\"item\":\"https:\/\/www.maroservice.it\/fr\/\"},{\"@type\":\"ListItem\",\"position\":2,\"name\":\"Nos projets de jardins et de parcs\u00a0: Nature et design en harmonie\",\"item\":\"https:\/\/www.maroservice.it\/fr\/projets-realisations-jardins-parcs\/\"},{\"@type\":\"ListItem\",\"position\":3,\"name\":\"Augustus Hotel &amp; Resort \u2013 Une oasis de luxe dans le c\u0153ur vert de Forte dei Marmi\"}]},{\"@type\":\"WebSite\",\"@id\":\"https:\/\/www.maroservice.it\/#website\",\"url\":\"https:\/\/www.maroservice.it\/\",\"name\":\"Maro Garden Design & Landscape\",\"description\":\"Garden Design &amp; Landscape\",\"publisher\":{\"@id\":\"https:\/\/www.maroservice.it\/#organization\"},\"alternateName\":\"Maro Service\",\"potentialAction\":[{\"@type\":\"SearchAction\",\"target\":{\"@type\":\"EntryPoint\",\"urlTemplate\":\"https:\/\/www.maroservice.it\/?s={search_term_string}\"},\"query-input\":{\"@type\":\"PropertyValueSpecification\",\"valueRequired\":true,\"valueName\":\"search_term_string\"}}],\"inLanguage\":\"fr-FR\"},{\"@type\":\"Organization\",\"@id\":\"https:\/\/www.maroservice.it\/#organization\",\"name\":\"Maro Garden Design & Landscape\",\"url\":\"https:\/\/www.maroservice.it\/\",\"logo\":{\"@type\":\"ImageObject\",\"inLanguage\":\"fr-FR\",\"@id\":\"https:\/\/www.maroservice.it\/#\/schema\/logo\/image\/\",\"url\":\"https:\/\/www.maroservice.it\/wp-content\/uploads\/2023\/10\/maro-logo.svg\",\"contentUrl\":\"https:\/\/www.maroservice.it\/wp-content\/uploads\/2023\/10\/maro-logo.svg\",\"width\":\"1024\",\"height\":\"1024\",\"caption\":\"Maro Garden Design & Landscape\"},\"image\":{\"@id\":\"https:\/\/www.maroservice.it\/#\/schema\/logo\/image\/\"}}]}<\/script>\n<!-- \/ Yoast SEO plugin. -->","yoast_head_json":{"title":"Augustus Hotel &amp; Resort \u2013 Une oasis de luxe dans le c\u0153ur vert de Forte dei Marmi | Maro Service","robots":{"index":"index","follow":"follow","max-snippet":"max-snippet:-1","max-image-preview":"max-image-preview:large","max-video-preview":"max-video-preview:-1"},"canonical":"https:\/\/www.maroservice.it\/fr\/projets-realisations-jardins-parcs\/parc-jardin-augustus-hotel-resort\/","og_locale":"fr_FR","og_type":"article","og_title":"Augustus Hotel &amp; Resort \u2013 Une oasis de luxe dans le c\u0153ur vert de Forte dei Marmi | Maro Service","og_description":"L\u2019Augustus Hotel &amp; Resort est un h\u00f4tel cinq \u00e9toiles exclusif immerg\u00e9 dans un vaste parc verdoyant au c\u0153ur de Forte dei Marmi, en Toscane. Le complexe comprend plusieurs structures, dont la Villa Pesenti, La Nave, l\u2019embl\u00e9matique Villa Agnelli et une s\u00e9rie d\u2019\u00e9l\u00e9gantes villas. Ces derni\u00e8res, toutes dot\u00e9es de leurs propres jardins et terrasses, offrent aux [&hellip;]","og_url":"https:\/\/www.maroservice.it\/fr\/projets-realisations-jardins-parcs\/parc-jardin-augustus-hotel-resort\/","og_site_name":"Maro Service","article_modified_time":"2025-08-17T00:24:03+00:00","og_image":[{"width":1900,"height":1280,"url":"https:\/\/www.maroservice.it\/wp-content\/uploads\/2025\/08\/augustus-hotel-resort-forte-dei-marmi-ingresso-01.webp","type":"image\/webp"}],"twitter_card":"summary_large_image","twitter_misc":{"Dur\u00e9e de lecture estim\u00e9e":"2 minutes"},"schema":{"@context":"https:\/\/schema.org","@graph":[{"@type":"WebPage","@id":"https:\/\/www.maroservice.it\/fr\/projets-realisations-jardins-parcs\/parc-jardin-augustus-hotel-resort\/","url":"https:\/\/www.maroservice.it\/fr\/projets-realisations-jardins-parcs\/parc-jardin-augustus-hotel-resort\/","name":"Augustus Hotel &amp; Resort \u2013 Une oasis de luxe dans le c\u0153ur vert de Forte dei Marmi | Maro Service","isPartOf":{"@id":"https:\/\/www.maroservice.it\/#website"},"primaryImageOfPage":{"@id":"https:\/\/www.maroservice.it\/fr\/projets-realisations-jardins-parcs\/parc-jardin-augustus-hotel-resort\/#primaryimage"},"image":{"@id":"https:\/\/www.maroservice.it\/fr\/projets-realisations-jardins-parcs\/parc-jardin-augustus-hotel-resort\/#primaryimage"},"thumbnailUrl":"https:\/\/www.maroservice.it\/wp-content\/uploads\/2025\/08\/augustus-hotel-resort-forte-dei-marmi-ingresso-01.webp","datePublished":"2024-10-17T23:31:04+00:00","dateModified":"2025-08-17T00:24:03+00:00","breadcrumb":{"@id":"https:\/\/www.maroservice.it\/fr\/projets-realisations-jardins-parcs\/parc-jardin-augustus-hotel-resort\/#breadcrumb"},"inLanguage":"fr-FR","potentialAction":[{"@type":"ReadAction","target":["https:\/\/www.maroservice.it\/fr\/projets-realisations-jardins-parcs\/parc-jardin-augustus-hotel-resort\/"]}]},{"@type":"ImageObject","inLanguage":"fr-FR","@id":"https:\/\/www.maroservice.it\/fr\/projets-realisations-jardins-parcs\/parc-jardin-augustus-hotel-resort\/#primaryimage","url":"https:\/\/www.maroservice.it\/wp-content\/uploads\/2025\/08\/augustus-hotel-resort-forte-dei-marmi-ingresso-01.webp","contentUrl":"https:\/\/www.maroservice.it\/wp-content\/uploads\/2025\/08\/augustus-hotel-resort-forte-dei-marmi-ingresso-01.webp","width":1900,"height":1280},{"@type":"BreadcrumbList","@id":"https:\/\/www.maroservice.it\/fr\/projets-realisations-jardins-parcs\/parc-jardin-augustus-hotel-resort\/#breadcrumb","itemListElement":[{"@type":"ListItem","position":1,"name":"Home","item":"https:\/\/www.maroservice.it\/fr\/"},{"@type":"ListItem","position":2,"name":"Nos projets de jardins et de parcs\u00a0: Nature et design en harmonie","item":"https:\/\/www.maroservice.it\/fr\/projets-realisations-jardins-parcs\/"},{"@type":"ListItem","position":3,"name":"Augustus Hotel &amp; Resort \u2013 Une oasis de luxe dans le c\u0153ur vert de Forte dei Marmi"}]},{"@type":"WebSite","@id":"https:\/\/www.maroservice.it\/#website","url":"https:\/\/www.maroservice.it\/","name":"Maro Garden Design & Landscape","description":"Garden Design &amp; Landscape","publisher":{"@id":"https:\/\/www.maroservice.it\/#organization"},"alternateName":"Maro Service","potentialAction":[{"@type":"SearchAction","target":{"@type":"EntryPoint","urlTemplate":"https:\/\/www.maroservice.it\/?s={search_term_string}"},"query-input":{"@type":"PropertyValueSpecification","valueRequired":true,"valueName":"search_term_string"}}],"inLanguage":"fr-FR"},{"@type":"Organization","@id":"https:\/\/www.maroservice.it\/#organization","name":"Maro Garden Design & Landscape","url":"https:\/\/www.maroservice.it\/","logo":{"@type":"ImageObject","inLanguage":"fr-FR","@id":"https:\/\/www.maroservice.it\/#\/schema\/logo\/image\/","url":"https:\/\/www.maroservice.it\/wp-content\/uploads\/2023\/10\/maro-logo.svg","contentUrl":"https:\/\/www.maroservice.it\/wp-content\/uploads\/2023\/10\/maro-logo.svg","width":"1024","height":"1024","caption":"Maro Garden Design & Landscape"},"image":{"@id":"https:\/\/www.maroservice.it\/#\/schema\/logo\/image\/"}}]}},"_links":{"self":[{"href":"https:\/\/www.maroservice.it\/fr\/wp-json\/wp\/v2\/pages\/1442","targetHints":{"allow":["GET"]}}],"collection":[{"href":"https:\/\/www.maroservice.it\/fr\/wp-json\/wp\/v2\/pages"}],"about":[{"href":"https:\/\/www.maroservice.it\/fr\/wp-json\/wp\/v2\/types\/page"}],"author":[{"embeddable":true,"href":"https:\/\/www.maroservice.it\/fr\/wp-json\/wp\/v2\/users\/1"}],"replies":[{"embeddable":true,"href":"https:\/\/www.maroservice.it\/fr\/wp-json\/wp\/v2\/comments?post=1442"}],"version-history":[{"count":6,"href":"https:\/\/www.maroservice.it\/fr\/wp-json\/wp\/v2\/pages\/1442\/revisions"}],"predecessor-version":[{"id":2182,"href":"https:\/\/www.maroservice.it\/fr\/wp-json\/wp\/v2\/pages\/1442\/revisions\/2182"}],"up":[{"embeddable":true,"href":"https:\/\/www.maroservice.it\/fr\/wp-json\/wp\/v2\/pages\/1263"}],"wp:featuredmedia":[{"embeddable":true,"href":"https:\/\/www.maroservice.it\/fr\/wp-json\/wp\/v2\/media\/2075"}],"wp:attachment":[{"href":"https:\/\/www.maroservice.it\/fr\/wp-json\/wp\/v2\/media?parent=1442"}],"curies":[{"name":"wp","href":"https:\/\/api.w.org\/{rel}","templated":true}]}}