{"id":1475,"date":"2024-10-18T01:31:04","date_gmt":"2024-10-17T23:31:04","guid":{"rendered":"https:\/\/www.maroservice.it\/projets-realisations-jardins-parcs\/bagno-gilda-forte-dei-marmi\/"},"modified":"2024-11-21T01:00:33","modified_gmt":"2024-11-21T00:00:33","slug":"bagno-gilda-forte-dei-marmi","status":"publish","type":"page","link":"https:\/\/www.maroservice.it\/fr\/projets-realisations-jardins-parcs\/bagno-gilda-forte-dei-marmi\/","title":{"rendered":"Bagno Gilda &#8211; Forte dei Marmi\u00a0"},"content":{"rendered":"\n<h3 class=\"wp-block-heading project-details__title-1\">Situ\u00e9 dans le cadre enchanteur de Forte dei Marmi, le Bagno Ristorante Gilda est un point de r\u00e9f\u00e9rence pour ceux qui souhaitent vivre une exp\u00e9rience exclusive de d\u00e9tente et de gastronomie, immerg\u00e9s dans la beaut\u00e9 de la c\u00f4te toscane. <\/h3>\n\n\n\n<p>MaRo Service s\u2019occupe de l\u2019entretien des espaces verts qui enrichissent l\u2019atmosph\u00e8re du Bagno Ristorante, en veillant \u00e0 chaque d\u00e9tail pour maintenir le jardin en parfait \u00e9tat. Outre les espaces verts de la plage, MaRo Service s\u2019occupe \u00e9galement de toutes les installations en pot des espaces int\u00e9rieurs, en utilisant des plantes \u00e0 feuilles persistantes et \u00e0 fleurs pour d\u00e9corer la salle \u00e0 manger, contribuant ainsi \u00e0 cr\u00e9er un environnement \u00e9l\u00e9gant et accueillant pour les clients.<\/p>\n","protected":false},"excerpt":{"rendered":"<p>Situ\u00e9 dans le cadre enchanteur de Forte dei Marmi, le Bagno Ristorante Gilda est un point de r\u00e9f\u00e9rence pour ceux qui souhaitent vivre une exp\u00e9rience exclusive de d\u00e9tente et de gastronomie, immerg\u00e9s dans la beaut\u00e9 de la c\u00f4te toscane. MaRo Service s\u2019occupe de l\u2019entretien des espaces verts qui enrichissent l\u2019atmosph\u00e8re du Bagno Ristorante, en veillant [&hellip;]<\/p>\n","protected":false},"author":1,"featured_media":1477,"parent":1263,"menu_order":0,"comment_status":"closed","ping_status":"closed","template":"template-project.php","meta":{"_acf_changed":false,"inline_featured_image":false,"footnotes":""},"class_list":["post-1475","page","type-page","status-publish","has-post-thumbnail","hentry"],"acf":[],"yoast_head":"<!-- This site is optimized with the Yoast SEO plugin v27.2 - https:\/\/yoast.com\/product\/yoast-seo-wordpress\/ -->\n<title>Bagno Gilda - Forte dei Marmi\u00a0 | Maro Service<\/title>\n<meta name=\"robots\" content=\"index, follow, max-snippet:-1, max-image-preview:large, max-video-preview:-1\" \/>\n<link rel=\"canonical\" href=\"https:\/\/www.maroservice.it\/fr\/projets-realisations-jardins-parcs\/bagno-gilda-forte-dei-marmi\/\" \/>\n<meta property=\"og:locale\" content=\"fr_FR\" \/>\n<meta property=\"og:type\" content=\"article\" \/>\n<meta property=\"og:title\" content=\"Bagno Gilda - Forte dei Marmi\u00a0 | Maro Service\" \/>\n<meta property=\"og:description\" content=\"Situ\u00e9 dans le cadre enchanteur de Forte dei Marmi, le Bagno Ristorante Gilda est un point de r\u00e9f\u00e9rence pour ceux qui souhaitent vivre une exp\u00e9rience exclusive de d\u00e9tente et de gastronomie, immerg\u00e9s dans la beaut\u00e9 de la c\u00f4te toscane. MaRo Service s\u2019occupe de l\u2019entretien des espaces verts qui enrichissent l\u2019atmosph\u00e8re du Bagno Ristorante, en veillant [&hellip;]\" \/>\n<meta property=\"og:url\" content=\"https:\/\/www.maroservice.it\/fr\/projets-realisations-jardins-parcs\/bagno-gilda-forte-dei-marmi\/\" \/>\n<meta property=\"og:site_name\" content=\"Maro Service\" \/>\n<meta property=\"article:modified_time\" content=\"2024-11-21T00:00:33+00:00\" \/>\n<meta property=\"og:image\" content=\"https:\/\/www.maroservice.it\/wp-content\/uploads\/2024\/10\/Copia-di-MaRo-0174.webp\" \/>\n\t<meta property=\"og:image:width\" content=\"1920\" \/>\n\t<meta property=\"og:image:height\" content=\"1280\" \/>\n\t<meta property=\"og:image:type\" content=\"image\/webp\" \/>\n<meta name=\"twitter:card\" content=\"summary_large_image\" \/>\n<meta name=\"twitter:label1\" content=\"Dur\u00e9e de lecture estim\u00e9e\" \/>\n\t<meta name=\"twitter:data1\" content=\"1 minute\" \/>\n<script type=\"application\/ld+json\" class=\"yoast-schema-graph\">{\"@context\":\"https:\/\/schema.org\",\"@graph\":[{\"@type\":\"WebPage\",\"@id\":\"https:\/\/www.maroservice.it\/fr\/projets-realisations-jardins-parcs\/bagno-gilda-forte-dei-marmi\/\",\"url\":\"https:\/\/www.maroservice.it\/fr\/projets-realisations-jardins-parcs\/bagno-gilda-forte-dei-marmi\/\",\"name\":\"Bagno Gilda - Forte dei Marmi\u00a0 | Maro Service\",\"isPartOf\":{\"@id\":\"https:\/\/www.maroservice.it\/#website\"},\"primaryImageOfPage\":{\"@id\":\"https:\/\/www.maroservice.it\/fr\/projets-realisations-jardins-parcs\/bagno-gilda-forte-dei-marmi\/#primaryimage\"},\"image\":{\"@id\":\"https:\/\/www.maroservice.it\/fr\/projets-realisations-jardins-parcs\/bagno-gilda-forte-dei-marmi\/#primaryimage\"},\"thumbnailUrl\":\"https:\/\/www.maroservice.it\/wp-content\/uploads\/2024\/10\/Copia-di-MaRo-0174.webp\",\"datePublished\":\"2024-10-17T23:31:04+00:00\",\"dateModified\":\"2024-11-21T00:00:33+00:00\",\"breadcrumb\":{\"@id\":\"https:\/\/www.maroservice.it\/fr\/projets-realisations-jardins-parcs\/bagno-gilda-forte-dei-marmi\/#breadcrumb\"},\"inLanguage\":\"fr-FR\",\"potentialAction\":[{\"@type\":\"ReadAction\",\"target\":[\"https:\/\/www.maroservice.it\/fr\/projets-realisations-jardins-parcs\/bagno-gilda-forte-dei-marmi\/\"]}]},{\"@type\":\"ImageObject\",\"inLanguage\":\"fr-FR\",\"@id\":\"https:\/\/www.maroservice.it\/fr\/projets-realisations-jardins-parcs\/bagno-gilda-forte-dei-marmi\/#primaryimage\",\"url\":\"https:\/\/www.maroservice.it\/wp-content\/uploads\/2024\/10\/Copia-di-MaRo-0174.webp\",\"contentUrl\":\"https:\/\/www.maroservice.it\/wp-content\/uploads\/2024\/10\/Copia-di-MaRo-0174.webp\",\"width\":1920,\"height\":1280},{\"@type\":\"BreadcrumbList\",\"@id\":\"https:\/\/www.maroservice.it\/fr\/projets-realisations-jardins-parcs\/bagno-gilda-forte-dei-marmi\/#breadcrumb\",\"itemListElement\":[{\"@type\":\"ListItem\",\"position\":1,\"name\":\"Home\",\"item\":\"https:\/\/www.maroservice.it\/fr\/\"},{\"@type\":\"ListItem\",\"position\":2,\"name\":\"Nos projets de jardins et de parcs\u00a0: Nature et design en harmonie\",\"item\":\"https:\/\/www.maroservice.it\/fr\/projets-realisations-jardins-parcs\/\"},{\"@type\":\"ListItem\",\"position\":3,\"name\":\"Bagno Gilda &#8211; Forte dei Marmi\u00a0\"}]},{\"@type\":\"WebSite\",\"@id\":\"https:\/\/www.maroservice.it\/#website\",\"url\":\"https:\/\/www.maroservice.it\/\",\"name\":\"Maro Garden Design & Landscape\",\"description\":\"Garden Design &amp; Landscape\",\"publisher\":{\"@id\":\"https:\/\/www.maroservice.it\/#organization\"},\"alternateName\":\"Maro Service\",\"potentialAction\":[{\"@type\":\"SearchAction\",\"target\":{\"@type\":\"EntryPoint\",\"urlTemplate\":\"https:\/\/www.maroservice.it\/?s={search_term_string}\"},\"query-input\":{\"@type\":\"PropertyValueSpecification\",\"valueRequired\":true,\"valueName\":\"search_term_string\"}}],\"inLanguage\":\"fr-FR\"},{\"@type\":\"Organization\",\"@id\":\"https:\/\/www.maroservice.it\/#organization\",\"name\":\"Maro Garden Design & Landscape\",\"url\":\"https:\/\/www.maroservice.it\/\",\"logo\":{\"@type\":\"ImageObject\",\"inLanguage\":\"fr-FR\",\"@id\":\"https:\/\/www.maroservice.it\/#\/schema\/logo\/image\/\",\"url\":\"https:\/\/www.maroservice.it\/wp-content\/uploads\/2023\/10\/maro-logo.svg\",\"contentUrl\":\"https:\/\/www.maroservice.it\/wp-content\/uploads\/2023\/10\/maro-logo.svg\",\"width\":\"1024\",\"height\":\"1024\",\"caption\":\"Maro Garden Design & Landscape\"},\"image\":{\"@id\":\"https:\/\/www.maroservice.it\/#\/schema\/logo\/image\/\"}}]}<\/script>\n<!-- \/ Yoast SEO plugin. -->","yoast_head_json":{"title":"Bagno Gilda - Forte dei Marmi\u00a0 | Maro Service","robots":{"index":"index","follow":"follow","max-snippet":"max-snippet:-1","max-image-preview":"max-image-preview:large","max-video-preview":"max-video-preview:-1"},"canonical":"https:\/\/www.maroservice.it\/fr\/projets-realisations-jardins-parcs\/bagno-gilda-forte-dei-marmi\/","og_locale":"fr_FR","og_type":"article","og_title":"Bagno Gilda - Forte dei Marmi\u00a0 | Maro Service","og_description":"Situ\u00e9 dans le cadre enchanteur de Forte dei Marmi, le Bagno Ristorante Gilda est un point de r\u00e9f\u00e9rence pour ceux qui souhaitent vivre une exp\u00e9rience exclusive de d\u00e9tente et de gastronomie, immerg\u00e9s dans la beaut\u00e9 de la c\u00f4te toscane. MaRo Service s\u2019occupe de l\u2019entretien des espaces verts qui enrichissent l\u2019atmosph\u00e8re du Bagno Ristorante, en veillant [&hellip;]","og_url":"https:\/\/www.maroservice.it\/fr\/projets-realisations-jardins-parcs\/bagno-gilda-forte-dei-marmi\/","og_site_name":"Maro Service","article_modified_time":"2024-11-21T00:00:33+00:00","og_image":[{"width":1920,"height":1280,"url":"https:\/\/www.maroservice.it\/wp-content\/uploads\/2024\/10\/Copia-di-MaRo-0174.webp","type":"image\/webp"}],"twitter_card":"summary_large_image","twitter_misc":{"Dur\u00e9e de lecture estim\u00e9e":"1 minute"},"schema":{"@context":"https:\/\/schema.org","@graph":[{"@type":"WebPage","@id":"https:\/\/www.maroservice.it\/fr\/projets-realisations-jardins-parcs\/bagno-gilda-forte-dei-marmi\/","url":"https:\/\/www.maroservice.it\/fr\/projets-realisations-jardins-parcs\/bagno-gilda-forte-dei-marmi\/","name":"Bagno Gilda - Forte dei Marmi\u00a0 | Maro Service","isPartOf":{"@id":"https:\/\/www.maroservice.it\/#website"},"primaryImageOfPage":{"@id":"https:\/\/www.maroservice.it\/fr\/projets-realisations-jardins-parcs\/bagno-gilda-forte-dei-marmi\/#primaryimage"},"image":{"@id":"https:\/\/www.maroservice.it\/fr\/projets-realisations-jardins-parcs\/bagno-gilda-forte-dei-marmi\/#primaryimage"},"thumbnailUrl":"https:\/\/www.maroservice.it\/wp-content\/uploads\/2024\/10\/Copia-di-MaRo-0174.webp","datePublished":"2024-10-17T23:31:04+00:00","dateModified":"2024-11-21T00:00:33+00:00","breadcrumb":{"@id":"https:\/\/www.maroservice.it\/fr\/projets-realisations-jardins-parcs\/bagno-gilda-forte-dei-marmi\/#breadcrumb"},"inLanguage":"fr-FR","potentialAction":[{"@type":"ReadAction","target":["https:\/\/www.maroservice.it\/fr\/projets-realisations-jardins-parcs\/bagno-gilda-forte-dei-marmi\/"]}]},{"@type":"ImageObject","inLanguage":"fr-FR","@id":"https:\/\/www.maroservice.it\/fr\/projets-realisations-jardins-parcs\/bagno-gilda-forte-dei-marmi\/#primaryimage","url":"https:\/\/www.maroservice.it\/wp-content\/uploads\/2024\/10\/Copia-di-MaRo-0174.webp","contentUrl":"https:\/\/www.maroservice.it\/wp-content\/uploads\/2024\/10\/Copia-di-MaRo-0174.webp","width":1920,"height":1280},{"@type":"BreadcrumbList","@id":"https:\/\/www.maroservice.it\/fr\/projets-realisations-jardins-parcs\/bagno-gilda-forte-dei-marmi\/#breadcrumb","itemListElement":[{"@type":"ListItem","position":1,"name":"Home","item":"https:\/\/www.maroservice.it\/fr\/"},{"@type":"ListItem","position":2,"name":"Nos projets de jardins et de parcs\u00a0: Nature et design en harmonie","item":"https:\/\/www.maroservice.it\/fr\/projets-realisations-jardins-parcs\/"},{"@type":"ListItem","position":3,"name":"Bagno Gilda &#8211; Forte dei Marmi\u00a0"}]},{"@type":"WebSite","@id":"https:\/\/www.maroservice.it\/#website","url":"https:\/\/www.maroservice.it\/","name":"Maro Garden Design & Landscape","description":"Garden Design &amp; Landscape","publisher":{"@id":"https:\/\/www.maroservice.it\/#organization"},"alternateName":"Maro Service","potentialAction":[{"@type":"SearchAction","target":{"@type":"EntryPoint","urlTemplate":"https:\/\/www.maroservice.it\/?s={search_term_string}"},"query-input":{"@type":"PropertyValueSpecification","valueRequired":true,"valueName":"search_term_string"}}],"inLanguage":"fr-FR"},{"@type":"Organization","@id":"https:\/\/www.maroservice.it\/#organization","name":"Maro Garden Design & Landscape","url":"https:\/\/www.maroservice.it\/","logo":{"@type":"ImageObject","inLanguage":"fr-FR","@id":"https:\/\/www.maroservice.it\/#\/schema\/logo\/image\/","url":"https:\/\/www.maroservice.it\/wp-content\/uploads\/2023\/10\/maro-logo.svg","contentUrl":"https:\/\/www.maroservice.it\/wp-content\/uploads\/2023\/10\/maro-logo.svg","width":"1024","height":"1024","caption":"Maro Garden Design & Landscape"},"image":{"@id":"https:\/\/www.maroservice.it\/#\/schema\/logo\/image\/"}}]}},"_links":{"self":[{"href":"https:\/\/www.maroservice.it\/fr\/wp-json\/wp\/v2\/pages\/1475","targetHints":{"allow":["GET"]}}],"collection":[{"href":"https:\/\/www.maroservice.it\/fr\/wp-json\/wp\/v2\/pages"}],"about":[{"href":"https:\/\/www.maroservice.it\/fr\/wp-json\/wp\/v2\/types\/page"}],"author":[{"embeddable":true,"href":"https:\/\/www.maroservice.it\/fr\/wp-json\/wp\/v2\/users\/1"}],"replies":[{"embeddable":true,"href":"https:\/\/www.maroservice.it\/fr\/wp-json\/wp\/v2\/comments?post=1475"}],"version-history":[{"count":1,"href":"https:\/\/www.maroservice.it\/fr\/wp-json\/wp\/v2\/pages\/1475\/revisions"}],"predecessor-version":[{"id":1485,"href":"https:\/\/www.maroservice.it\/fr\/wp-json\/wp\/v2\/pages\/1475\/revisions\/1485"}],"up":[{"embeddable":true,"href":"https:\/\/www.maroservice.it\/fr\/wp-json\/wp\/v2\/pages\/1263"}],"wp:featuredmedia":[{"embeddable":true,"href":"https:\/\/www.maroservice.it\/fr\/wp-json\/wp\/v2\/media\/1477"}],"wp:attachment":[{"href":"https:\/\/www.maroservice.it\/fr\/wp-json\/wp\/v2\/media?parent=1475"}],"curies":[{"name":"wp","href":"https:\/\/api.w.org\/{rel}","templated":true}]}}