{"id":1492,"date":"2024-10-18T01:31:04","date_gmt":"2024-10-17T23:31:04","guid":{"rendered":"https:\/\/www.maroservice.it\/projets-realisations-jardins-parcs\/prrogetto-3\/"},"modified":"2025-08-17T00:11:47","modified_gmt":"2025-08-16T22:11:47","slug":"hermitage-hotel-resort","status":"publish","type":"page","link":"https:\/\/www.maroservice.it\/fr\/projets-realisations-jardins-parcs\/hermitage-hotel-resort\/","title":{"rendered":"Hermitage Hotel &amp; Resort \u2013 Une oasis de verdure \u00e0 Forte dei Marmi"},"content":{"rendered":"\n<p><strong>L\u2019Hermitage Hotel &amp; Resort, une \u00e9l\u00e9gante structure quatre \u00e9toiles encadr\u00e9e par les Alpes Apuanes<\/strong>, offre \u00e0 ses h\u00f4tes une exp\u00e9rience unique gr\u00e2ce \u00e0 son immense parc de plus de 15&nbsp;000&nbsp;m<sup>2<\/sup>. Situ\u00e9 dans le quartier r\u00e9sidentiel paisible de Forte dei Marmi et \u00e0 une courte distance du centre, l\u2019h\u00f4tel est immerg\u00e9 dans un vaste jardin qui repr\u00e9sente le c\u0153ur vert de la structure.<\/p>\n\n\n\n<p><strong>MaRo Service s\u2019occupe de la gestion et de l\u2019entretien du parc de l\u2019h\u00f4tel,<\/strong> en veillant \u00e0 ce que les pins centenaires, les hortensias luxuriants, les g\u00e9raniums, les roses et les gard\u00e9nias qui enrichissent ce coin de nature soient toujours en pleine sant\u00e9. Les terrasses des chambres et des suites, ainsi que le bar et le restaurant, donnent sur ce splendide jardin, cr\u00e9ant une harmonie parfaite entre les espaces int\u00e9rieurs et ext\u00e9rieurs, tandis que les zones de d\u00e9tente diss\u00e9min\u00e9es dans le parc offrent des salons naturels o\u00f9 les clients peuvent profiter de la tranquillit\u00e9 de la verdure. <\/p>\n\n\n\n<p>Une zone est r\u00e9serv\u00e9e aux plus jeunes, avec une aire de jeux am\u00e9nag\u00e9e pour leur plaisir.<\/p>\n\n\n\n<h3 class=\"wp-block-heading project-details__title-1\">L\u2019un des fleurons du parc est le magnifique potager ornemental, cr\u00e9\u00e9 et entretenu par MaRo service.<\/h3>\n\n\n\n<p>Ce potager n\u2019est pas seulement un \u00e9l\u00e9ment esth\u00e9tique, il a aussi une fonction pratique, puisque les d\u00e9lices cultiv\u00e9s sont utilis\u00e9s dans la cuisine du restaurant de l\u2019h\u00f4tel. Riche en produits de saison, le potager est une source de fiert\u00e9 pour MaRo service et l\u2019Hermitage, et il est \u00e9galement le th\u00e9\u00e2tre d\u2019activit\u00e9s passionnantes pour les enfants, qui ont l\u2019occasion de d\u00e9couvrir les plaisirs de la culture et de la nature.<\/p>\n\n\n\n<div class=\"wp-block-columns is-layout-flex wp-container-core-columns-is-layout-9d6595d7 wp-block-columns-is-layout-flex\">\n<div class=\"wp-block-column is-layout-flow wp-block-column-is-layout-flow\">\n<figure class=\"wp-block-image size-large\"><img loading=\"lazy\" decoding=\"async\" width=\"1024\" height=\"690\" src=\"https:\/\/www.maroservice.it\/wp-content\/uploads\/2025\/08\/Hotel-Hermitage-forte.dei-marmi-orto-ornamentale-02-1024x690.webp\" alt=\"\" class=\"wp-image-1957\" srcset=\"https:\/\/www.maroservice.it\/wp-content\/uploads\/2025\/08\/Hotel-Hermitage-forte.dei-marmi-orto-ornamentale-02-1024x690.webp 1024w, https:\/\/www.maroservice.it\/wp-content\/uploads\/2025\/08\/Hotel-Hermitage-forte.dei-marmi-orto-ornamentale-02-300x202.webp 300w, https:\/\/www.maroservice.it\/wp-content\/uploads\/2025\/08\/Hotel-Hermitage-forte.dei-marmi-orto-ornamentale-02-768x517.webp 768w, https:\/\/www.maroservice.it\/wp-content\/uploads\/2025\/08\/Hotel-Hermitage-forte.dei-marmi-orto-ornamentale-02-1536x1035.webp 1536w, https:\/\/www.maroservice.it\/wp-content\/uploads\/2025\/08\/Hotel-Hermitage-forte.dei-marmi-orto-ornamentale-02.webp 1900w\" sizes=\"auto, (max-width: 1024px) 100vw, 1024px\" \/><\/figure>\n<\/div>\n\n\n\n<div class=\"wp-block-column is-layout-flow wp-block-column-is-layout-flow\">\n<figure class=\"wp-block-image size-large\"><img loading=\"lazy\" decoding=\"async\" width=\"1024\" height=\"690\" src=\"https:\/\/www.maroservice.it\/wp-content\/uploads\/2025\/08\/Hotel-Hermitage-forte.dei-marmi-orto-ornamentale-07-1024x690.webp\" alt=\"\" class=\"wp-image-1977\" srcset=\"https:\/\/www.maroservice.it\/wp-content\/uploads\/2025\/08\/Hotel-Hermitage-forte.dei-marmi-orto-ornamentale-07-1024x690.webp 1024w, https:\/\/www.maroservice.it\/wp-content\/uploads\/2025\/08\/Hotel-Hermitage-forte.dei-marmi-orto-ornamentale-07-300x202.webp 300w, https:\/\/www.maroservice.it\/wp-content\/uploads\/2025\/08\/Hotel-Hermitage-forte.dei-marmi-orto-ornamentale-07-768x517.webp 768w, https:\/\/www.maroservice.it\/wp-content\/uploads\/2025\/08\/Hotel-Hermitage-forte.dei-marmi-orto-ornamentale-07-1536x1035.webp 1536w, https:\/\/www.maroservice.it\/wp-content\/uploads\/2025\/08\/Hotel-Hermitage-forte.dei-marmi-orto-ornamentale-07.webp 1900w\" sizes=\"auto, (max-width: 1024px) 100vw, 1024px\" \/><\/figure>\n<\/div>\n<\/div>\n","protected":false},"excerpt":{"rendered":"<p>L\u2019Hermitage Hotel &amp; Resort, une \u00e9l\u00e9gante structure quatre \u00e9toiles encadr\u00e9e par les Alpes Apuanes, offre \u00e0 ses h\u00f4tes une exp\u00e9rience unique gr\u00e2ce \u00e0 son immense parc de plus de 15&nbsp;000&nbsp;m2. Situ\u00e9 dans le quartier r\u00e9sidentiel paisible de Forte dei Marmi et \u00e0 une courte distance du centre, l\u2019h\u00f4tel est immerg\u00e9 dans un vaste jardin qui [&hellip;]<\/p>\n","protected":false},"author":1,"featured_media":1493,"parent":1263,"menu_order":0,"comment_status":"closed","ping_status":"closed","template":"template-project.php","meta":{"_acf_changed":false,"inline_featured_image":false,"footnotes":""},"class_list":["post-1492","page","type-page","status-publish","has-post-thumbnail","hentry"],"acf":[],"yoast_head":"<!-- This site is optimized with the Yoast SEO plugin v27.2 - https:\/\/yoast.com\/product\/yoast-seo-wordpress\/ -->\n<title>Hermitage Hotel &amp; Resort \u2013 Une oasis de verdure \u00e0 Forte dei Marmi | Maro Service<\/title>\n<meta name=\"robots\" content=\"index, follow, max-snippet:-1, max-image-preview:large, max-video-preview:-1\" \/>\n<link rel=\"canonical\" href=\"https:\/\/www.maroservice.it\/fr\/projets-realisations-jardins-parcs\/hermitage-hotel-resort\/\" \/>\n<meta property=\"og:locale\" content=\"fr_FR\" \/>\n<meta property=\"og:type\" content=\"article\" \/>\n<meta property=\"og:title\" content=\"Hermitage Hotel &amp; Resort \u2013 Une oasis de verdure \u00e0 Forte dei Marmi | Maro Service\" \/>\n<meta property=\"og:description\" content=\"L\u2019Hermitage Hotel &amp; Resort, une \u00e9l\u00e9gante structure quatre \u00e9toiles encadr\u00e9e par les Alpes Apuanes, offre \u00e0 ses h\u00f4tes une exp\u00e9rience unique gr\u00e2ce \u00e0 son immense parc de plus de 15&nbsp;000&nbsp;m2. Situ\u00e9 dans le quartier r\u00e9sidentiel paisible de Forte dei Marmi et \u00e0 une courte distance du centre, l\u2019h\u00f4tel est immerg\u00e9 dans un vaste jardin qui [&hellip;]\" \/>\n<meta property=\"og:url\" content=\"https:\/\/www.maroservice.it\/fr\/projets-realisations-jardins-parcs\/hermitage-hotel-resort\/\" \/>\n<meta property=\"og:site_name\" content=\"Maro Service\" \/>\n<meta property=\"article:modified_time\" content=\"2025-08-16T22:11:47+00:00\" \/>\n<meta property=\"og:image\" content=\"https:\/\/www.maroservice.it\/wp-content\/uploads\/2024\/10\/Copia-di-MaRo-0142.webp\" \/>\n\t<meta property=\"og:image:width\" content=\"1920\" \/>\n\t<meta property=\"og:image:height\" content=\"1280\" \/>\n\t<meta property=\"og:image:type\" content=\"image\/webp\" \/>\n<meta name=\"twitter:card\" content=\"summary_large_image\" \/>\n<meta name=\"twitter:label1\" content=\"Dur\u00e9e de lecture estim\u00e9e\" \/>\n\t<meta name=\"twitter:data1\" content=\"2 minutes\" \/>\n<script type=\"application\/ld+json\" class=\"yoast-schema-graph\">{\"@context\":\"https:\/\/schema.org\",\"@graph\":[{\"@type\":\"WebPage\",\"@id\":\"https:\/\/www.maroservice.it\/fr\/projets-realisations-jardins-parcs\/hermitage-hotel-resort\/\",\"url\":\"https:\/\/www.maroservice.it\/fr\/projets-realisations-jardins-parcs\/hermitage-hotel-resort\/\",\"name\":\"Hermitage Hotel &amp; Resort \u2013 Une oasis de verdure \u00e0 Forte dei Marmi | Maro Service\",\"isPartOf\":{\"@id\":\"https:\/\/www.maroservice.it\/#website\"},\"primaryImageOfPage\":{\"@id\":\"https:\/\/www.maroservice.it\/fr\/projets-realisations-jardins-parcs\/hermitage-hotel-resort\/#primaryimage\"},\"image\":{\"@id\":\"https:\/\/www.maroservice.it\/fr\/projets-realisations-jardins-parcs\/hermitage-hotel-resort\/#primaryimage\"},\"thumbnailUrl\":\"https:\/\/www.maroservice.it\/wp-content\/uploads\/2024\/10\/Copia-di-MaRo-0142.webp\",\"datePublished\":\"2024-10-17T23:31:04+00:00\",\"dateModified\":\"2025-08-16T22:11:47+00:00\",\"breadcrumb\":{\"@id\":\"https:\/\/www.maroservice.it\/fr\/projets-realisations-jardins-parcs\/hermitage-hotel-resort\/#breadcrumb\"},\"inLanguage\":\"fr-FR\",\"potentialAction\":[{\"@type\":\"ReadAction\",\"target\":[\"https:\/\/www.maroservice.it\/fr\/projets-realisations-jardins-parcs\/hermitage-hotel-resort\/\"]}]},{\"@type\":\"ImageObject\",\"inLanguage\":\"fr-FR\",\"@id\":\"https:\/\/www.maroservice.it\/fr\/projets-realisations-jardins-parcs\/hermitage-hotel-resort\/#primaryimage\",\"url\":\"https:\/\/www.maroservice.it\/wp-content\/uploads\/2024\/10\/Copia-di-MaRo-0142.webp\",\"contentUrl\":\"https:\/\/www.maroservice.it\/wp-content\/uploads\/2024\/10\/Copia-di-MaRo-0142.webp\",\"width\":1920,\"height\":1280},{\"@type\":\"BreadcrumbList\",\"@id\":\"https:\/\/www.maroservice.it\/fr\/projets-realisations-jardins-parcs\/hermitage-hotel-resort\/#breadcrumb\",\"itemListElement\":[{\"@type\":\"ListItem\",\"position\":1,\"name\":\"Home\",\"item\":\"https:\/\/www.maroservice.it\/fr\/\"},{\"@type\":\"ListItem\",\"position\":2,\"name\":\"Nos projets de jardins et de parcs\u00a0: Nature et design en harmonie\",\"item\":\"https:\/\/www.maroservice.it\/fr\/projets-realisations-jardins-parcs\/\"},{\"@type\":\"ListItem\",\"position\":3,\"name\":\"Hermitage Hotel &amp; Resort \u2013 Une oasis de verdure \u00e0 Forte dei Marmi\"}]},{\"@type\":\"WebSite\",\"@id\":\"https:\/\/www.maroservice.it\/#website\",\"url\":\"https:\/\/www.maroservice.it\/\",\"name\":\"Maro Garden Design & Landscape\",\"description\":\"Garden Design &amp; Landscape\",\"publisher\":{\"@id\":\"https:\/\/www.maroservice.it\/#organization\"},\"alternateName\":\"Maro Service\",\"potentialAction\":[{\"@type\":\"SearchAction\",\"target\":{\"@type\":\"EntryPoint\",\"urlTemplate\":\"https:\/\/www.maroservice.it\/?s={search_term_string}\"},\"query-input\":{\"@type\":\"PropertyValueSpecification\",\"valueRequired\":true,\"valueName\":\"search_term_string\"}}],\"inLanguage\":\"fr-FR\"},{\"@type\":\"Organization\",\"@id\":\"https:\/\/www.maroservice.it\/#organization\",\"name\":\"Maro Garden Design & Landscape\",\"url\":\"https:\/\/www.maroservice.it\/\",\"logo\":{\"@type\":\"ImageObject\",\"inLanguage\":\"fr-FR\",\"@id\":\"https:\/\/www.maroservice.it\/#\/schema\/logo\/image\/\",\"url\":\"https:\/\/www.maroservice.it\/wp-content\/uploads\/2023\/10\/maro-logo.svg\",\"contentUrl\":\"https:\/\/www.maroservice.it\/wp-content\/uploads\/2023\/10\/maro-logo.svg\",\"width\":\"1024\",\"height\":\"1024\",\"caption\":\"Maro Garden Design & Landscape\"},\"image\":{\"@id\":\"https:\/\/www.maroservice.it\/#\/schema\/logo\/image\/\"}}]}<\/script>\n<!-- \/ Yoast SEO plugin. -->","yoast_head_json":{"title":"Hermitage Hotel &amp; Resort \u2013 Une oasis de verdure \u00e0 Forte dei Marmi | Maro Service","robots":{"index":"index","follow":"follow","max-snippet":"max-snippet:-1","max-image-preview":"max-image-preview:large","max-video-preview":"max-video-preview:-1"},"canonical":"https:\/\/www.maroservice.it\/fr\/projets-realisations-jardins-parcs\/hermitage-hotel-resort\/","og_locale":"fr_FR","og_type":"article","og_title":"Hermitage Hotel &amp; Resort \u2013 Une oasis de verdure \u00e0 Forte dei Marmi | Maro Service","og_description":"L\u2019Hermitage Hotel &amp; Resort, une \u00e9l\u00e9gante structure quatre \u00e9toiles encadr\u00e9e par les Alpes Apuanes, offre \u00e0 ses h\u00f4tes une exp\u00e9rience unique gr\u00e2ce \u00e0 son immense parc de plus de 15&nbsp;000&nbsp;m2. Situ\u00e9 dans le quartier r\u00e9sidentiel paisible de Forte dei Marmi et \u00e0 une courte distance du centre, l\u2019h\u00f4tel est immerg\u00e9 dans un vaste jardin qui [&hellip;]","og_url":"https:\/\/www.maroservice.it\/fr\/projets-realisations-jardins-parcs\/hermitage-hotel-resort\/","og_site_name":"Maro Service","article_modified_time":"2025-08-16T22:11:47+00:00","og_image":[{"width":1920,"height":1280,"url":"https:\/\/www.maroservice.it\/wp-content\/uploads\/2024\/10\/Copia-di-MaRo-0142.webp","type":"image\/webp"}],"twitter_card":"summary_large_image","twitter_misc":{"Dur\u00e9e de lecture estim\u00e9e":"2 minutes"},"schema":{"@context":"https:\/\/schema.org","@graph":[{"@type":"WebPage","@id":"https:\/\/www.maroservice.it\/fr\/projets-realisations-jardins-parcs\/hermitage-hotel-resort\/","url":"https:\/\/www.maroservice.it\/fr\/projets-realisations-jardins-parcs\/hermitage-hotel-resort\/","name":"Hermitage Hotel &amp; Resort \u2013 Une oasis de verdure \u00e0 Forte dei Marmi | Maro Service","isPartOf":{"@id":"https:\/\/www.maroservice.it\/#website"},"primaryImageOfPage":{"@id":"https:\/\/www.maroservice.it\/fr\/projets-realisations-jardins-parcs\/hermitage-hotel-resort\/#primaryimage"},"image":{"@id":"https:\/\/www.maroservice.it\/fr\/projets-realisations-jardins-parcs\/hermitage-hotel-resort\/#primaryimage"},"thumbnailUrl":"https:\/\/www.maroservice.it\/wp-content\/uploads\/2024\/10\/Copia-di-MaRo-0142.webp","datePublished":"2024-10-17T23:31:04+00:00","dateModified":"2025-08-16T22:11:47+00:00","breadcrumb":{"@id":"https:\/\/www.maroservice.it\/fr\/projets-realisations-jardins-parcs\/hermitage-hotel-resort\/#breadcrumb"},"inLanguage":"fr-FR","potentialAction":[{"@type":"ReadAction","target":["https:\/\/www.maroservice.it\/fr\/projets-realisations-jardins-parcs\/hermitage-hotel-resort\/"]}]},{"@type":"ImageObject","inLanguage":"fr-FR","@id":"https:\/\/www.maroservice.it\/fr\/projets-realisations-jardins-parcs\/hermitage-hotel-resort\/#primaryimage","url":"https:\/\/www.maroservice.it\/wp-content\/uploads\/2024\/10\/Copia-di-MaRo-0142.webp","contentUrl":"https:\/\/www.maroservice.it\/wp-content\/uploads\/2024\/10\/Copia-di-MaRo-0142.webp","width":1920,"height":1280},{"@type":"BreadcrumbList","@id":"https:\/\/www.maroservice.it\/fr\/projets-realisations-jardins-parcs\/hermitage-hotel-resort\/#breadcrumb","itemListElement":[{"@type":"ListItem","position":1,"name":"Home","item":"https:\/\/www.maroservice.it\/fr\/"},{"@type":"ListItem","position":2,"name":"Nos projets de jardins et de parcs\u00a0: Nature et design en harmonie","item":"https:\/\/www.maroservice.it\/fr\/projets-realisations-jardins-parcs\/"},{"@type":"ListItem","position":3,"name":"Hermitage Hotel &amp; Resort \u2013 Une oasis de verdure \u00e0 Forte dei Marmi"}]},{"@type":"WebSite","@id":"https:\/\/www.maroservice.it\/#website","url":"https:\/\/www.maroservice.it\/","name":"Maro Garden Design & Landscape","description":"Garden Design &amp; Landscape","publisher":{"@id":"https:\/\/www.maroservice.it\/#organization"},"alternateName":"Maro Service","potentialAction":[{"@type":"SearchAction","target":{"@type":"EntryPoint","urlTemplate":"https:\/\/www.maroservice.it\/?s={search_term_string}"},"query-input":{"@type":"PropertyValueSpecification","valueRequired":true,"valueName":"search_term_string"}}],"inLanguage":"fr-FR"},{"@type":"Organization","@id":"https:\/\/www.maroservice.it\/#organization","name":"Maro Garden Design & Landscape","url":"https:\/\/www.maroservice.it\/","logo":{"@type":"ImageObject","inLanguage":"fr-FR","@id":"https:\/\/www.maroservice.it\/#\/schema\/logo\/image\/","url":"https:\/\/www.maroservice.it\/wp-content\/uploads\/2023\/10\/maro-logo.svg","contentUrl":"https:\/\/www.maroservice.it\/wp-content\/uploads\/2023\/10\/maro-logo.svg","width":"1024","height":"1024","caption":"Maro Garden Design & Landscape"},"image":{"@id":"https:\/\/www.maroservice.it\/#\/schema\/logo\/image\/"}}]}},"_links":{"self":[{"href":"https:\/\/www.maroservice.it\/fr\/wp-json\/wp\/v2\/pages\/1492","targetHints":{"allow":["GET"]}}],"collection":[{"href":"https:\/\/www.maroservice.it\/fr\/wp-json\/wp\/v2\/pages"}],"about":[{"href":"https:\/\/www.maroservice.it\/fr\/wp-json\/wp\/v2\/types\/page"}],"author":[{"embeddable":true,"href":"https:\/\/www.maroservice.it\/fr\/wp-json\/wp\/v2\/users\/1"}],"replies":[{"embeddable":true,"href":"https:\/\/www.maroservice.it\/fr\/wp-json\/wp\/v2\/comments?post=1492"}],"version-history":[{"count":4,"href":"https:\/\/www.maroservice.it\/fr\/wp-json\/wp\/v2\/pages\/1492\/revisions"}],"predecessor-version":[{"id":1989,"href":"https:\/\/www.maroservice.it\/fr\/wp-json\/wp\/v2\/pages\/1492\/revisions\/1989"}],"up":[{"embeddable":true,"href":"https:\/\/www.maroservice.it\/fr\/wp-json\/wp\/v2\/pages\/1263"}],"wp:featuredmedia":[{"embeddable":true,"href":"https:\/\/www.maroservice.it\/fr\/wp-json\/wp\/v2\/media\/1493"}],"wp:attachment":[{"href":"https:\/\/www.maroservice.it\/fr\/wp-json\/wp\/v2\/media?parent=1492"}],"curies":[{"name":"wp","href":"https:\/\/api.w.org\/{rel}","templated":true}]}}