{"id":1547,"date":"2024-10-18T01:31:04","date_gmt":"2024-10-17T23:31:04","guid":{"rendered":"https:\/\/www.maroservice.it\/projets-realisations-jardins-parcs\/leo-france-innovazione-e-stile-al-servizio-della-moda\/"},"modified":"2024-11-21T01:27:19","modified_gmt":"2024-11-21T00:27:19","slug":"leo-france-innovation-et-style-au-service-de-la-mode","status":"publish","type":"page","link":"https:\/\/www.maroservice.it\/fr\/projets-realisations-jardins-parcs\/leo-france-innovation-et-style-au-service-de-la-mode\/","title":{"rendered":"Leo France \u2013 Innovation et style au service de la mode"},"content":{"rendered":"\n<p>Depuis plus de quarante ans,<strong> Leo France<\/strong> est une entreprise leader dans la production de bijoux fantaisie et d\u2019accessoires pour certains des noms les plus prestigieux de la mode mondiale.<\/p>\n\n\n\n<h3 class=\"wp-block-heading project-details__title-1\">Le si\u00e8ge de l\u2019entreprise, symbole d\u2019\u00e9l\u00e9gance et de professionnalisme, a r\u00e9cemment b\u00e9n\u00e9fici\u00e9 d\u2019un important r\u00e9am\u00e9nagement.<\/h3>\n\n\n\n<p><strong>MaRo Service s\u2019est charg\u00e9 de la r\u00e9novation des espaces verts \u00e0 l\u2019int\u00e9rieur du si\u00e8ge de l\u2019entreprise avec pour objectif principal d\u2019am\u00e9liorer l\u2019esth\u00e9tique et l\u2019harmonie des espaces.<\/strong><\/p>\n\n\n\n<p>L\u2019intervention comprenait l\u2019introduction de grands arbres, d\u2019arbustes, de plantes vivaces et de plantes \u00e0 fleurs, qui donnent un dynamisme chromatique unique, changeant constamment au fil des saisons. Cette approche n\u2019am\u00e9liore pas seulement l\u2019environnement de travail, mais transmet un sentiment de beaut\u00e9 et de tranquillit\u00e9 qui refl\u00e8te les valeurs de cr\u00e9ativit\u00e9 et de raffinement de Leo France.<\/p>\n\n\n\n<p><\/p>\n","protected":false},"excerpt":{"rendered":"<p>Depuis plus de quarante ans, Leo France est une entreprise leader dans la production de bijoux fantaisie et d\u2019accessoires pour certains des noms les plus prestigieux de la mode mondiale. Le si\u00e8ge de l\u2019entreprise, symbole d\u2019\u00e9l\u00e9gance et de professionnalisme, a r\u00e9cemment b\u00e9n\u00e9fici\u00e9 d\u2019un important r\u00e9am\u00e9nagement. MaRo Service s\u2019est charg\u00e9 de la r\u00e9novation des espaces verts [&hellip;]<\/p>\n","protected":false},"author":1,"featured_media":1549,"parent":1263,"menu_order":0,"comment_status":"closed","ping_status":"closed","template":"template-project.php","meta":{"_acf_changed":false,"inline_featured_image":false,"footnotes":""},"class_list":["post-1547","page","type-page","status-publish","has-post-thumbnail","hentry"],"acf":[],"yoast_head":"<!-- This site is optimized with the Yoast SEO plugin v27.2 - https:\/\/yoast.com\/product\/yoast-seo-wordpress\/ -->\n<title>Leo France \u2013 Innovation et style au service de la mode | Maro Service<\/title>\n<meta name=\"robots\" content=\"index, follow, max-snippet:-1, max-image-preview:large, max-video-preview:-1\" \/>\n<link rel=\"canonical\" href=\"https:\/\/www.maroservice.it\/fr\/projets-realisations-jardins-parcs\/leo-france-innovation-et-style-au-service-de-la-mode\/\" \/>\n<meta property=\"og:locale\" content=\"fr_FR\" \/>\n<meta property=\"og:type\" content=\"article\" \/>\n<meta property=\"og:title\" content=\"Leo France \u2013 Innovation et style au service de la mode | Maro Service\" \/>\n<meta property=\"og:description\" content=\"Depuis plus de quarante ans, Leo France est une entreprise leader dans la production de bijoux fantaisie et d\u2019accessoires pour certains des noms les plus prestigieux de la mode mondiale. Le si\u00e8ge de l\u2019entreprise, symbole d\u2019\u00e9l\u00e9gance et de professionnalisme, a r\u00e9cemment b\u00e9n\u00e9fici\u00e9 d\u2019un important r\u00e9am\u00e9nagement. MaRo Service s\u2019est charg\u00e9 de la r\u00e9novation des espaces verts [&hellip;]\" \/>\n<meta property=\"og:url\" content=\"https:\/\/www.maroservice.it\/fr\/projets-realisations-jardins-parcs\/leo-france-innovation-et-style-au-service-de-la-mode\/\" \/>\n<meta property=\"og:site_name\" content=\"Maro Service\" \/>\n<meta property=\"article:modified_time\" content=\"2024-11-21T00:27:19+00:00\" \/>\n<meta property=\"og:image\" content=\"https:\/\/www.maroservice.it\/wp-content\/uploads\/2024\/10\/Copia-di-MaRo-0218.webp\" \/>\n\t<meta property=\"og:image:width\" content=\"1920\" \/>\n\t<meta property=\"og:image:height\" content=\"1280\" \/>\n\t<meta property=\"og:image:type\" content=\"image\/webp\" \/>\n<meta name=\"twitter:card\" content=\"summary_large_image\" \/>\n<meta name=\"twitter:label1\" content=\"Dur\u00e9e de lecture estim\u00e9e\" \/>\n\t<meta name=\"twitter:data1\" content=\"1 minute\" \/>\n<script type=\"application\/ld+json\" class=\"yoast-schema-graph\">{\"@context\":\"https:\/\/schema.org\",\"@graph\":[{\"@type\":\"WebPage\",\"@id\":\"https:\/\/www.maroservice.it\/fr\/projets-realisations-jardins-parcs\/leo-france-innovation-et-style-au-service-de-la-mode\/\",\"url\":\"https:\/\/www.maroservice.it\/fr\/projets-realisations-jardins-parcs\/leo-france-innovation-et-style-au-service-de-la-mode\/\",\"name\":\"Leo France \u2013 Innovation et style au service de la mode | Maro Service\",\"isPartOf\":{\"@id\":\"https:\/\/www.maroservice.it\/#website\"},\"primaryImageOfPage\":{\"@id\":\"https:\/\/www.maroservice.it\/fr\/projets-realisations-jardins-parcs\/leo-france-innovation-et-style-au-service-de-la-mode\/#primaryimage\"},\"image\":{\"@id\":\"https:\/\/www.maroservice.it\/fr\/projets-realisations-jardins-parcs\/leo-france-innovation-et-style-au-service-de-la-mode\/#primaryimage\"},\"thumbnailUrl\":\"https:\/\/www.maroservice.it\/wp-content\/uploads\/2024\/10\/Copia-di-MaRo-0218.webp\",\"datePublished\":\"2024-10-17T23:31:04+00:00\",\"dateModified\":\"2024-11-21T00:27:19+00:00\",\"breadcrumb\":{\"@id\":\"https:\/\/www.maroservice.it\/fr\/projets-realisations-jardins-parcs\/leo-france-innovation-et-style-au-service-de-la-mode\/#breadcrumb\"},\"inLanguage\":\"fr-FR\",\"potentialAction\":[{\"@type\":\"ReadAction\",\"target\":[\"https:\/\/www.maroservice.it\/fr\/projets-realisations-jardins-parcs\/leo-france-innovation-et-style-au-service-de-la-mode\/\"]}]},{\"@type\":\"ImageObject\",\"inLanguage\":\"fr-FR\",\"@id\":\"https:\/\/www.maroservice.it\/fr\/projets-realisations-jardins-parcs\/leo-france-innovation-et-style-au-service-de-la-mode\/#primaryimage\",\"url\":\"https:\/\/www.maroservice.it\/wp-content\/uploads\/2024\/10\/Copia-di-MaRo-0218.webp\",\"contentUrl\":\"https:\/\/www.maroservice.it\/wp-content\/uploads\/2024\/10\/Copia-di-MaRo-0218.webp\",\"width\":1920,\"height\":1280},{\"@type\":\"BreadcrumbList\",\"@id\":\"https:\/\/www.maroservice.it\/fr\/projets-realisations-jardins-parcs\/leo-france-innovation-et-style-au-service-de-la-mode\/#breadcrumb\",\"itemListElement\":[{\"@type\":\"ListItem\",\"position\":1,\"name\":\"Home\",\"item\":\"https:\/\/www.maroservice.it\/fr\/\"},{\"@type\":\"ListItem\",\"position\":2,\"name\":\"Nos projets de jardins et de parcs\u00a0: Nature et design en harmonie\",\"item\":\"https:\/\/www.maroservice.it\/fr\/projets-realisations-jardins-parcs\/\"},{\"@type\":\"ListItem\",\"position\":3,\"name\":\"Leo France \u2013 Innovation et style au service de la mode\"}]},{\"@type\":\"WebSite\",\"@id\":\"https:\/\/www.maroservice.it\/#website\",\"url\":\"https:\/\/www.maroservice.it\/\",\"name\":\"Maro Garden Design & Landscape\",\"description\":\"Garden Design &amp; Landscape\",\"publisher\":{\"@id\":\"https:\/\/www.maroservice.it\/#organization\"},\"alternateName\":\"Maro Service\",\"potentialAction\":[{\"@type\":\"SearchAction\",\"target\":{\"@type\":\"EntryPoint\",\"urlTemplate\":\"https:\/\/www.maroservice.it\/?s={search_term_string}\"},\"query-input\":{\"@type\":\"PropertyValueSpecification\",\"valueRequired\":true,\"valueName\":\"search_term_string\"}}],\"inLanguage\":\"fr-FR\"},{\"@type\":\"Organization\",\"@id\":\"https:\/\/www.maroservice.it\/#organization\",\"name\":\"Maro Garden Design & Landscape\",\"url\":\"https:\/\/www.maroservice.it\/\",\"logo\":{\"@type\":\"ImageObject\",\"inLanguage\":\"fr-FR\",\"@id\":\"https:\/\/www.maroservice.it\/#\/schema\/logo\/image\/\",\"url\":\"https:\/\/www.maroservice.it\/wp-content\/uploads\/2023\/10\/maro-logo.svg\",\"contentUrl\":\"https:\/\/www.maroservice.it\/wp-content\/uploads\/2023\/10\/maro-logo.svg\",\"width\":\"1024\",\"height\":\"1024\",\"caption\":\"Maro Garden Design & Landscape\"},\"image\":{\"@id\":\"https:\/\/www.maroservice.it\/#\/schema\/logo\/image\/\"}}]}<\/script>\n<!-- \/ Yoast SEO plugin. -->","yoast_head_json":{"title":"Leo France \u2013 Innovation et style au service de la mode | Maro Service","robots":{"index":"index","follow":"follow","max-snippet":"max-snippet:-1","max-image-preview":"max-image-preview:large","max-video-preview":"max-video-preview:-1"},"canonical":"https:\/\/www.maroservice.it\/fr\/projets-realisations-jardins-parcs\/leo-france-innovation-et-style-au-service-de-la-mode\/","og_locale":"fr_FR","og_type":"article","og_title":"Leo France \u2013 Innovation et style au service de la mode | Maro Service","og_description":"Depuis plus de quarante ans, Leo France est une entreprise leader dans la production de bijoux fantaisie et d\u2019accessoires pour certains des noms les plus prestigieux de la mode mondiale. Le si\u00e8ge de l\u2019entreprise, symbole d\u2019\u00e9l\u00e9gance et de professionnalisme, a r\u00e9cemment b\u00e9n\u00e9fici\u00e9 d\u2019un important r\u00e9am\u00e9nagement. MaRo Service s\u2019est charg\u00e9 de la r\u00e9novation des espaces verts [&hellip;]","og_url":"https:\/\/www.maroservice.it\/fr\/projets-realisations-jardins-parcs\/leo-france-innovation-et-style-au-service-de-la-mode\/","og_site_name":"Maro Service","article_modified_time":"2024-11-21T00:27:19+00:00","og_image":[{"width":1920,"height":1280,"url":"https:\/\/www.maroservice.it\/wp-content\/uploads\/2024\/10\/Copia-di-MaRo-0218.webp","type":"image\/webp"}],"twitter_card":"summary_large_image","twitter_misc":{"Dur\u00e9e de lecture estim\u00e9e":"1 minute"},"schema":{"@context":"https:\/\/schema.org","@graph":[{"@type":"WebPage","@id":"https:\/\/www.maroservice.it\/fr\/projets-realisations-jardins-parcs\/leo-france-innovation-et-style-au-service-de-la-mode\/","url":"https:\/\/www.maroservice.it\/fr\/projets-realisations-jardins-parcs\/leo-france-innovation-et-style-au-service-de-la-mode\/","name":"Leo France \u2013 Innovation et style au service de la mode | Maro Service","isPartOf":{"@id":"https:\/\/www.maroservice.it\/#website"},"primaryImageOfPage":{"@id":"https:\/\/www.maroservice.it\/fr\/projets-realisations-jardins-parcs\/leo-france-innovation-et-style-au-service-de-la-mode\/#primaryimage"},"image":{"@id":"https:\/\/www.maroservice.it\/fr\/projets-realisations-jardins-parcs\/leo-france-innovation-et-style-au-service-de-la-mode\/#primaryimage"},"thumbnailUrl":"https:\/\/www.maroservice.it\/wp-content\/uploads\/2024\/10\/Copia-di-MaRo-0218.webp","datePublished":"2024-10-17T23:31:04+00:00","dateModified":"2024-11-21T00:27:19+00:00","breadcrumb":{"@id":"https:\/\/www.maroservice.it\/fr\/projets-realisations-jardins-parcs\/leo-france-innovation-et-style-au-service-de-la-mode\/#breadcrumb"},"inLanguage":"fr-FR","potentialAction":[{"@type":"ReadAction","target":["https:\/\/www.maroservice.it\/fr\/projets-realisations-jardins-parcs\/leo-france-innovation-et-style-au-service-de-la-mode\/"]}]},{"@type":"ImageObject","inLanguage":"fr-FR","@id":"https:\/\/www.maroservice.it\/fr\/projets-realisations-jardins-parcs\/leo-france-innovation-et-style-au-service-de-la-mode\/#primaryimage","url":"https:\/\/www.maroservice.it\/wp-content\/uploads\/2024\/10\/Copia-di-MaRo-0218.webp","contentUrl":"https:\/\/www.maroservice.it\/wp-content\/uploads\/2024\/10\/Copia-di-MaRo-0218.webp","width":1920,"height":1280},{"@type":"BreadcrumbList","@id":"https:\/\/www.maroservice.it\/fr\/projets-realisations-jardins-parcs\/leo-france-innovation-et-style-au-service-de-la-mode\/#breadcrumb","itemListElement":[{"@type":"ListItem","position":1,"name":"Home","item":"https:\/\/www.maroservice.it\/fr\/"},{"@type":"ListItem","position":2,"name":"Nos projets de jardins et de parcs\u00a0: Nature et design en harmonie","item":"https:\/\/www.maroservice.it\/fr\/projets-realisations-jardins-parcs\/"},{"@type":"ListItem","position":3,"name":"Leo France \u2013 Innovation et style au service de la mode"}]},{"@type":"WebSite","@id":"https:\/\/www.maroservice.it\/#website","url":"https:\/\/www.maroservice.it\/","name":"Maro Garden Design & Landscape","description":"Garden Design &amp; Landscape","publisher":{"@id":"https:\/\/www.maroservice.it\/#organization"},"alternateName":"Maro Service","potentialAction":[{"@type":"SearchAction","target":{"@type":"EntryPoint","urlTemplate":"https:\/\/www.maroservice.it\/?s={search_term_string}"},"query-input":{"@type":"PropertyValueSpecification","valueRequired":true,"valueName":"search_term_string"}}],"inLanguage":"fr-FR"},{"@type":"Organization","@id":"https:\/\/www.maroservice.it\/#organization","name":"Maro Garden Design & Landscape","url":"https:\/\/www.maroservice.it\/","logo":{"@type":"ImageObject","inLanguage":"fr-FR","@id":"https:\/\/www.maroservice.it\/#\/schema\/logo\/image\/","url":"https:\/\/www.maroservice.it\/wp-content\/uploads\/2023\/10\/maro-logo.svg","contentUrl":"https:\/\/www.maroservice.it\/wp-content\/uploads\/2023\/10\/maro-logo.svg","width":"1024","height":"1024","caption":"Maro Garden Design & Landscape"},"image":{"@id":"https:\/\/www.maroservice.it\/#\/schema\/logo\/image\/"}}]}},"_links":{"self":[{"href":"https:\/\/www.maroservice.it\/fr\/wp-json\/wp\/v2\/pages\/1547","targetHints":{"allow":["GET"]}}],"collection":[{"href":"https:\/\/www.maroservice.it\/fr\/wp-json\/wp\/v2\/pages"}],"about":[{"href":"https:\/\/www.maroservice.it\/fr\/wp-json\/wp\/v2\/types\/page"}],"author":[{"embeddable":true,"href":"https:\/\/www.maroservice.it\/fr\/wp-json\/wp\/v2\/users\/1"}],"replies":[{"embeddable":true,"href":"https:\/\/www.maroservice.it\/fr\/wp-json\/wp\/v2\/comments?post=1547"}],"version-history":[{"count":1,"href":"https:\/\/www.maroservice.it\/fr\/wp-json\/wp\/v2\/pages\/1547\/revisions"}],"predecessor-version":[{"id":1566,"href":"https:\/\/www.maroservice.it\/fr\/wp-json\/wp\/v2\/pages\/1547\/revisions\/1566"}],"up":[{"embeddable":true,"href":"https:\/\/www.maroservice.it\/fr\/wp-json\/wp\/v2\/pages\/1263"}],"wp:featuredmedia":[{"embeddable":true,"href":"https:\/\/www.maroservice.it\/fr\/wp-json\/wp\/v2\/media\/1549"}],"wp:attachment":[{"href":"https:\/\/www.maroservice.it\/fr\/wp-json\/wp\/v2\/media?parent=1547"}],"curies":[{"name":"wp","href":"https:\/\/api.w.org\/{rel}","templated":true}]}}