{"id":1573,"date":"2024-10-18T01:31:04","date_gmt":"2024-10-17T23:31:04","guid":{"rendered":"https:\/\/www.maroservice.it\/projets-realisations-jardins-parcs\/palazzo-al-bosco-san-casciano-val-di-pesa\/"},"modified":"2024-11-21T01:34:10","modified_gmt":"2024-11-21T00:34:10","slug":"palazzo-al-bosco-san-casciano-val-di-pesa","status":"publish","type":"page","link":"https:\/\/www.maroservice.it\/fr\/projets-realisations-jardins-parcs\/palazzo-al-bosco-san-casciano-val-di-pesa\/","title":{"rendered":"Palazzo al Bosco &#8211; San Casciano Val di Pesa"},"content":{"rendered":"\n<h3 class=\"wp-block-heading project-details__title-1\">Le Palazzo al Bosco, situ\u00e9 dans les collines de San Casciano Val di Pesa, est un nouvel espace d\u00e9di\u00e9 \u00e0 la culture et \u00e0 l\u2019art contemporain, inaugur\u00e9 par les m\u00e9c\u00e8nes et collectionneurs Caroline &amp; Eric Freymond. <\/h3>\n\n\n\n<p><strong>Immerg\u00e9 dans un domaine de 18 hectares<\/strong>, ce lieu extraordinaire a \u00e9t\u00e9 cr\u00e9\u00e9 gr\u00e2ce \u00e0 un vaste projet de restauration qui a transform\u00e9 le domaine en un lieu de concerts, d\u2019expositions, de r\u00e9unions et de nombreux \u00e9v\u00e9nements culturels.<\/p>\n\n\n\n<p>Lorsque MaRo Service a commenc\u00e9 les travaux, les espaces verts entourant la villa \u00e9taient dans un \u00e9tat tr\u00e8s n\u00e9glig\u00e9. La premi\u00e8re phase de l\u2019intervention a consist\u00e9 en un nettoyage en profondeur de l\u2019ensemble du parc. Ensuite, en collaboration avec le c\u00e9l\u00e8bre architecte paysagiste Louis Benech, un projet articul\u00e9 a \u00e9t\u00e9 d\u00e9velopp\u00e9 pour le jardin et la zone adjacente \u00e0 la piscine.<\/p>\n\n\n\n<p><strong>MaRo Service a contribu\u00e9 \u00e0 la mise en valeur des espaces verts du Palazzo al Bosco, en s\u2019occupant de la cr\u00e9ation et de l\u2019entretien du jardin<\/strong>, avec une attention particuli\u00e8re au respect du contexte historique et naturel. Chaque d\u00e9tail a \u00e9t\u00e9 \u00e9tudi\u00e9 pour cr\u00e9er un environnement en parfaite harmonie avec le paysage environnant, en pr\u00e9servant l\u2019authenticit\u00e9 de la structure et son lien avec le territoire toscan.<\/p>\n\n\n\n<p>Le projet pr\u00e9voit l\u2019insertion de grands arbres, tels que des pins et des cypr\u00e8s, d\u2019arbustes, de pin\u00e8des vivaces et de plantes \u00e0 fleurs, tous soigneusement s\u00e9lectionn\u00e9s pour s\u2019int\u00e9grer parfaitement au paysage naturel de la campagne toscane. Le r\u00e9sultat est un espace vert r\u00e9g\u00e9n\u00e9r\u00e9 qui refl\u00e8te l\u2019\u00e9l\u00e9gance et la tradition toscanes, offrant un contexte unique pour les activit\u00e9s culturelles du Palazzo al Bosco.<\/p>\n","protected":false},"excerpt":{"rendered":"<p>Le Palazzo al Bosco, situ\u00e9 dans les collines de San Casciano Val di Pesa, est un nouvel espace d\u00e9di\u00e9 \u00e0 la culture et \u00e0 l\u2019art contemporain, inaugur\u00e9 par les m\u00e9c\u00e8nes et collectionneurs Caroline &amp; Eric Freymond. Immerg\u00e9 dans un domaine de 18 hectares, ce lieu extraordinaire a \u00e9t\u00e9 cr\u00e9\u00e9 gr\u00e2ce \u00e0 un vaste projet de [&hellip;]<\/p>\n","protected":false},"author":1,"featured_media":1575,"parent":1263,"menu_order":0,"comment_status":"closed","ping_status":"closed","template":"template-project.php","meta":{"_acf_changed":false,"inline_featured_image":false,"footnotes":""},"class_list":["post-1573","page","type-page","status-publish","has-post-thumbnail","hentry"],"acf":[],"yoast_head":"<!-- This site is optimized with the Yoast SEO plugin v27.2 - https:\/\/yoast.com\/product\/yoast-seo-wordpress\/ -->\n<title>Palazzo al Bosco - San Casciano Val di Pesa | Maro Service<\/title>\n<meta name=\"robots\" content=\"index, follow, max-snippet:-1, max-image-preview:large, max-video-preview:-1\" \/>\n<link rel=\"canonical\" href=\"https:\/\/www.maroservice.it\/fr\/projets-realisations-jardins-parcs\/palazzo-al-bosco-san-casciano-val-di-pesa\/\" \/>\n<meta property=\"og:locale\" content=\"fr_FR\" \/>\n<meta property=\"og:type\" content=\"article\" \/>\n<meta property=\"og:title\" content=\"Palazzo al Bosco - San Casciano Val di Pesa | Maro Service\" \/>\n<meta property=\"og:description\" content=\"Le Palazzo al Bosco, situ\u00e9 dans les collines de San Casciano Val di Pesa, est un nouvel espace d\u00e9di\u00e9 \u00e0 la culture et \u00e0 l\u2019art contemporain, inaugur\u00e9 par les m\u00e9c\u00e8nes et collectionneurs Caroline &amp; Eric Freymond. Immerg\u00e9 dans un domaine de 18 hectares, ce lieu extraordinaire a \u00e9t\u00e9 cr\u00e9\u00e9 gr\u00e2ce \u00e0 un vaste projet de [&hellip;]\" \/>\n<meta property=\"og:url\" content=\"https:\/\/www.maroservice.it\/fr\/projets-realisations-jardins-parcs\/palazzo-al-bosco-san-casciano-val-di-pesa\/\" \/>\n<meta property=\"og:site_name\" content=\"Maro Service\" \/>\n<meta property=\"article:modified_time\" content=\"2024-11-21T00:34:10+00:00\" \/>\n<meta property=\"og:image\" content=\"https:\/\/www.maroservice.it\/wp-content\/uploads\/2024\/10\/Copia-di-MaRo-0239.webp\" \/>\n\t<meta property=\"og:image:width\" content=\"1920\" \/>\n\t<meta property=\"og:image:height\" content=\"1280\" \/>\n\t<meta property=\"og:image:type\" content=\"image\/webp\" \/>\n<meta name=\"twitter:card\" content=\"summary_large_image\" \/>\n<meta name=\"twitter:label1\" content=\"Dur\u00e9e de lecture estim\u00e9e\" \/>\n\t<meta name=\"twitter:data1\" content=\"2 minutes\" \/>\n<script type=\"application\/ld+json\" class=\"yoast-schema-graph\">{\"@context\":\"https:\/\/schema.org\",\"@graph\":[{\"@type\":\"WebPage\",\"@id\":\"https:\/\/www.maroservice.it\/fr\/projets-realisations-jardins-parcs\/palazzo-al-bosco-san-casciano-val-di-pesa\/\",\"url\":\"https:\/\/www.maroservice.it\/fr\/projets-realisations-jardins-parcs\/palazzo-al-bosco-san-casciano-val-di-pesa\/\",\"name\":\"Palazzo al Bosco - San Casciano Val di Pesa | Maro Service\",\"isPartOf\":{\"@id\":\"https:\/\/www.maroservice.it\/#website\"},\"primaryImageOfPage\":{\"@id\":\"https:\/\/www.maroservice.it\/fr\/projets-realisations-jardins-parcs\/palazzo-al-bosco-san-casciano-val-di-pesa\/#primaryimage\"},\"image\":{\"@id\":\"https:\/\/www.maroservice.it\/fr\/projets-realisations-jardins-parcs\/palazzo-al-bosco-san-casciano-val-di-pesa\/#primaryimage\"},\"thumbnailUrl\":\"https:\/\/www.maroservice.it\/wp-content\/uploads\/2024\/10\/Copia-di-MaRo-0239.webp\",\"datePublished\":\"2024-10-17T23:31:04+00:00\",\"dateModified\":\"2024-11-21T00:34:10+00:00\",\"breadcrumb\":{\"@id\":\"https:\/\/www.maroservice.it\/fr\/projets-realisations-jardins-parcs\/palazzo-al-bosco-san-casciano-val-di-pesa\/#breadcrumb\"},\"inLanguage\":\"fr-FR\",\"potentialAction\":[{\"@type\":\"ReadAction\",\"target\":[\"https:\/\/www.maroservice.it\/fr\/projets-realisations-jardins-parcs\/palazzo-al-bosco-san-casciano-val-di-pesa\/\"]}]},{\"@type\":\"ImageObject\",\"inLanguage\":\"fr-FR\",\"@id\":\"https:\/\/www.maroservice.it\/fr\/projets-realisations-jardins-parcs\/palazzo-al-bosco-san-casciano-val-di-pesa\/#primaryimage\",\"url\":\"https:\/\/www.maroservice.it\/wp-content\/uploads\/2024\/10\/Copia-di-MaRo-0239.webp\",\"contentUrl\":\"https:\/\/www.maroservice.it\/wp-content\/uploads\/2024\/10\/Copia-di-MaRo-0239.webp\",\"width\":1920,\"height\":1280},{\"@type\":\"BreadcrumbList\",\"@id\":\"https:\/\/www.maroservice.it\/fr\/projets-realisations-jardins-parcs\/palazzo-al-bosco-san-casciano-val-di-pesa\/#breadcrumb\",\"itemListElement\":[{\"@type\":\"ListItem\",\"position\":1,\"name\":\"Home\",\"item\":\"https:\/\/www.maroservice.it\/fr\/\"},{\"@type\":\"ListItem\",\"position\":2,\"name\":\"Nos projets de jardins et de parcs\u00a0: Nature et design en harmonie\",\"item\":\"https:\/\/www.maroservice.it\/fr\/projets-realisations-jardins-parcs\/\"},{\"@type\":\"ListItem\",\"position\":3,\"name\":\"Palazzo al Bosco &#8211; San Casciano Val di Pesa\"}]},{\"@type\":\"WebSite\",\"@id\":\"https:\/\/www.maroservice.it\/#website\",\"url\":\"https:\/\/www.maroservice.it\/\",\"name\":\"Maro Garden Design & Landscape\",\"description\":\"Garden Design &amp; Landscape\",\"publisher\":{\"@id\":\"https:\/\/www.maroservice.it\/#organization\"},\"alternateName\":\"Maro Service\",\"potentialAction\":[{\"@type\":\"SearchAction\",\"target\":{\"@type\":\"EntryPoint\",\"urlTemplate\":\"https:\/\/www.maroservice.it\/?s={search_term_string}\"},\"query-input\":{\"@type\":\"PropertyValueSpecification\",\"valueRequired\":true,\"valueName\":\"search_term_string\"}}],\"inLanguage\":\"fr-FR\"},{\"@type\":\"Organization\",\"@id\":\"https:\/\/www.maroservice.it\/#organization\",\"name\":\"Maro Garden Design & Landscape\",\"url\":\"https:\/\/www.maroservice.it\/\",\"logo\":{\"@type\":\"ImageObject\",\"inLanguage\":\"fr-FR\",\"@id\":\"https:\/\/www.maroservice.it\/#\/schema\/logo\/image\/\",\"url\":\"https:\/\/www.maroservice.it\/wp-content\/uploads\/2023\/10\/maro-logo.svg\",\"contentUrl\":\"https:\/\/www.maroservice.it\/wp-content\/uploads\/2023\/10\/maro-logo.svg\",\"width\":\"1024\",\"height\":\"1024\",\"caption\":\"Maro Garden Design & Landscape\"},\"image\":{\"@id\":\"https:\/\/www.maroservice.it\/#\/schema\/logo\/image\/\"}}]}<\/script>\n<!-- \/ Yoast SEO plugin. -->","yoast_head_json":{"title":"Palazzo al Bosco - San Casciano Val di Pesa | Maro Service","robots":{"index":"index","follow":"follow","max-snippet":"max-snippet:-1","max-image-preview":"max-image-preview:large","max-video-preview":"max-video-preview:-1"},"canonical":"https:\/\/www.maroservice.it\/fr\/projets-realisations-jardins-parcs\/palazzo-al-bosco-san-casciano-val-di-pesa\/","og_locale":"fr_FR","og_type":"article","og_title":"Palazzo al Bosco - San Casciano Val di Pesa | Maro Service","og_description":"Le Palazzo al Bosco, situ\u00e9 dans les collines de San Casciano Val di Pesa, est un nouvel espace d\u00e9di\u00e9 \u00e0 la culture et \u00e0 l\u2019art contemporain, inaugur\u00e9 par les m\u00e9c\u00e8nes et collectionneurs Caroline &amp; Eric Freymond. Immerg\u00e9 dans un domaine de 18 hectares, ce lieu extraordinaire a \u00e9t\u00e9 cr\u00e9\u00e9 gr\u00e2ce \u00e0 un vaste projet de [&hellip;]","og_url":"https:\/\/www.maroservice.it\/fr\/projets-realisations-jardins-parcs\/palazzo-al-bosco-san-casciano-val-di-pesa\/","og_site_name":"Maro Service","article_modified_time":"2024-11-21T00:34:10+00:00","og_image":[{"width":1920,"height":1280,"url":"https:\/\/www.maroservice.it\/wp-content\/uploads\/2024\/10\/Copia-di-MaRo-0239.webp","type":"image\/webp"}],"twitter_card":"summary_large_image","twitter_misc":{"Dur\u00e9e de lecture estim\u00e9e":"2 minutes"},"schema":{"@context":"https:\/\/schema.org","@graph":[{"@type":"WebPage","@id":"https:\/\/www.maroservice.it\/fr\/projets-realisations-jardins-parcs\/palazzo-al-bosco-san-casciano-val-di-pesa\/","url":"https:\/\/www.maroservice.it\/fr\/projets-realisations-jardins-parcs\/palazzo-al-bosco-san-casciano-val-di-pesa\/","name":"Palazzo al Bosco - San Casciano Val di Pesa | Maro Service","isPartOf":{"@id":"https:\/\/www.maroservice.it\/#website"},"primaryImageOfPage":{"@id":"https:\/\/www.maroservice.it\/fr\/projets-realisations-jardins-parcs\/palazzo-al-bosco-san-casciano-val-di-pesa\/#primaryimage"},"image":{"@id":"https:\/\/www.maroservice.it\/fr\/projets-realisations-jardins-parcs\/palazzo-al-bosco-san-casciano-val-di-pesa\/#primaryimage"},"thumbnailUrl":"https:\/\/www.maroservice.it\/wp-content\/uploads\/2024\/10\/Copia-di-MaRo-0239.webp","datePublished":"2024-10-17T23:31:04+00:00","dateModified":"2024-11-21T00:34:10+00:00","breadcrumb":{"@id":"https:\/\/www.maroservice.it\/fr\/projets-realisations-jardins-parcs\/palazzo-al-bosco-san-casciano-val-di-pesa\/#breadcrumb"},"inLanguage":"fr-FR","potentialAction":[{"@type":"ReadAction","target":["https:\/\/www.maroservice.it\/fr\/projets-realisations-jardins-parcs\/palazzo-al-bosco-san-casciano-val-di-pesa\/"]}]},{"@type":"ImageObject","inLanguage":"fr-FR","@id":"https:\/\/www.maroservice.it\/fr\/projets-realisations-jardins-parcs\/palazzo-al-bosco-san-casciano-val-di-pesa\/#primaryimage","url":"https:\/\/www.maroservice.it\/wp-content\/uploads\/2024\/10\/Copia-di-MaRo-0239.webp","contentUrl":"https:\/\/www.maroservice.it\/wp-content\/uploads\/2024\/10\/Copia-di-MaRo-0239.webp","width":1920,"height":1280},{"@type":"BreadcrumbList","@id":"https:\/\/www.maroservice.it\/fr\/projets-realisations-jardins-parcs\/palazzo-al-bosco-san-casciano-val-di-pesa\/#breadcrumb","itemListElement":[{"@type":"ListItem","position":1,"name":"Home","item":"https:\/\/www.maroservice.it\/fr\/"},{"@type":"ListItem","position":2,"name":"Nos projets de jardins et de parcs\u00a0: Nature et design en harmonie","item":"https:\/\/www.maroservice.it\/fr\/projets-realisations-jardins-parcs\/"},{"@type":"ListItem","position":3,"name":"Palazzo al Bosco &#8211; San Casciano Val di Pesa"}]},{"@type":"WebSite","@id":"https:\/\/www.maroservice.it\/#website","url":"https:\/\/www.maroservice.it\/","name":"Maro Garden Design & Landscape","description":"Garden Design &amp; Landscape","publisher":{"@id":"https:\/\/www.maroservice.it\/#organization"},"alternateName":"Maro Service","potentialAction":[{"@type":"SearchAction","target":{"@type":"EntryPoint","urlTemplate":"https:\/\/www.maroservice.it\/?s={search_term_string}"},"query-input":{"@type":"PropertyValueSpecification","valueRequired":true,"valueName":"search_term_string"}}],"inLanguage":"fr-FR"},{"@type":"Organization","@id":"https:\/\/www.maroservice.it\/#organization","name":"Maro Garden Design & Landscape","url":"https:\/\/www.maroservice.it\/","logo":{"@type":"ImageObject","inLanguage":"fr-FR","@id":"https:\/\/www.maroservice.it\/#\/schema\/logo\/image\/","url":"https:\/\/www.maroservice.it\/wp-content\/uploads\/2023\/10\/maro-logo.svg","contentUrl":"https:\/\/www.maroservice.it\/wp-content\/uploads\/2023\/10\/maro-logo.svg","width":"1024","height":"1024","caption":"Maro Garden Design & Landscape"},"image":{"@id":"https:\/\/www.maroservice.it\/#\/schema\/logo\/image\/"}}]}},"_links":{"self":[{"href":"https:\/\/www.maroservice.it\/fr\/wp-json\/wp\/v2\/pages\/1573","targetHints":{"allow":["GET"]}}],"collection":[{"href":"https:\/\/www.maroservice.it\/fr\/wp-json\/wp\/v2\/pages"}],"about":[{"href":"https:\/\/www.maroservice.it\/fr\/wp-json\/wp\/v2\/types\/page"}],"author":[{"embeddable":true,"href":"https:\/\/www.maroservice.it\/fr\/wp-json\/wp\/v2\/users\/1"}],"replies":[{"embeddable":true,"href":"https:\/\/www.maroservice.it\/fr\/wp-json\/wp\/v2\/comments?post=1573"}],"version-history":[{"count":1,"href":"https:\/\/www.maroservice.it\/fr\/wp-json\/wp\/v2\/pages\/1573\/revisions"}],"predecessor-version":[{"id":1590,"href":"https:\/\/www.maroservice.it\/fr\/wp-json\/wp\/v2\/pages\/1573\/revisions\/1590"}],"up":[{"embeddable":true,"href":"https:\/\/www.maroservice.it\/fr\/wp-json\/wp\/v2\/pages\/1263"}],"wp:featuredmedia":[{"embeddable":true,"href":"https:\/\/www.maroservice.it\/fr\/wp-json\/wp\/v2\/media\/1575"}],"wp:attachment":[{"href":"https:\/\/www.maroservice.it\/fr\/wp-json\/wp\/v2\/media?parent=1573"}],"curies":[{"name":"wp","href":"https:\/\/api.w.org\/{rel}","templated":true}]}}