{"id":1619,"date":"2023-10-11T23:59:42","date_gmt":"2023-10-11T21:59:42","guid":{"rendered":"https:\/\/www.maroservice.it\/services-de-jardinage\/cura-e-manutenzione-di-oliveti\/"},"modified":"2024-11-21T09:08:43","modified_gmt":"2024-11-21T08:08:43","slug":"entretien-des-oliveraies","status":"publish","type":"page","link":"https:\/\/www.maroservice.it\/fr\/services-de-jardinage\/entretien-des-oliveraies\/","title":{"rendered":"Entretien des oliveraies"},"content":{"rendered":"\n<p>Bien que les oliviers soient des arbres tr\u00e8s r\u00e9sistants, ils n\u00e9cessitent des soins constants et un entretien ponctuel, qu\u2019il est risqu\u00e9 de confier \u00e0 des d\u00e9butants ou \u00e0 des n\u00e9ophytes dans le secteur.<\/p>\n\n\n\n<!--more-->\n\n\n\n<p>Chez Maro, nous avons des dizaines d\u2019ann\u00e9es d\u2019exp\u00e9rience dans l\u2019entretien des oliveraies et nous nous occupons de tous les besoins des arbres avec professionnalisme, fiabilit\u00e9 et comp\u00e9tence.<\/p>\n\n\n\n<p>De la taille en mars\/avril \u00e0 la r\u00e9colte des olives en octobre, nous nous occupons de tous les besoins de votre oliveraie, tels que la fertilisation, les traitements phytosanitaires, le drageonnage et toutes les actions qui garantissent le bien-\u00eatre et la productivit\u00e9 maximum de vos oliviers.<\/p>\n\n\n\n<p>Nous sommes en mesure d\u2019intervenir aussi bien p\u00e9riodiquement que sur demande, en garantissant toujours un maximum de rapidit\u00e9 et de flexibilit\u00e9.<\/p>\n","protected":false},"excerpt":{"rendered":"<p>Bien que les oliviers soient des arbres tr\u00e8s r\u00e9sistants, ils n\u00e9cessitent des soins constants et un entretien ponctuel, qu\u2019il est risqu\u00e9 de confier \u00e0 des d\u00e9butants ou \u00e0 des n\u00e9ophytes dans le secteur.<\/p>\n","protected":false},"author":1,"featured_media":1621,"parent":1596,"menu_order":0,"comment_status":"closed","ping_status":"closed","template":"template-service.php","meta":{"_acf_changed":false,"inline_featured_image":false,"footnotes":""},"class_list":["post-1619","page","type-page","status-publish","has-post-thumbnail","hentry"],"acf":[],"yoast_head":"<!-- This site is optimized with the Yoast SEO plugin v27.2 - https:\/\/yoast.com\/product\/yoast-seo-wordpress\/ -->\n<title>Entretien et entretien des oliveraies professionnelles | Service Maro<\/title>\n<meta name=\"description\" content=\"Confiez l&#039;entretien et l&#039;entretien de votre oliveraie \u00e0 Maro Service : taille, fertilisation, traitements phytosanitaires et r\u00e9colte des olives. Comp\u00e9tence et flexibilit\u00e9 maximales pour la productivit\u00e9 de vos oliviers.\" \/>\n<meta name=\"robots\" content=\"index, follow, max-snippet:-1, max-image-preview:large, max-video-preview:-1\" \/>\n<link rel=\"canonical\" href=\"https:\/\/www.maroservice.it\/fr\/services-de-jardinage\/entretien-des-oliveraies\/\" \/>\n<meta property=\"og:locale\" content=\"fr_FR\" \/>\n<meta property=\"og:type\" content=\"article\" \/>\n<meta property=\"og:title\" content=\"Entretien et entretien des oliveraies professionnelles | Service Maro\" \/>\n<meta property=\"og:description\" content=\"Confiez l&#039;entretien et l&#039;entretien de votre oliveraie \u00e0 Maro Service : taille, fertilisation, traitements phytosanitaires et r\u00e9colte des olives. Comp\u00e9tence et flexibilit\u00e9 maximales pour la productivit\u00e9 de vos oliviers.\" \/>\n<meta property=\"og:url\" content=\"https:\/\/www.maroservice.it\/fr\/services-de-jardinage\/entretien-des-oliveraies\/\" \/>\n<meta property=\"og:site_name\" content=\"Maro Service\" \/>\n<meta property=\"article:modified_time\" content=\"2024-11-21T08:08:43+00:00\" \/>\n<meta property=\"og:image\" content=\"https:\/\/www.maroservice.it\/wp-content\/uploads\/2023\/10\/manutenzione-uliveti.webp\" \/>\n\t<meta property=\"og:image:width\" content=\"1500\" \/>\n\t<meta property=\"og:image:height\" content=\"840\" \/>\n\t<meta property=\"og:image:type\" content=\"image\/webp\" \/>\n<meta name=\"twitter:card\" content=\"summary_large_image\" \/>\n<meta name=\"twitter:label1\" content=\"Dur\u00e9e de lecture estim\u00e9e\" \/>\n\t<meta name=\"twitter:data1\" content=\"1 minute\" \/>\n<script type=\"application\/ld+json\" class=\"yoast-schema-graph\">{\"@context\":\"https:\/\/schema.org\",\"@graph\":[{\"@type\":\"WebPage\",\"@id\":\"https:\/\/www.maroservice.it\/fr\/services-de-jardinage\/entretien-des-oliveraies\/\",\"url\":\"https:\/\/www.maroservice.it\/fr\/services-de-jardinage\/entretien-des-oliveraies\/\",\"name\":\"Entretien et entretien des oliveraies professionnelles | Service Maro\",\"isPartOf\":{\"@id\":\"https:\/\/www.maroservice.it\/#website\"},\"primaryImageOfPage\":{\"@id\":\"https:\/\/www.maroservice.it\/fr\/services-de-jardinage\/entretien-des-oliveraies\/#primaryimage\"},\"image\":{\"@id\":\"https:\/\/www.maroservice.it\/fr\/services-de-jardinage\/entretien-des-oliveraies\/#primaryimage\"},\"thumbnailUrl\":\"https:\/\/www.maroservice.it\/wp-content\/uploads\/2023\/10\/manutenzione-uliveti.webp\",\"datePublished\":\"2023-10-11T21:59:42+00:00\",\"dateModified\":\"2024-11-21T08:08:43+00:00\",\"description\":\"Confiez l'entretien et l'entretien de votre oliveraie \u00e0 Maro Service : taille, fertilisation, traitements phytosanitaires et r\u00e9colte des olives. Comp\u00e9tence et flexibilit\u00e9 maximales pour la productivit\u00e9 de vos oliviers.\",\"breadcrumb\":{\"@id\":\"https:\/\/www.maroservice.it\/fr\/services-de-jardinage\/entretien-des-oliveraies\/#breadcrumb\"},\"inLanguage\":\"fr-FR\",\"potentialAction\":[{\"@type\":\"ReadAction\",\"target\":[\"https:\/\/www.maroservice.it\/fr\/services-de-jardinage\/entretien-des-oliveraies\/\"]}]},{\"@type\":\"ImageObject\",\"inLanguage\":\"fr-FR\",\"@id\":\"https:\/\/www.maroservice.it\/fr\/services-de-jardinage\/entretien-des-oliveraies\/#primaryimage\",\"url\":\"https:\/\/www.maroservice.it\/wp-content\/uploads\/2023\/10\/manutenzione-uliveti.webp\",\"contentUrl\":\"https:\/\/www.maroservice.it\/wp-content\/uploads\/2023\/10\/manutenzione-uliveti.webp\",\"width\":1500,\"height\":840},{\"@type\":\"BreadcrumbList\",\"@id\":\"https:\/\/www.maroservice.it\/fr\/services-de-jardinage\/entretien-des-oliveraies\/#breadcrumb\",\"itemListElement\":[{\"@type\":\"ListItem\",\"position\":1,\"name\":\"Home\",\"item\":\"https:\/\/www.maroservice.it\/fr\/\"},{\"@type\":\"ListItem\",\"position\":2,\"name\":\"Des services de jardinage professionnels pour des espaces verts d\u2019excellence\",\"item\":\"https:\/\/www.maroservice.it\/fr\/services-de-jardinage\/\"},{\"@type\":\"ListItem\",\"position\":3,\"name\":\"Entretien des oliveraies\"}]},{\"@type\":\"WebSite\",\"@id\":\"https:\/\/www.maroservice.it\/#website\",\"url\":\"https:\/\/www.maroservice.it\/\",\"name\":\"Maro Garden Design & Landscape\",\"description\":\"Garden Design &amp; Landscape\",\"publisher\":{\"@id\":\"https:\/\/www.maroservice.it\/#organization\"},\"alternateName\":\"Maro Service\",\"potentialAction\":[{\"@type\":\"SearchAction\",\"target\":{\"@type\":\"EntryPoint\",\"urlTemplate\":\"https:\/\/www.maroservice.it\/?s={search_term_string}\"},\"query-input\":{\"@type\":\"PropertyValueSpecification\",\"valueRequired\":true,\"valueName\":\"search_term_string\"}}],\"inLanguage\":\"fr-FR\"},{\"@type\":\"Organization\",\"@id\":\"https:\/\/www.maroservice.it\/#organization\",\"name\":\"Maro Garden Design & Landscape\",\"url\":\"https:\/\/www.maroservice.it\/\",\"logo\":{\"@type\":\"ImageObject\",\"inLanguage\":\"fr-FR\",\"@id\":\"https:\/\/www.maroservice.it\/#\/schema\/logo\/image\/\",\"url\":\"https:\/\/www.maroservice.it\/wp-content\/uploads\/2023\/10\/maro-logo.svg\",\"contentUrl\":\"https:\/\/www.maroservice.it\/wp-content\/uploads\/2023\/10\/maro-logo.svg\",\"width\":\"1024\",\"height\":\"1024\",\"caption\":\"Maro Garden Design & Landscape\"},\"image\":{\"@id\":\"https:\/\/www.maroservice.it\/#\/schema\/logo\/image\/\"}}]}<\/script>\n<!-- \/ Yoast SEO plugin. -->","yoast_head_json":{"title":"Entretien et entretien des oliveraies professionnelles | Service Maro","description":"Confiez l'entretien et l'entretien de votre oliveraie \u00e0 Maro Service : taille, fertilisation, traitements phytosanitaires et r\u00e9colte des olives. Comp\u00e9tence et flexibilit\u00e9 maximales pour la productivit\u00e9 de vos oliviers.","robots":{"index":"index","follow":"follow","max-snippet":"max-snippet:-1","max-image-preview":"max-image-preview:large","max-video-preview":"max-video-preview:-1"},"canonical":"https:\/\/www.maroservice.it\/fr\/services-de-jardinage\/entretien-des-oliveraies\/","og_locale":"fr_FR","og_type":"article","og_title":"Entretien et entretien des oliveraies professionnelles | Service Maro","og_description":"Confiez l'entretien et l'entretien de votre oliveraie \u00e0 Maro Service : taille, fertilisation, traitements phytosanitaires et r\u00e9colte des olives. Comp\u00e9tence et flexibilit\u00e9 maximales pour la productivit\u00e9 de vos oliviers.","og_url":"https:\/\/www.maroservice.it\/fr\/services-de-jardinage\/entretien-des-oliveraies\/","og_site_name":"Maro Service","article_modified_time":"2024-11-21T08:08:43+00:00","og_image":[{"width":1500,"height":840,"url":"https:\/\/www.maroservice.it\/wp-content\/uploads\/2023\/10\/manutenzione-uliveti.webp","type":"image\/webp"}],"twitter_card":"summary_large_image","twitter_misc":{"Dur\u00e9e de lecture estim\u00e9e":"1 minute"},"schema":{"@context":"https:\/\/schema.org","@graph":[{"@type":"WebPage","@id":"https:\/\/www.maroservice.it\/fr\/services-de-jardinage\/entretien-des-oliveraies\/","url":"https:\/\/www.maroservice.it\/fr\/services-de-jardinage\/entretien-des-oliveraies\/","name":"Entretien et entretien des oliveraies professionnelles | Service Maro","isPartOf":{"@id":"https:\/\/www.maroservice.it\/#website"},"primaryImageOfPage":{"@id":"https:\/\/www.maroservice.it\/fr\/services-de-jardinage\/entretien-des-oliveraies\/#primaryimage"},"image":{"@id":"https:\/\/www.maroservice.it\/fr\/services-de-jardinage\/entretien-des-oliveraies\/#primaryimage"},"thumbnailUrl":"https:\/\/www.maroservice.it\/wp-content\/uploads\/2023\/10\/manutenzione-uliveti.webp","datePublished":"2023-10-11T21:59:42+00:00","dateModified":"2024-11-21T08:08:43+00:00","description":"Confiez l'entretien et l'entretien de votre oliveraie \u00e0 Maro Service : taille, fertilisation, traitements phytosanitaires et r\u00e9colte des olives. Comp\u00e9tence et flexibilit\u00e9 maximales pour la productivit\u00e9 de vos oliviers.","breadcrumb":{"@id":"https:\/\/www.maroservice.it\/fr\/services-de-jardinage\/entretien-des-oliveraies\/#breadcrumb"},"inLanguage":"fr-FR","potentialAction":[{"@type":"ReadAction","target":["https:\/\/www.maroservice.it\/fr\/services-de-jardinage\/entretien-des-oliveraies\/"]}]},{"@type":"ImageObject","inLanguage":"fr-FR","@id":"https:\/\/www.maroservice.it\/fr\/services-de-jardinage\/entretien-des-oliveraies\/#primaryimage","url":"https:\/\/www.maroservice.it\/wp-content\/uploads\/2023\/10\/manutenzione-uliveti.webp","contentUrl":"https:\/\/www.maroservice.it\/wp-content\/uploads\/2023\/10\/manutenzione-uliveti.webp","width":1500,"height":840},{"@type":"BreadcrumbList","@id":"https:\/\/www.maroservice.it\/fr\/services-de-jardinage\/entretien-des-oliveraies\/#breadcrumb","itemListElement":[{"@type":"ListItem","position":1,"name":"Home","item":"https:\/\/www.maroservice.it\/fr\/"},{"@type":"ListItem","position":2,"name":"Des services de jardinage professionnels pour des espaces verts d\u2019excellence","item":"https:\/\/www.maroservice.it\/fr\/services-de-jardinage\/"},{"@type":"ListItem","position":3,"name":"Entretien des oliveraies"}]},{"@type":"WebSite","@id":"https:\/\/www.maroservice.it\/#website","url":"https:\/\/www.maroservice.it\/","name":"Maro Garden Design & Landscape","description":"Garden Design &amp; Landscape","publisher":{"@id":"https:\/\/www.maroservice.it\/#organization"},"alternateName":"Maro Service","potentialAction":[{"@type":"SearchAction","target":{"@type":"EntryPoint","urlTemplate":"https:\/\/www.maroservice.it\/?s={search_term_string}"},"query-input":{"@type":"PropertyValueSpecification","valueRequired":true,"valueName":"search_term_string"}}],"inLanguage":"fr-FR"},{"@type":"Organization","@id":"https:\/\/www.maroservice.it\/#organization","name":"Maro Garden Design & Landscape","url":"https:\/\/www.maroservice.it\/","logo":{"@type":"ImageObject","inLanguage":"fr-FR","@id":"https:\/\/www.maroservice.it\/#\/schema\/logo\/image\/","url":"https:\/\/www.maroservice.it\/wp-content\/uploads\/2023\/10\/maro-logo.svg","contentUrl":"https:\/\/www.maroservice.it\/wp-content\/uploads\/2023\/10\/maro-logo.svg","width":"1024","height":"1024","caption":"Maro Garden Design & Landscape"},"image":{"@id":"https:\/\/www.maroservice.it\/#\/schema\/logo\/image\/"}}]}},"_links":{"self":[{"href":"https:\/\/www.maroservice.it\/fr\/wp-json\/wp\/v2\/pages\/1619","targetHints":{"allow":["GET"]}}],"collection":[{"href":"https:\/\/www.maroservice.it\/fr\/wp-json\/wp\/v2\/pages"}],"about":[{"href":"https:\/\/www.maroservice.it\/fr\/wp-json\/wp\/v2\/types\/page"}],"author":[{"embeddable":true,"href":"https:\/\/www.maroservice.it\/fr\/wp-json\/wp\/v2\/users\/1"}],"replies":[{"embeddable":true,"href":"https:\/\/www.maroservice.it\/fr\/wp-json\/wp\/v2\/comments?post=1619"}],"version-history":[{"count":2,"href":"https:\/\/www.maroservice.it\/fr\/wp-json\/wp\/v2\/pages\/1619\/revisions"}],"predecessor-version":[{"id":1658,"href":"https:\/\/www.maroservice.it\/fr\/wp-json\/wp\/v2\/pages\/1619\/revisions\/1658"}],"up":[{"embeddable":true,"href":"https:\/\/www.maroservice.it\/fr\/wp-json\/wp\/v2\/pages\/1596"}],"wp:featuredmedia":[{"embeddable":true,"href":"https:\/\/www.maroservice.it\/fr\/wp-json\/wp\/v2\/media\/1621"}],"wp:attachment":[{"href":"https:\/\/www.maroservice.it\/fr\/wp-json\/wp\/v2\/media?parent=1619"}],"curies":[{"name":"wp","href":"https:\/\/api.w.org\/{rel}","templated":true}]}}