{"id":1665,"date":"2023-10-11T23:57:59","date_gmt":"2023-10-11T21:57:59","guid":{"rendered":"https:\/\/www.maroservice.it\/services-de-jardinage\/fornitura-ed-installazione-di-prato-a-rotoli\/"},"modified":"2024-11-21T09:32:05","modified_gmt":"2024-11-21T08:32:05","slug":"fourniture-et-installation-de-gazon-en-rouleau","status":"publish","type":"page","link":"https:\/\/www.maroservice.it\/fr\/services-de-jardinage\/fourniture-et-installation-de-gazon-en-rouleau\/","title":{"rendered":"Fourniture et installation de gazon en rouleau"},"content":{"rendered":"\n<p>Vous voulez un jardin luxuriant, uniforme et bien entretenu, mais vous ne pouvez pas attendre le calendrier classique des semis\u00a0?<\/p>\n\n\n\n<!--more-->\n\n\n\n<p>Dans ces situations d\u2019urgence, la pose d\u2019un gazon roulant est la solution id\u00e9ale. Il ne s\u2019agit pas de gazon synth\u00e9tique, mais d\u2019un v\u00e9ritable gazon d\u00e9j\u00e0 pr\u00eat, vendu en rouleaux de diff\u00e9rentes tailles.<\/p>\n\n\n\n<p>Nos experts, apr\u00e8s une inspection et une \u00e9valuation minutieuse, choisiront le type de gazon le plus adapt\u00e9 \u00e0 votre situation. L\u2019utilisation d\u2019un m\u00eame gazon dans une zone int\u00e9rieure et dans une zone maritime, par exemple, ne donnera pas les m\u00eames r\u00e9sultats. Le type de sol, le climat et l\u2019exposition au soleil ne sont que quelques-uns des facteurs qui influencent le choix. Sous l\u2019\u0153il attentif de nos professionnels, vous obtiendrez le meilleur r\u00e9sultat en fonction de vos d\u00e9sirs.<\/p>\n\n\n\n<p>Chez Maro, nous garantissons un service complet, tant au niveau de la fourniture que de la pose, y compris les diff\u00e9rentes \u00e9tapes de pr\u00e9paration du sol. Gr\u00e2ce \u00e0 des machines de pointe, une \u00e9quipe de professionnels soigneusement s\u00e9lectionn\u00e9s met \u00e0 nu le sol choisi et le fertilise, afin d\u2019obtenir une couche portante sur laquelle le gazon sera ensuite pos\u00e9.<\/p>\n\n\n\n<p>Vous obtiendrez ainsi un gazon vert, sain et luxuriant, sans devoir attendre le moment d\u2019un semis traditionnel et sans aucune incertitude quant \u00e0 l\u2019aspect final.<\/p>\n\n\n\n<p>Nous sommes pr\u00e9sents dans toute l\u2019Italie. Contactez-nous pour plus d\u2019informations ou pour organiser une inspection, suivie d\u2019un devis gratuit.<\/p>\n","protected":false},"excerpt":{"rendered":"<p>Vous voulez un jardin luxuriant, uniforme et bien entretenu, mais vous ne pouvez pas attendre le calendrier classique des semis\u00a0?<\/p>\n","protected":false},"author":1,"featured_media":1634,"parent":1596,"menu_order":0,"comment_status":"closed","ping_status":"closed","template":"template-service.php","meta":{"_acf_changed":false,"inline_featured_image":false,"footnotes":""},"class_list":["post-1665","page","type-page","status-publish","has-post-thumbnail","hentry"],"acf":[],"yoast_head":"<!-- This site is optimized with the Yoast SEO plugin v27.2 - https:\/\/yoast.com\/product\/yoast-seo-wordpress\/ -->\n<title>Fourniture et installation de gazon en rouleau | Maro Service<\/title>\n<meta name=\"description\" content=\"Transformez votre jardin avec le gazon en rouleau de Maro Service : fourniture d&#039;une vraie pelouse d\u00e9j\u00e0 mature, pr\u00e9paration du sol et pose sur mesure. Contactez-nous pour un devis gratuit!\" \/>\n<meta name=\"robots\" content=\"index, follow, max-snippet:-1, max-image-preview:large, max-video-preview:-1\" \/>\n<link rel=\"canonical\" href=\"https:\/\/www.maroservice.it\/fr\/services-de-jardinage\/fourniture-et-installation-de-gazon-en-rouleau\/\" \/>\n<meta property=\"og:locale\" content=\"fr_FR\" \/>\n<meta property=\"og:type\" content=\"article\" \/>\n<meta property=\"og:title\" content=\"Fourniture et installation de gazon en rouleau | Maro Service\" \/>\n<meta property=\"og:description\" content=\"Transformez votre jardin avec le gazon en rouleau de Maro Service : fourniture d&#039;une vraie pelouse d\u00e9j\u00e0 mature, pr\u00e9paration du sol et pose sur mesure. Contactez-nous pour un devis gratuit!\" \/>\n<meta property=\"og:url\" content=\"https:\/\/www.maroservice.it\/fr\/services-de-jardinage\/fourniture-et-installation-de-gazon-en-rouleau\/\" \/>\n<meta property=\"og:site_name\" content=\"Maro Service\" \/>\n<meta property=\"article:modified_time\" content=\"2024-11-21T08:32:05+00:00\" \/>\n<meta property=\"og:image\" content=\"https:\/\/www.maroservice.it\/wp-content\/uploads\/2023\/10\/prato-rotoli.webp\" \/>\n\t<meta property=\"og:image:width\" content=\"1500\" \/>\n\t<meta property=\"og:image:height\" content=\"840\" \/>\n\t<meta property=\"og:image:type\" content=\"image\/webp\" \/>\n<meta name=\"twitter:card\" content=\"summary_large_image\" \/>\n<meta name=\"twitter:label1\" content=\"Dur\u00e9e de lecture estim\u00e9e\" \/>\n\t<meta name=\"twitter:data1\" content=\"2 minutes\" \/>\n<script type=\"application\/ld+json\" class=\"yoast-schema-graph\">{\"@context\":\"https:\/\/schema.org\",\"@graph\":[{\"@type\":\"WebPage\",\"@id\":\"https:\/\/www.maroservice.it\/fr\/services-de-jardinage\/fourniture-et-installation-de-gazon-en-rouleau\/\",\"url\":\"https:\/\/www.maroservice.it\/fr\/services-de-jardinage\/fourniture-et-installation-de-gazon-en-rouleau\/\",\"name\":\"Fourniture et installation de gazon en rouleau | Maro Service\",\"isPartOf\":{\"@id\":\"https:\/\/www.maroservice.it\/#website\"},\"primaryImageOfPage\":{\"@id\":\"https:\/\/www.maroservice.it\/fr\/services-de-jardinage\/fourniture-et-installation-de-gazon-en-rouleau\/#primaryimage\"},\"image\":{\"@id\":\"https:\/\/www.maroservice.it\/fr\/services-de-jardinage\/fourniture-et-installation-de-gazon-en-rouleau\/#primaryimage\"},\"thumbnailUrl\":\"https:\/\/www.maroservice.it\/wp-content\/uploads\/2023\/10\/prato-rotoli.webp\",\"datePublished\":\"2023-10-11T21:57:59+00:00\",\"dateModified\":\"2024-11-21T08:32:05+00:00\",\"description\":\"Transformez votre jardin avec le gazon en rouleau de Maro Service : fourniture d'une vraie pelouse d\u00e9j\u00e0 mature, pr\u00e9paration du sol et pose sur mesure. Contactez-nous pour un devis gratuit!\",\"breadcrumb\":{\"@id\":\"https:\/\/www.maroservice.it\/fr\/services-de-jardinage\/fourniture-et-installation-de-gazon-en-rouleau\/#breadcrumb\"},\"inLanguage\":\"fr-FR\",\"potentialAction\":[{\"@type\":\"ReadAction\",\"target\":[\"https:\/\/www.maroservice.it\/fr\/services-de-jardinage\/fourniture-et-installation-de-gazon-en-rouleau\/\"]}]},{\"@type\":\"ImageObject\",\"inLanguage\":\"fr-FR\",\"@id\":\"https:\/\/www.maroservice.it\/fr\/services-de-jardinage\/fourniture-et-installation-de-gazon-en-rouleau\/#primaryimage\",\"url\":\"https:\/\/www.maroservice.it\/wp-content\/uploads\/2023\/10\/prato-rotoli.webp\",\"contentUrl\":\"https:\/\/www.maroservice.it\/wp-content\/uploads\/2023\/10\/prato-rotoli.webp\",\"width\":1500,\"height\":840},{\"@type\":\"BreadcrumbList\",\"@id\":\"https:\/\/www.maroservice.it\/fr\/services-de-jardinage\/fourniture-et-installation-de-gazon-en-rouleau\/#breadcrumb\",\"itemListElement\":[{\"@type\":\"ListItem\",\"position\":1,\"name\":\"Home\",\"item\":\"https:\/\/www.maroservice.it\/fr\/\"},{\"@type\":\"ListItem\",\"position\":2,\"name\":\"Des services de jardinage professionnels pour des espaces verts d\u2019excellence\",\"item\":\"https:\/\/www.maroservice.it\/fr\/services-de-jardinage\/\"},{\"@type\":\"ListItem\",\"position\":3,\"name\":\"Fourniture et installation de gazon en rouleau\"}]},{\"@type\":\"WebSite\",\"@id\":\"https:\/\/www.maroservice.it\/#website\",\"url\":\"https:\/\/www.maroservice.it\/\",\"name\":\"Maro Garden Design & Landscape\",\"description\":\"Garden Design &amp; Landscape\",\"publisher\":{\"@id\":\"https:\/\/www.maroservice.it\/#organization\"},\"alternateName\":\"Maro Service\",\"potentialAction\":[{\"@type\":\"SearchAction\",\"target\":{\"@type\":\"EntryPoint\",\"urlTemplate\":\"https:\/\/www.maroservice.it\/?s={search_term_string}\"},\"query-input\":{\"@type\":\"PropertyValueSpecification\",\"valueRequired\":true,\"valueName\":\"search_term_string\"}}],\"inLanguage\":\"fr-FR\"},{\"@type\":\"Organization\",\"@id\":\"https:\/\/www.maroservice.it\/#organization\",\"name\":\"Maro Garden Design & Landscape\",\"url\":\"https:\/\/www.maroservice.it\/\",\"logo\":{\"@type\":\"ImageObject\",\"inLanguage\":\"fr-FR\",\"@id\":\"https:\/\/www.maroservice.it\/#\/schema\/logo\/image\/\",\"url\":\"https:\/\/www.maroservice.it\/wp-content\/uploads\/2023\/10\/maro-logo.svg\",\"contentUrl\":\"https:\/\/www.maroservice.it\/wp-content\/uploads\/2023\/10\/maro-logo.svg\",\"width\":\"1024\",\"height\":\"1024\",\"caption\":\"Maro Garden Design & Landscape\"},\"image\":{\"@id\":\"https:\/\/www.maroservice.it\/#\/schema\/logo\/image\/\"}}]}<\/script>\n<!-- \/ Yoast SEO plugin. -->","yoast_head_json":{"title":"Fourniture et installation de gazon en rouleau | Maro Service","description":"Transformez votre jardin avec le gazon en rouleau de Maro Service : fourniture d'une vraie pelouse d\u00e9j\u00e0 mature, pr\u00e9paration du sol et pose sur mesure. Contactez-nous pour un devis gratuit!","robots":{"index":"index","follow":"follow","max-snippet":"max-snippet:-1","max-image-preview":"max-image-preview:large","max-video-preview":"max-video-preview:-1"},"canonical":"https:\/\/www.maroservice.it\/fr\/services-de-jardinage\/fourniture-et-installation-de-gazon-en-rouleau\/","og_locale":"fr_FR","og_type":"article","og_title":"Fourniture et installation de gazon en rouleau | Maro Service","og_description":"Transformez votre jardin avec le gazon en rouleau de Maro Service : fourniture d'une vraie pelouse d\u00e9j\u00e0 mature, pr\u00e9paration du sol et pose sur mesure. Contactez-nous pour un devis gratuit!","og_url":"https:\/\/www.maroservice.it\/fr\/services-de-jardinage\/fourniture-et-installation-de-gazon-en-rouleau\/","og_site_name":"Maro Service","article_modified_time":"2024-11-21T08:32:05+00:00","og_image":[{"width":1500,"height":840,"url":"https:\/\/www.maroservice.it\/wp-content\/uploads\/2023\/10\/prato-rotoli.webp","type":"image\/webp"}],"twitter_card":"summary_large_image","twitter_misc":{"Dur\u00e9e de lecture estim\u00e9e":"2 minutes"},"schema":{"@context":"https:\/\/schema.org","@graph":[{"@type":"WebPage","@id":"https:\/\/www.maroservice.it\/fr\/services-de-jardinage\/fourniture-et-installation-de-gazon-en-rouleau\/","url":"https:\/\/www.maroservice.it\/fr\/services-de-jardinage\/fourniture-et-installation-de-gazon-en-rouleau\/","name":"Fourniture et installation de gazon en rouleau | Maro Service","isPartOf":{"@id":"https:\/\/www.maroservice.it\/#website"},"primaryImageOfPage":{"@id":"https:\/\/www.maroservice.it\/fr\/services-de-jardinage\/fourniture-et-installation-de-gazon-en-rouleau\/#primaryimage"},"image":{"@id":"https:\/\/www.maroservice.it\/fr\/services-de-jardinage\/fourniture-et-installation-de-gazon-en-rouleau\/#primaryimage"},"thumbnailUrl":"https:\/\/www.maroservice.it\/wp-content\/uploads\/2023\/10\/prato-rotoli.webp","datePublished":"2023-10-11T21:57:59+00:00","dateModified":"2024-11-21T08:32:05+00:00","description":"Transformez votre jardin avec le gazon en rouleau de Maro Service : fourniture d'une vraie pelouse d\u00e9j\u00e0 mature, pr\u00e9paration du sol et pose sur mesure. Contactez-nous pour un devis gratuit!","breadcrumb":{"@id":"https:\/\/www.maroservice.it\/fr\/services-de-jardinage\/fourniture-et-installation-de-gazon-en-rouleau\/#breadcrumb"},"inLanguage":"fr-FR","potentialAction":[{"@type":"ReadAction","target":["https:\/\/www.maroservice.it\/fr\/services-de-jardinage\/fourniture-et-installation-de-gazon-en-rouleau\/"]}]},{"@type":"ImageObject","inLanguage":"fr-FR","@id":"https:\/\/www.maroservice.it\/fr\/services-de-jardinage\/fourniture-et-installation-de-gazon-en-rouleau\/#primaryimage","url":"https:\/\/www.maroservice.it\/wp-content\/uploads\/2023\/10\/prato-rotoli.webp","contentUrl":"https:\/\/www.maroservice.it\/wp-content\/uploads\/2023\/10\/prato-rotoli.webp","width":1500,"height":840},{"@type":"BreadcrumbList","@id":"https:\/\/www.maroservice.it\/fr\/services-de-jardinage\/fourniture-et-installation-de-gazon-en-rouleau\/#breadcrumb","itemListElement":[{"@type":"ListItem","position":1,"name":"Home","item":"https:\/\/www.maroservice.it\/fr\/"},{"@type":"ListItem","position":2,"name":"Des services de jardinage professionnels pour des espaces verts d\u2019excellence","item":"https:\/\/www.maroservice.it\/fr\/services-de-jardinage\/"},{"@type":"ListItem","position":3,"name":"Fourniture et installation de gazon en rouleau"}]},{"@type":"WebSite","@id":"https:\/\/www.maroservice.it\/#website","url":"https:\/\/www.maroservice.it\/","name":"Maro Garden Design & Landscape","description":"Garden Design &amp; Landscape","publisher":{"@id":"https:\/\/www.maroservice.it\/#organization"},"alternateName":"Maro Service","potentialAction":[{"@type":"SearchAction","target":{"@type":"EntryPoint","urlTemplate":"https:\/\/www.maroservice.it\/?s={search_term_string}"},"query-input":{"@type":"PropertyValueSpecification","valueRequired":true,"valueName":"search_term_string"}}],"inLanguage":"fr-FR"},{"@type":"Organization","@id":"https:\/\/www.maroservice.it\/#organization","name":"Maro Garden Design & Landscape","url":"https:\/\/www.maroservice.it\/","logo":{"@type":"ImageObject","inLanguage":"fr-FR","@id":"https:\/\/www.maroservice.it\/#\/schema\/logo\/image\/","url":"https:\/\/www.maroservice.it\/wp-content\/uploads\/2023\/10\/maro-logo.svg","contentUrl":"https:\/\/www.maroservice.it\/wp-content\/uploads\/2023\/10\/maro-logo.svg","width":"1024","height":"1024","caption":"Maro Garden Design & Landscape"},"image":{"@id":"https:\/\/www.maroservice.it\/#\/schema\/logo\/image\/"}}]}},"_links":{"self":[{"href":"https:\/\/www.maroservice.it\/fr\/wp-json\/wp\/v2\/pages\/1665","targetHints":{"allow":["GET"]}}],"collection":[{"href":"https:\/\/www.maroservice.it\/fr\/wp-json\/wp\/v2\/pages"}],"about":[{"href":"https:\/\/www.maroservice.it\/fr\/wp-json\/wp\/v2\/types\/page"}],"author":[{"embeddable":true,"href":"https:\/\/www.maroservice.it\/fr\/wp-json\/wp\/v2\/users\/1"}],"replies":[{"embeddable":true,"href":"https:\/\/www.maroservice.it\/fr\/wp-json\/wp\/v2\/comments?post=1665"}],"version-history":[{"count":2,"href":"https:\/\/www.maroservice.it\/fr\/wp-json\/wp\/v2\/pages\/1665\/revisions"}],"predecessor-version":[{"id":1723,"href":"https:\/\/www.maroservice.it\/fr\/wp-json\/wp\/v2\/pages\/1665\/revisions\/1723"}],"up":[{"embeddable":true,"href":"https:\/\/www.maroservice.it\/fr\/wp-json\/wp\/v2\/pages\/1596"}],"wp:featuredmedia":[{"embeddable":true,"href":"https:\/\/www.maroservice.it\/fr\/wp-json\/wp\/v2\/media\/1634"}],"wp:attachment":[{"href":"https:\/\/www.maroservice.it\/fr\/wp-json\/wp\/v2\/media?parent=1665"}],"curies":[{"name":"wp","href":"https:\/\/api.w.org\/{rel}","templated":true}]}}