{"id":1730,"date":"2023-10-11T23:54:35","date_gmt":"2023-10-11T21:54:35","guid":{"rendered":"https:\/\/www.maroservice.it\/services-de-jardinage\/manutenzione-di-parchi-e-giardini\/"},"modified":"2024-11-21T09:41:19","modified_gmt":"2024-11-21T08:41:19","slug":"entretien-de-parcs-et-de-jardins","status":"publish","type":"page","link":"https:\/\/www.maroservice.it\/fr\/services-de-jardinage\/entretien-de-parcs-et-de-jardins\/","title":{"rendered":"Entretien de parcs et de jardins"},"content":{"rendered":"\n<p>Lorsque l\u2019on poss\u00e8de un jardin ou un parc, on se rend vite compte qu\u2019il faut l\u2019entretenir constamment.<\/p>\n\n\n\n<!--more-->\n\n\n\n<p>Pour que les plantes restent saines et luxuriantes, et pour g\u00e9rer leurs besoins, il faut une attention et des soins constants. C\u2019est pourquoi Maro propose un service d\u2019entretien des espaces verts fiable et tr\u00e8s complet.<\/p>\n\n\n\n<p>Gr\u00e2ce \u00e0 une \u00e9quipe diversifi\u00e9e de professionnels et \u00e0 l\u2019utilisation d\u2019\u00e9quipements de pointe, nous sommes en mesure de garantir un service d\u2019entretien courant et extraordinaire rapide et efficace. Notre vaste arsenal comprend&nbsp;: un semoir hydrostatique, pour r\u00e9g\u00e9n\u00e9rer le gazon&nbsp;; un carottier, pour assouplir le sol et le travailler avec des engrais&nbsp;; un a\u00e9rateur m\u00e9canique pour oxyg\u00e9ner le sol et les racines.<\/p>\n\n\n\n<p>Gr\u00e2ce \u00e0 une planification minutieuse des travaux, indispensable surtout pour l\u2019entretien ordinaire, et \u00e0 une surveillance constante des espaces verts, nous prenons les mesures qui s\u2019imposent.<\/p>\n\n\n\n<p>Qu\u2019il s\u2019agisse de la tonte de pelouses ornementales, de la taille automnale, hivernale et estivale de plantes et d\u2019arbustes, de l\u2019\u00e9limination des d\u00e9chets, de la fertilisation hivernale, printani\u00e8re et estivale, de l\u2019entretien des pelouses, de l\u2019a\u00e9ration et du carottage, nos sp\u00e9cialistes agiront de la mani\u00e8re la plus appropri\u00e9e pour pr\u00e9server la sant\u00e9 de vos espaces verts et leur redonner de l\u2019\u00e9clat.<\/p>\n\n\n\n<p>L\u2019importance de faire appel \u00e0 un expert n\u2019est pas n\u00e9gligeable. De nombreuses interventions doivent \u00eatre \u00e9valu\u00e9es pour que votre jardin reste sain, soign\u00e9 et florissant, et un \u0153il attentif, form\u00e9 par des ann\u00e9es d\u2019exp\u00e9rience, sait les identifier et les mettre en \u0153uvre de la meilleure fa\u00e7on possible.<\/p>\n\n\n\n<p>Maro est active dans tout le pays et fait de l\u2019entretien des espaces verts, ainsi que de leur conception, l\u2019un de ses principaux services. Contactez-nous pour planifier une inspection et obtenir un devis gratuit, nous vous guiderons vers la solution la plus adapt\u00e9e \u00e0 vos besoins et \u00e0 vos exigences.<\/p>\n","protected":false},"excerpt":{"rendered":"<p>Lorsque l\u2019on poss\u00e8de un jardin ou un parc, on se rend vite compte qu\u2019il faut l\u2019entretenir constamment.<\/p>\n","protected":false},"author":1,"featured_media":1632,"parent":1596,"menu_order":0,"comment_status":"closed","ping_status":"closed","template":"template-service.php","meta":{"_acf_changed":false,"inline_featured_image":false,"footnotes":""},"class_list":["post-1730","page","type-page","status-publish","has-post-thumbnail","hentry"],"acf":[],"yoast_head":"<!-- This site is optimized with the Yoast SEO plugin v27.2 - https:\/\/yoast.com\/product\/yoast-seo-wordpress\/ -->\n<title>Entretien des Parcs et Jardins | Service Maro<\/title>\n<meta name=\"description\" content=\"Confiez l&#039;entretien des parcs et jardins \u00e0 Maro Service : entretien ordinaire et extraordinaire avec des \u00e9quipements de pointe et des professionnels experts. Devis gratuit !\" \/>\n<meta name=\"robots\" content=\"index, follow, max-snippet:-1, max-image-preview:large, max-video-preview:-1\" \/>\n<link rel=\"canonical\" href=\"https:\/\/www.maroservice.it\/fr\/services-de-jardinage\/entretien-de-parcs-et-de-jardins\/\" \/>\n<meta property=\"og:locale\" content=\"fr_FR\" \/>\n<meta property=\"og:type\" content=\"article\" \/>\n<meta property=\"og:title\" content=\"Entretien des Parcs et Jardins | Service Maro\" \/>\n<meta property=\"og:description\" content=\"Confiez l&#039;entretien des parcs et jardins \u00e0 Maro Service : entretien ordinaire et extraordinaire avec des \u00e9quipements de pointe et des professionnels experts. Devis gratuit !\" \/>\n<meta property=\"og:url\" content=\"https:\/\/www.maroservice.it\/fr\/services-de-jardinage\/entretien-de-parcs-et-de-jardins\/\" \/>\n<meta property=\"og:site_name\" content=\"Maro Service\" \/>\n<meta property=\"article:modified_time\" content=\"2024-11-21T08:41:19+00:00\" \/>\n<meta property=\"og:image\" content=\"https:\/\/www.maroservice.it\/wp-content\/uploads\/2023\/10\/manutenzione-giardini-e-parchi.webp\" \/>\n\t<meta property=\"og:image:width\" content=\"1500\" \/>\n\t<meta property=\"og:image:height\" content=\"840\" \/>\n\t<meta property=\"og:image:type\" content=\"image\/webp\" \/>\n<meta name=\"twitter:card\" content=\"summary_large_image\" \/>\n<meta name=\"twitter:label1\" content=\"Dur\u00e9e de lecture estim\u00e9e\" \/>\n\t<meta name=\"twitter:data1\" content=\"2 minutes\" \/>\n<script type=\"application\/ld+json\" class=\"yoast-schema-graph\">{\"@context\":\"https:\/\/schema.org\",\"@graph\":[{\"@type\":\"WebPage\",\"@id\":\"https:\/\/www.maroservice.it\/fr\/services-de-jardinage\/entretien-de-parcs-et-de-jardins\/\",\"url\":\"https:\/\/www.maroservice.it\/fr\/services-de-jardinage\/entretien-de-parcs-et-de-jardins\/\",\"name\":\"Entretien des Parcs et Jardins | Service Maro\",\"isPartOf\":{\"@id\":\"https:\/\/www.maroservice.it\/#website\"},\"primaryImageOfPage\":{\"@id\":\"https:\/\/www.maroservice.it\/fr\/services-de-jardinage\/entretien-de-parcs-et-de-jardins\/#primaryimage\"},\"image\":{\"@id\":\"https:\/\/www.maroservice.it\/fr\/services-de-jardinage\/entretien-de-parcs-et-de-jardins\/#primaryimage\"},\"thumbnailUrl\":\"https:\/\/www.maroservice.it\/wp-content\/uploads\/2023\/10\/manutenzione-giardini-e-parchi.webp\",\"datePublished\":\"2023-10-11T21:54:35+00:00\",\"dateModified\":\"2024-11-21T08:41:19+00:00\",\"description\":\"Confiez l'entretien des parcs et jardins \u00e0 Maro Service : entretien ordinaire et extraordinaire avec des \u00e9quipements de pointe et des professionnels experts. Devis gratuit !\",\"breadcrumb\":{\"@id\":\"https:\/\/www.maroservice.it\/fr\/services-de-jardinage\/entretien-de-parcs-et-de-jardins\/#breadcrumb\"},\"inLanguage\":\"fr-FR\",\"potentialAction\":[{\"@type\":\"ReadAction\",\"target\":[\"https:\/\/www.maroservice.it\/fr\/services-de-jardinage\/entretien-de-parcs-et-de-jardins\/\"]}]},{\"@type\":\"ImageObject\",\"inLanguage\":\"fr-FR\",\"@id\":\"https:\/\/www.maroservice.it\/fr\/services-de-jardinage\/entretien-de-parcs-et-de-jardins\/#primaryimage\",\"url\":\"https:\/\/www.maroservice.it\/wp-content\/uploads\/2023\/10\/manutenzione-giardini-e-parchi.webp\",\"contentUrl\":\"https:\/\/www.maroservice.it\/wp-content\/uploads\/2023\/10\/manutenzione-giardini-e-parchi.webp\",\"width\":1500,\"height\":840},{\"@type\":\"BreadcrumbList\",\"@id\":\"https:\/\/www.maroservice.it\/fr\/services-de-jardinage\/entretien-de-parcs-et-de-jardins\/#breadcrumb\",\"itemListElement\":[{\"@type\":\"ListItem\",\"position\":1,\"name\":\"Home\",\"item\":\"https:\/\/www.maroservice.it\/fr\/\"},{\"@type\":\"ListItem\",\"position\":2,\"name\":\"Des services de jardinage professionnels pour des espaces verts d\u2019excellence\",\"item\":\"https:\/\/www.maroservice.it\/fr\/services-de-jardinage\/\"},{\"@type\":\"ListItem\",\"position\":3,\"name\":\"Entretien de parcs et de jardins\"}]},{\"@type\":\"WebSite\",\"@id\":\"https:\/\/www.maroservice.it\/#website\",\"url\":\"https:\/\/www.maroservice.it\/\",\"name\":\"Maro Garden Design & Landscape\",\"description\":\"Garden Design &amp; Landscape\",\"publisher\":{\"@id\":\"https:\/\/www.maroservice.it\/#organization\"},\"alternateName\":\"Maro Service\",\"potentialAction\":[{\"@type\":\"SearchAction\",\"target\":{\"@type\":\"EntryPoint\",\"urlTemplate\":\"https:\/\/www.maroservice.it\/?s={search_term_string}\"},\"query-input\":{\"@type\":\"PropertyValueSpecification\",\"valueRequired\":true,\"valueName\":\"search_term_string\"}}],\"inLanguage\":\"fr-FR\"},{\"@type\":\"Organization\",\"@id\":\"https:\/\/www.maroservice.it\/#organization\",\"name\":\"Maro Garden Design & Landscape\",\"url\":\"https:\/\/www.maroservice.it\/\",\"logo\":{\"@type\":\"ImageObject\",\"inLanguage\":\"fr-FR\",\"@id\":\"https:\/\/www.maroservice.it\/#\/schema\/logo\/image\/\",\"url\":\"https:\/\/www.maroservice.it\/wp-content\/uploads\/2023\/10\/maro-logo.svg\",\"contentUrl\":\"https:\/\/www.maroservice.it\/wp-content\/uploads\/2023\/10\/maro-logo.svg\",\"width\":\"1024\",\"height\":\"1024\",\"caption\":\"Maro Garden Design & Landscape\"},\"image\":{\"@id\":\"https:\/\/www.maroservice.it\/#\/schema\/logo\/image\/\"}}]}<\/script>\n<!-- \/ Yoast SEO plugin. -->","yoast_head_json":{"title":"Entretien des Parcs et Jardins | Service Maro","description":"Confiez l'entretien des parcs et jardins \u00e0 Maro Service : entretien ordinaire et extraordinaire avec des \u00e9quipements de pointe et des professionnels experts. Devis gratuit !","robots":{"index":"index","follow":"follow","max-snippet":"max-snippet:-1","max-image-preview":"max-image-preview:large","max-video-preview":"max-video-preview:-1"},"canonical":"https:\/\/www.maroservice.it\/fr\/services-de-jardinage\/entretien-de-parcs-et-de-jardins\/","og_locale":"fr_FR","og_type":"article","og_title":"Entretien des Parcs et Jardins | Service Maro","og_description":"Confiez l'entretien des parcs et jardins \u00e0 Maro Service : entretien ordinaire et extraordinaire avec des \u00e9quipements de pointe et des professionnels experts. Devis gratuit !","og_url":"https:\/\/www.maroservice.it\/fr\/services-de-jardinage\/entretien-de-parcs-et-de-jardins\/","og_site_name":"Maro Service","article_modified_time":"2024-11-21T08:41:19+00:00","og_image":[{"width":1500,"height":840,"url":"https:\/\/www.maroservice.it\/wp-content\/uploads\/2023\/10\/manutenzione-giardini-e-parchi.webp","type":"image\/webp"}],"twitter_card":"summary_large_image","twitter_misc":{"Dur\u00e9e de lecture estim\u00e9e":"2 minutes"},"schema":{"@context":"https:\/\/schema.org","@graph":[{"@type":"WebPage","@id":"https:\/\/www.maroservice.it\/fr\/services-de-jardinage\/entretien-de-parcs-et-de-jardins\/","url":"https:\/\/www.maroservice.it\/fr\/services-de-jardinage\/entretien-de-parcs-et-de-jardins\/","name":"Entretien des Parcs et Jardins | Service Maro","isPartOf":{"@id":"https:\/\/www.maroservice.it\/#website"},"primaryImageOfPage":{"@id":"https:\/\/www.maroservice.it\/fr\/services-de-jardinage\/entretien-de-parcs-et-de-jardins\/#primaryimage"},"image":{"@id":"https:\/\/www.maroservice.it\/fr\/services-de-jardinage\/entretien-de-parcs-et-de-jardins\/#primaryimage"},"thumbnailUrl":"https:\/\/www.maroservice.it\/wp-content\/uploads\/2023\/10\/manutenzione-giardini-e-parchi.webp","datePublished":"2023-10-11T21:54:35+00:00","dateModified":"2024-11-21T08:41:19+00:00","description":"Confiez l'entretien des parcs et jardins \u00e0 Maro Service : entretien ordinaire et extraordinaire avec des \u00e9quipements de pointe et des professionnels experts. Devis gratuit !","breadcrumb":{"@id":"https:\/\/www.maroservice.it\/fr\/services-de-jardinage\/entretien-de-parcs-et-de-jardins\/#breadcrumb"},"inLanguage":"fr-FR","potentialAction":[{"@type":"ReadAction","target":["https:\/\/www.maroservice.it\/fr\/services-de-jardinage\/entretien-de-parcs-et-de-jardins\/"]}]},{"@type":"ImageObject","inLanguage":"fr-FR","@id":"https:\/\/www.maroservice.it\/fr\/services-de-jardinage\/entretien-de-parcs-et-de-jardins\/#primaryimage","url":"https:\/\/www.maroservice.it\/wp-content\/uploads\/2023\/10\/manutenzione-giardini-e-parchi.webp","contentUrl":"https:\/\/www.maroservice.it\/wp-content\/uploads\/2023\/10\/manutenzione-giardini-e-parchi.webp","width":1500,"height":840},{"@type":"BreadcrumbList","@id":"https:\/\/www.maroservice.it\/fr\/services-de-jardinage\/entretien-de-parcs-et-de-jardins\/#breadcrumb","itemListElement":[{"@type":"ListItem","position":1,"name":"Home","item":"https:\/\/www.maroservice.it\/fr\/"},{"@type":"ListItem","position":2,"name":"Des services de jardinage professionnels pour des espaces verts d\u2019excellence","item":"https:\/\/www.maroservice.it\/fr\/services-de-jardinage\/"},{"@type":"ListItem","position":3,"name":"Entretien de parcs et de jardins"}]},{"@type":"WebSite","@id":"https:\/\/www.maroservice.it\/#website","url":"https:\/\/www.maroservice.it\/","name":"Maro Garden Design & Landscape","description":"Garden Design &amp; Landscape","publisher":{"@id":"https:\/\/www.maroservice.it\/#organization"},"alternateName":"Maro Service","potentialAction":[{"@type":"SearchAction","target":{"@type":"EntryPoint","urlTemplate":"https:\/\/www.maroservice.it\/?s={search_term_string}"},"query-input":{"@type":"PropertyValueSpecification","valueRequired":true,"valueName":"search_term_string"}}],"inLanguage":"fr-FR"},{"@type":"Organization","@id":"https:\/\/www.maroservice.it\/#organization","name":"Maro Garden Design & Landscape","url":"https:\/\/www.maroservice.it\/","logo":{"@type":"ImageObject","inLanguage":"fr-FR","@id":"https:\/\/www.maroservice.it\/#\/schema\/logo\/image\/","url":"https:\/\/www.maroservice.it\/wp-content\/uploads\/2023\/10\/maro-logo.svg","contentUrl":"https:\/\/www.maroservice.it\/wp-content\/uploads\/2023\/10\/maro-logo.svg","width":"1024","height":"1024","caption":"Maro Garden Design & Landscape"},"image":{"@id":"https:\/\/www.maroservice.it\/#\/schema\/logo\/image\/"}}]}},"_links":{"self":[{"href":"https:\/\/www.maroservice.it\/fr\/wp-json\/wp\/v2\/pages\/1730","targetHints":{"allow":["GET"]}}],"collection":[{"href":"https:\/\/www.maroservice.it\/fr\/wp-json\/wp\/v2\/pages"}],"about":[{"href":"https:\/\/www.maroservice.it\/fr\/wp-json\/wp\/v2\/types\/page"}],"author":[{"embeddable":true,"href":"https:\/\/www.maroservice.it\/fr\/wp-json\/wp\/v2\/users\/1"}],"replies":[{"embeddable":true,"href":"https:\/\/www.maroservice.it\/fr\/wp-json\/wp\/v2\/comments?post=1730"}],"version-history":[{"count":2,"href":"https:\/\/www.maroservice.it\/fr\/wp-json\/wp\/v2\/pages\/1730\/revisions"}],"predecessor-version":[{"id":1739,"href":"https:\/\/www.maroservice.it\/fr\/wp-json\/wp\/v2\/pages\/1730\/revisions\/1739"}],"up":[{"embeddable":true,"href":"https:\/\/www.maroservice.it\/fr\/wp-json\/wp\/v2\/pages\/1596"}],"wp:featuredmedia":[{"embeddable":true,"href":"https:\/\/www.maroservice.it\/fr\/wp-json\/wp\/v2\/media\/1632"}],"wp:attachment":[{"href":"https:\/\/www.maroservice.it\/fr\/wp-json\/wp\/v2\/media?parent=1730"}],"curies":[{"name":"wp","href":"https:\/\/api.w.org\/{rel}","templated":true}]}}