{"id":1780,"date":"2023-10-04T01:27:21","date_gmt":"2023-10-03T23:27:21","guid":{"rendered":"https:\/\/www.maroservice.it\/services-de-jardinage\/progettazione-giardini\/"},"modified":"2024-11-21T10:20:15","modified_gmt":"2024-11-21T09:20:15","slug":"conception-de-jardins","status":"publish","type":"page","link":"https:\/\/www.maroservice.it\/fr\/services-de-jardinage\/conception-de-jardins\/","title":{"rendered":"Conception de jardins"},"content":{"rendered":"\n<p>La conception d\u2019un espace vert exige un go\u00fbt esth\u00e9tique prononc\u00e9, actualis\u00e9 en fonction des derni\u00e8res tendances, une vaste connaissance des besoins de toutes les esp\u00e8ces v\u00e9g\u00e9tales concern\u00e9es et une attention soutenue aux aspects pratiques et fonctionnels d\u2019une vision donn\u00e9e.<\/p>\n\n\n\n<!--more-->\n\n\n\n<p>La longue exp\u00e9rience de Maro dans la conception et la r\u00e9alisation de jardins priv\u00e9s et commerciaux nous permet d\u2019offrir un service complet et de qualit\u00e9, de la phase de conception \u00e0 la r\u00e9alisation du jardin de vos r\u00eaves.<\/p>\n\n\n\n<p>Gr\u00e2ce \u00e0 notre \u00e9quipe d\u2019experts, dirig\u00e9e par Massimo Meucci et ses connaissances botaniques, nous nous effor\u00e7ons d\u2019identifier la solution la plus adapt\u00e9e \u00e0 vos besoins, celle qui refl\u00e8te le mieux vos souhaits, et de la concr\u00e9tiser. Un architecte paysagiste vous fournira \u00e9galement des plans, afin de vous donner une vision concr\u00e8te de l\u2019id\u00e9e \u00e0 r\u00e9aliser.<\/p>\n\n\n\n<p>Chez Maro, nous nous effor\u00e7ons de r\u00e9pondre \u00e0 vos exigences et \u00e0 vos attentes par une approche professionnelle, minutieuse et efficace, en prenant en charge tous vos besoins, de la fourniture \u00e0 l\u2019installation des syst\u00e8mes \u00e9lectriques et d\u2019irrigation, du transport \u00e0 la livraison des plantes, de la construction des cl\u00f4tures aux \u00e9l\u00e9ments de ma\u00e7onnerie.<\/p>\n\n\n\n<p>Nos professionnels se chargent de l\u2019ensemble du processus de conception et d\u2019installation, depuis l\u2019inspection initiale jusqu\u2019\u00e0 l\u2019ach\u00e8vement des travaux, toujours sous l\u2019\u0153il expert de Massimo. Le tout avec le plus grand professionnalisme, la plus grande comp\u00e9tence et la plus grande flexibilit\u00e9.<\/p>\n\n\n\n<p>Actifs dans tout le pays, nous nous occupons de la conception, mais aussi de l\u2019entretien des jardins, l\u2019un de nos services d\u2019excellence. Contactez-nous pour planifier une inspection et obtenir un devis gratuit, nous vous guiderons vers la solution la plus adapt\u00e9e \u00e0 vos besoins et \u00e0 vos envies.<\/p>\n","protected":false},"excerpt":{"rendered":"<p>La conception d\u2019un espace vert exige un go\u00fbt esth\u00e9tique prononc\u00e9, actualis\u00e9 en fonction des derni\u00e8res tendances, une vaste connaissance des besoins de toutes les esp\u00e8ces v\u00e9g\u00e9tales concern\u00e9es et une attention soutenue aux aspects pratiques et fonctionnels d\u2019une vision donn\u00e9e.<\/p>\n","protected":false},"author":1,"featured_media":1630,"parent":1596,"menu_order":0,"comment_status":"closed","ping_status":"closed","template":"template-service.php","meta":{"_acf_changed":false,"inline_featured_image":false,"footnotes":""},"class_list":["post-1780","page","type-page","status-publish","has-post-thumbnail","hentry"],"acf":[],"yoast_head":"<!-- This site is optimized with the Yoast SEO plugin v27.2 - https:\/\/yoast.com\/product\/yoast-seo-wordpress\/ -->\n<title>Conception de jardin personnalis\u00e9e | Service Maro<\/title>\n<meta name=\"description\" content=\"Confiez la conception de votre jardin \u00e0 Maro Service: esth\u00e9tique, fonctionnalit\u00e9 et souci du d\u00e9tail. Des solutions sur mesure avec une \u00e9quipe d&#039;experts. Devis gratuit!\" \/>\n<meta name=\"robots\" content=\"index, follow, max-snippet:-1, max-image-preview:large, max-video-preview:-1\" \/>\n<link rel=\"canonical\" href=\"https:\/\/www.maroservice.it\/fr\/services-de-jardinage\/conception-de-jardins\/\" \/>\n<meta property=\"og:locale\" content=\"fr_FR\" \/>\n<meta property=\"og:type\" content=\"article\" \/>\n<meta property=\"og:title\" content=\"Conception de jardin personnalis\u00e9e | Service Maro\" \/>\n<meta property=\"og:description\" content=\"Confiez la conception de votre jardin \u00e0 Maro Service: esth\u00e9tique, fonctionnalit\u00e9 et souci du d\u00e9tail. Des solutions sur mesure avec une \u00e9quipe d&#039;experts. Devis gratuit!\" \/>\n<meta property=\"og:url\" content=\"https:\/\/www.maroservice.it\/fr\/services-de-jardinage\/conception-de-jardins\/\" \/>\n<meta property=\"og:site_name\" content=\"Maro Service\" \/>\n<meta property=\"article:modified_time\" content=\"2024-11-21T09:20:15+00:00\" \/>\n<meta property=\"og:image\" content=\"https:\/\/www.maroservice.it\/wp-content\/uploads\/2023\/10\/Garden-design-01-4.webp\" \/>\n\t<meta property=\"og:image:width\" content=\"1920\" \/>\n\t<meta property=\"og:image:height\" content=\"1080\" \/>\n\t<meta property=\"og:image:type\" content=\"image\/webp\" \/>\n<meta name=\"twitter:card\" content=\"summary_large_image\" \/>\n<meta name=\"twitter:label1\" content=\"Dur\u00e9e de lecture estim\u00e9e\" \/>\n\t<meta name=\"twitter:data1\" content=\"2 minutes\" \/>\n<script type=\"application\/ld+json\" class=\"yoast-schema-graph\">{\"@context\":\"https:\/\/schema.org\",\"@graph\":[{\"@type\":\"WebPage\",\"@id\":\"https:\/\/www.maroservice.it\/fr\/services-de-jardinage\/conception-de-jardins\/\",\"url\":\"https:\/\/www.maroservice.it\/fr\/services-de-jardinage\/conception-de-jardins\/\",\"name\":\"Conception de jardin personnalis\u00e9e | Service Maro\",\"isPartOf\":{\"@id\":\"https:\/\/www.maroservice.it\/#website\"},\"primaryImageOfPage\":{\"@id\":\"https:\/\/www.maroservice.it\/fr\/services-de-jardinage\/conception-de-jardins\/#primaryimage\"},\"image\":{\"@id\":\"https:\/\/www.maroservice.it\/fr\/services-de-jardinage\/conception-de-jardins\/#primaryimage\"},\"thumbnailUrl\":\"https:\/\/www.maroservice.it\/wp-content\/uploads\/2023\/10\/Garden-design-01-4.webp\",\"datePublished\":\"2023-10-03T23:27:21+00:00\",\"dateModified\":\"2024-11-21T09:20:15+00:00\",\"description\":\"Confiez la conception de votre jardin \u00e0 Maro Service: esth\u00e9tique, fonctionnalit\u00e9 et souci du d\u00e9tail. Des solutions sur mesure avec une \u00e9quipe d'experts. Devis gratuit!\",\"breadcrumb\":{\"@id\":\"https:\/\/www.maroservice.it\/fr\/services-de-jardinage\/conception-de-jardins\/#breadcrumb\"},\"inLanguage\":\"fr-FR\",\"potentialAction\":[{\"@type\":\"ReadAction\",\"target\":[\"https:\/\/www.maroservice.it\/fr\/services-de-jardinage\/conception-de-jardins\/\"]}]},{\"@type\":\"ImageObject\",\"inLanguage\":\"fr-FR\",\"@id\":\"https:\/\/www.maroservice.it\/fr\/services-de-jardinage\/conception-de-jardins\/#primaryimage\",\"url\":\"https:\/\/www.maroservice.it\/wp-content\/uploads\/2023\/10\/Garden-design-01-4.webp\",\"contentUrl\":\"https:\/\/www.maroservice.it\/wp-content\/uploads\/2023\/10\/Garden-design-01-4.webp\",\"width\":1920,\"height\":1080},{\"@type\":\"BreadcrumbList\",\"@id\":\"https:\/\/www.maroservice.it\/fr\/services-de-jardinage\/conception-de-jardins\/#breadcrumb\",\"itemListElement\":[{\"@type\":\"ListItem\",\"position\":1,\"name\":\"Home\",\"item\":\"https:\/\/www.maroservice.it\/fr\/\"},{\"@type\":\"ListItem\",\"position\":2,\"name\":\"Des services de jardinage professionnels pour des espaces verts d\u2019excellence\",\"item\":\"https:\/\/www.maroservice.it\/fr\/services-de-jardinage\/\"},{\"@type\":\"ListItem\",\"position\":3,\"name\":\"Conception de jardins\"}]},{\"@type\":\"WebSite\",\"@id\":\"https:\/\/www.maroservice.it\/#website\",\"url\":\"https:\/\/www.maroservice.it\/\",\"name\":\"Maro Garden Design & Landscape\",\"description\":\"Garden Design &amp; Landscape\",\"publisher\":{\"@id\":\"https:\/\/www.maroservice.it\/#organization\"},\"alternateName\":\"Maro Service\",\"potentialAction\":[{\"@type\":\"SearchAction\",\"target\":{\"@type\":\"EntryPoint\",\"urlTemplate\":\"https:\/\/www.maroservice.it\/?s={search_term_string}\"},\"query-input\":{\"@type\":\"PropertyValueSpecification\",\"valueRequired\":true,\"valueName\":\"search_term_string\"}}],\"inLanguage\":\"fr-FR\"},{\"@type\":\"Organization\",\"@id\":\"https:\/\/www.maroservice.it\/#organization\",\"name\":\"Maro Garden Design & Landscape\",\"url\":\"https:\/\/www.maroservice.it\/\",\"logo\":{\"@type\":\"ImageObject\",\"inLanguage\":\"fr-FR\",\"@id\":\"https:\/\/www.maroservice.it\/#\/schema\/logo\/image\/\",\"url\":\"https:\/\/www.maroservice.it\/wp-content\/uploads\/2023\/10\/maro-logo.svg\",\"contentUrl\":\"https:\/\/www.maroservice.it\/wp-content\/uploads\/2023\/10\/maro-logo.svg\",\"width\":\"1024\",\"height\":\"1024\",\"caption\":\"Maro Garden Design & Landscape\"},\"image\":{\"@id\":\"https:\/\/www.maroservice.it\/#\/schema\/logo\/image\/\"}}]}<\/script>\n<!-- \/ Yoast SEO plugin. -->","yoast_head_json":{"title":"Conception de jardin personnalis\u00e9e | Service Maro","description":"Confiez la conception de votre jardin \u00e0 Maro Service: esth\u00e9tique, fonctionnalit\u00e9 et souci du d\u00e9tail. Des solutions sur mesure avec une \u00e9quipe d'experts. Devis gratuit!","robots":{"index":"index","follow":"follow","max-snippet":"max-snippet:-1","max-image-preview":"max-image-preview:large","max-video-preview":"max-video-preview:-1"},"canonical":"https:\/\/www.maroservice.it\/fr\/services-de-jardinage\/conception-de-jardins\/","og_locale":"fr_FR","og_type":"article","og_title":"Conception de jardin personnalis\u00e9e | Service Maro","og_description":"Confiez la conception de votre jardin \u00e0 Maro Service: esth\u00e9tique, fonctionnalit\u00e9 et souci du d\u00e9tail. Des solutions sur mesure avec une \u00e9quipe d'experts. Devis gratuit!","og_url":"https:\/\/www.maroservice.it\/fr\/services-de-jardinage\/conception-de-jardins\/","og_site_name":"Maro Service","article_modified_time":"2024-11-21T09:20:15+00:00","og_image":[{"width":1920,"height":1080,"url":"https:\/\/www.maroservice.it\/wp-content\/uploads\/2023\/10\/Garden-design-01-4.webp","type":"image\/webp"}],"twitter_card":"summary_large_image","twitter_misc":{"Dur\u00e9e de lecture estim\u00e9e":"2 minutes"},"schema":{"@context":"https:\/\/schema.org","@graph":[{"@type":"WebPage","@id":"https:\/\/www.maroservice.it\/fr\/services-de-jardinage\/conception-de-jardins\/","url":"https:\/\/www.maroservice.it\/fr\/services-de-jardinage\/conception-de-jardins\/","name":"Conception de jardin personnalis\u00e9e | Service Maro","isPartOf":{"@id":"https:\/\/www.maroservice.it\/#website"},"primaryImageOfPage":{"@id":"https:\/\/www.maroservice.it\/fr\/services-de-jardinage\/conception-de-jardins\/#primaryimage"},"image":{"@id":"https:\/\/www.maroservice.it\/fr\/services-de-jardinage\/conception-de-jardins\/#primaryimage"},"thumbnailUrl":"https:\/\/www.maroservice.it\/wp-content\/uploads\/2023\/10\/Garden-design-01-4.webp","datePublished":"2023-10-03T23:27:21+00:00","dateModified":"2024-11-21T09:20:15+00:00","description":"Confiez la conception de votre jardin \u00e0 Maro Service: esth\u00e9tique, fonctionnalit\u00e9 et souci du d\u00e9tail. Des solutions sur mesure avec une \u00e9quipe d'experts. Devis gratuit!","breadcrumb":{"@id":"https:\/\/www.maroservice.it\/fr\/services-de-jardinage\/conception-de-jardins\/#breadcrumb"},"inLanguage":"fr-FR","potentialAction":[{"@type":"ReadAction","target":["https:\/\/www.maroservice.it\/fr\/services-de-jardinage\/conception-de-jardins\/"]}]},{"@type":"ImageObject","inLanguage":"fr-FR","@id":"https:\/\/www.maroservice.it\/fr\/services-de-jardinage\/conception-de-jardins\/#primaryimage","url":"https:\/\/www.maroservice.it\/wp-content\/uploads\/2023\/10\/Garden-design-01-4.webp","contentUrl":"https:\/\/www.maroservice.it\/wp-content\/uploads\/2023\/10\/Garden-design-01-4.webp","width":1920,"height":1080},{"@type":"BreadcrumbList","@id":"https:\/\/www.maroservice.it\/fr\/services-de-jardinage\/conception-de-jardins\/#breadcrumb","itemListElement":[{"@type":"ListItem","position":1,"name":"Home","item":"https:\/\/www.maroservice.it\/fr\/"},{"@type":"ListItem","position":2,"name":"Des services de jardinage professionnels pour des espaces verts d\u2019excellence","item":"https:\/\/www.maroservice.it\/fr\/services-de-jardinage\/"},{"@type":"ListItem","position":3,"name":"Conception de jardins"}]},{"@type":"WebSite","@id":"https:\/\/www.maroservice.it\/#website","url":"https:\/\/www.maroservice.it\/","name":"Maro Garden Design & Landscape","description":"Garden Design &amp; Landscape","publisher":{"@id":"https:\/\/www.maroservice.it\/#organization"},"alternateName":"Maro Service","potentialAction":[{"@type":"SearchAction","target":{"@type":"EntryPoint","urlTemplate":"https:\/\/www.maroservice.it\/?s={search_term_string}"},"query-input":{"@type":"PropertyValueSpecification","valueRequired":true,"valueName":"search_term_string"}}],"inLanguage":"fr-FR"},{"@type":"Organization","@id":"https:\/\/www.maroservice.it\/#organization","name":"Maro Garden Design & Landscape","url":"https:\/\/www.maroservice.it\/","logo":{"@type":"ImageObject","inLanguage":"fr-FR","@id":"https:\/\/www.maroservice.it\/#\/schema\/logo\/image\/","url":"https:\/\/www.maroservice.it\/wp-content\/uploads\/2023\/10\/maro-logo.svg","contentUrl":"https:\/\/www.maroservice.it\/wp-content\/uploads\/2023\/10\/maro-logo.svg","width":"1024","height":"1024","caption":"Maro Garden Design & Landscape"},"image":{"@id":"https:\/\/www.maroservice.it\/#\/schema\/logo\/image\/"}}]}},"_links":{"self":[{"href":"https:\/\/www.maroservice.it\/fr\/wp-json\/wp\/v2\/pages\/1780","targetHints":{"allow":["GET"]}}],"collection":[{"href":"https:\/\/www.maroservice.it\/fr\/wp-json\/wp\/v2\/pages"}],"about":[{"href":"https:\/\/www.maroservice.it\/fr\/wp-json\/wp\/v2\/types\/page"}],"author":[{"embeddable":true,"href":"https:\/\/www.maroservice.it\/fr\/wp-json\/wp\/v2\/users\/1"}],"replies":[{"embeddable":true,"href":"https:\/\/www.maroservice.it\/fr\/wp-json\/wp\/v2\/comments?post=1780"}],"version-history":[{"count":1,"href":"https:\/\/www.maroservice.it\/fr\/wp-json\/wp\/v2\/pages\/1780\/revisions"}],"predecessor-version":[{"id":1786,"href":"https:\/\/www.maroservice.it\/fr\/wp-json\/wp\/v2\/pages\/1780\/revisions\/1786"}],"up":[{"embeddable":true,"href":"https:\/\/www.maroservice.it\/fr\/wp-json\/wp\/v2\/pages\/1596"}],"wp:featuredmedia":[{"embeddable":true,"href":"https:\/\/www.maroservice.it\/fr\/wp-json\/wp\/v2\/media\/1630"}],"wp:attachment":[{"href":"https:\/\/www.maroservice.it\/fr\/wp-json\/wp\/v2\/media?parent=1780"}],"curies":[{"name":"wp","href":"https:\/\/api.w.org\/{rel}","templated":true}]}}