{"id":1807,"date":"2023-10-11T23:56:23","date_gmt":"2023-10-11T21:56:23","guid":{"rendered":"https:\/\/www.maroservice.it\/services-de-jardinage\/semina-e-idrosemina\/"},"modified":"2024-11-22T00:15:52","modified_gmt":"2024-11-21T23:15:52","slug":"semis-et-hydroensemencement","status":"publish","type":"page","link":"https:\/\/www.maroservice.it\/fr\/services-de-jardinage\/semis-et-hydroensemencement\/","title":{"rendered":"Semis et ensemencement hydraulique"},"content":{"rendered":"\n<p>Pour transformer un jardin en un \u00e9den luxuriant, une attention particuli\u00e8re doit \u00eatre accord\u00e9e \u00e0 l\u2019entretien du gazon. L\u2019ensemencement ne peut jouer qu\u2019un r\u00f4le cl\u00e9 \u00e0 cet \u00e9gard.<\/p>\n\n\n\n<!--more-->\n\n\n\n<p>Qu\u2019il s\u2019agisse de semis traditionnel ou d\u2019ensemencement hydraulique, Maro met \u00e0 votre disposition des experts exp\u00e9riment\u00e9s dans le domaine qui peuvent \u00e9valuer la strat\u00e9gie la plus adapt\u00e9e \u00e0 votre jardin et \u00e0 vos besoins.<\/p>\n\n\n\n<p>L\u2019ensemencement hydraulique est largement utilis\u00e9 pour r\u00e9duire le temps n\u00e9cessaire \u00e0 la mise en place et \u00e0 la germination des graines et pour \u00e9liminer le probl\u00e8me des oiseaux qui se nourrissent des graines. Le r\u00e9sultat est un gazon uniforme et florissant en moins de temps. Malgr\u00e9 cela, le semis classique reste une technique encore utilis\u00e9e et appr\u00e9ci\u00e9e, qui garantit d\u2019excellents r\u00e9sultats \u00e0 long terme, \u00e0 moindre co\u00fbt.<\/p>\n\n\n\n<p>Les deux proc\u00e9dures n\u00e9cessitent d\u2019abord une \u00e9tape de pr\u00e9paration du sol, indispensable pour obtenir un bon r\u00e9sultat. Ensuite, on choisit le type de semences et d\u2019engrais le plus appropri\u00e9, en fonction de la zone, du climat et du substrat. Apr\u00e8s cela, dans le cas de l\u2019ensemencement hydraulique, le personnel sp\u00e9cialis\u00e9, op\u00e9rant avec des machines sp\u00e9cifiques, se charge de la mise en place de la semence, qui a lieu en m\u00eame temps que celle de l\u2019engrais et de la colle organique. \u00c0 l\u2019inverse, l\u2019ensemencement traditionnel est plus simple et n\u00e9cessite un mat\u00e9riel moins complexe.<\/p>\n\n\n\n<p>Dans les deux cas, il est indispensable de faire appel \u00e0 des professionnels pour obtenir les meilleurs r\u00e9sultats dans un d\u00e9lai raisonnable. Chez Maro, nous offrons un service complet \u00e0 360\u00b0, avec professionnalisme, fiabilit\u00e9 et r\u00e9activit\u00e9.<\/p>\n\n\n\n<p>Nous sommes actifs dans tout le pays. Contactez-nous pour obtenir des conseils et un devis gratuit.<\/p>\n","protected":false},"excerpt":{"rendered":"<p>Pour transformer un jardin en un \u00e9den luxuriant, une attention particuli\u00e8re doit \u00eatre accord\u00e9e \u00e0 l\u2019entretien du gazon. L\u2019ensemencement ne peut jouer qu\u2019un r\u00f4le cl\u00e9 \u00e0 cet \u00e9gard.<\/p>\n","protected":false},"author":1,"featured_media":1635,"parent":1596,"menu_order":0,"comment_status":"closed","ping_status":"closed","template":"template-service.php","meta":{"_acf_changed":false,"inline_featured_image":false,"footnotes":""},"class_list":["post-1807","page","type-page","status-publish","has-post-thumbnail","hentry"],"acf":[],"yoast_head":"<!-- This site is optimized with the Yoast SEO plugin v27.2 - https:\/\/yoast.com\/product\/yoast-seo-wordpress\/ -->\n<title>Semis et hydroensemencement pour des pelouses parfaites | Service Maro<\/title>\n<meta name=\"description\" content=\"Redonnez \u00e0 votre pelouse son meilleur \u00e9tat avec Maro Service: r\u00e9g\u00e9n\u00e9ration de pelouse avec des techniques avanc\u00e9es et des machines de pointe. Devis gratuit!\" \/>\n<meta name=\"robots\" content=\"index, follow, max-snippet:-1, max-image-preview:large, max-video-preview:-1\" \/>\n<link rel=\"canonical\" href=\"https:\/\/www.maroservice.it\/fr\/services-de-jardinage\/semis-et-hydroensemencement\/\" \/>\n<meta property=\"og:locale\" content=\"fr_FR\" \/>\n<meta property=\"og:type\" content=\"article\" \/>\n<meta property=\"og:title\" content=\"Semis et hydroensemencement pour des pelouses parfaites | Service Maro\" \/>\n<meta property=\"og:description\" content=\"Redonnez \u00e0 votre pelouse son meilleur \u00e9tat avec Maro Service: r\u00e9g\u00e9n\u00e9ration de pelouse avec des techniques avanc\u00e9es et des machines de pointe. Devis gratuit!\" \/>\n<meta property=\"og:url\" content=\"https:\/\/www.maroservice.it\/fr\/services-de-jardinage\/semis-et-hydroensemencement\/\" \/>\n<meta property=\"og:site_name\" content=\"Maro Service\" \/>\n<meta property=\"article:modified_time\" content=\"2024-11-21T23:15:52+00:00\" \/>\n<meta property=\"og:image\" content=\"https:\/\/www.maroservice.it\/wp-content\/uploads\/2023\/10\/semina.webp\" \/>\n\t<meta property=\"og:image:width\" content=\"1500\" \/>\n\t<meta property=\"og:image:height\" content=\"840\" \/>\n\t<meta property=\"og:image:type\" content=\"image\/webp\" \/>\n<meta name=\"twitter:card\" content=\"summary_large_image\" \/>\n<meta name=\"twitter:label1\" content=\"Dur\u00e9e de lecture estim\u00e9e\" \/>\n\t<meta name=\"twitter:data1\" content=\"2 minutes\" \/>\n<script type=\"application\/ld+json\" class=\"yoast-schema-graph\">{\"@context\":\"https:\/\/schema.org\",\"@graph\":[{\"@type\":\"WebPage\",\"@id\":\"https:\/\/www.maroservice.it\/fr\/services-de-jardinage\/semis-et-hydroensemencement\/\",\"url\":\"https:\/\/www.maroservice.it\/fr\/services-de-jardinage\/semis-et-hydroensemencement\/\",\"name\":\"Semis et hydroensemencement pour des pelouses parfaites | Service Maro\",\"isPartOf\":{\"@id\":\"https:\/\/www.maroservice.it\/#website\"},\"primaryImageOfPage\":{\"@id\":\"https:\/\/www.maroservice.it\/fr\/services-de-jardinage\/semis-et-hydroensemencement\/#primaryimage\"},\"image\":{\"@id\":\"https:\/\/www.maroservice.it\/fr\/services-de-jardinage\/semis-et-hydroensemencement\/#primaryimage\"},\"thumbnailUrl\":\"https:\/\/www.maroservice.it\/wp-content\/uploads\/2023\/10\/semina.webp\",\"datePublished\":\"2023-10-11T21:56:23+00:00\",\"dateModified\":\"2024-11-21T23:15:52+00:00\",\"description\":\"Redonnez \u00e0 votre pelouse son meilleur \u00e9tat avec Maro Service: r\u00e9g\u00e9n\u00e9ration de pelouse avec des techniques avanc\u00e9es et des machines de pointe. Devis gratuit!\",\"breadcrumb\":{\"@id\":\"https:\/\/www.maroservice.it\/fr\/services-de-jardinage\/semis-et-hydroensemencement\/#breadcrumb\"},\"inLanguage\":\"fr-FR\",\"potentialAction\":[{\"@type\":\"ReadAction\",\"target\":[\"https:\/\/www.maroservice.it\/fr\/services-de-jardinage\/semis-et-hydroensemencement\/\"]}]},{\"@type\":\"ImageObject\",\"inLanguage\":\"fr-FR\",\"@id\":\"https:\/\/www.maroservice.it\/fr\/services-de-jardinage\/semis-et-hydroensemencement\/#primaryimage\",\"url\":\"https:\/\/www.maroservice.it\/wp-content\/uploads\/2023\/10\/semina.webp\",\"contentUrl\":\"https:\/\/www.maroservice.it\/wp-content\/uploads\/2023\/10\/semina.webp\",\"width\":1500,\"height\":840},{\"@type\":\"BreadcrumbList\",\"@id\":\"https:\/\/www.maroservice.it\/fr\/services-de-jardinage\/semis-et-hydroensemencement\/#breadcrumb\",\"itemListElement\":[{\"@type\":\"ListItem\",\"position\":1,\"name\":\"Home\",\"item\":\"https:\/\/www.maroservice.it\/fr\/\"},{\"@type\":\"ListItem\",\"position\":2,\"name\":\"Des services de jardinage professionnels pour des espaces verts d\u2019excellence\",\"item\":\"https:\/\/www.maroservice.it\/fr\/services-de-jardinage\/\"},{\"@type\":\"ListItem\",\"position\":3,\"name\":\"Semis et ensemencement hydraulique\"}]},{\"@type\":\"WebSite\",\"@id\":\"https:\/\/www.maroservice.it\/#website\",\"url\":\"https:\/\/www.maroservice.it\/\",\"name\":\"Maro Garden Design & Landscape\",\"description\":\"Garden Design &amp; Landscape\",\"publisher\":{\"@id\":\"https:\/\/www.maroservice.it\/#organization\"},\"alternateName\":\"Maro Service\",\"potentialAction\":[{\"@type\":\"SearchAction\",\"target\":{\"@type\":\"EntryPoint\",\"urlTemplate\":\"https:\/\/www.maroservice.it\/?s={search_term_string}\"},\"query-input\":{\"@type\":\"PropertyValueSpecification\",\"valueRequired\":true,\"valueName\":\"search_term_string\"}}],\"inLanguage\":\"fr-FR\"},{\"@type\":\"Organization\",\"@id\":\"https:\/\/www.maroservice.it\/#organization\",\"name\":\"Maro Garden Design & Landscape\",\"url\":\"https:\/\/www.maroservice.it\/\",\"logo\":{\"@type\":\"ImageObject\",\"inLanguage\":\"fr-FR\",\"@id\":\"https:\/\/www.maroservice.it\/#\/schema\/logo\/image\/\",\"url\":\"https:\/\/www.maroservice.it\/wp-content\/uploads\/2023\/10\/maro-logo.svg\",\"contentUrl\":\"https:\/\/www.maroservice.it\/wp-content\/uploads\/2023\/10\/maro-logo.svg\",\"width\":\"1024\",\"height\":\"1024\",\"caption\":\"Maro Garden Design & Landscape\"},\"image\":{\"@id\":\"https:\/\/www.maroservice.it\/#\/schema\/logo\/image\/\"}}]}<\/script>\n<!-- \/ Yoast SEO plugin. -->","yoast_head_json":{"title":"Semis et hydroensemencement pour des pelouses parfaites | Service Maro","description":"Redonnez \u00e0 votre pelouse son meilleur \u00e9tat avec Maro Service: r\u00e9g\u00e9n\u00e9ration de pelouse avec des techniques avanc\u00e9es et des machines de pointe. Devis gratuit!","robots":{"index":"index","follow":"follow","max-snippet":"max-snippet:-1","max-image-preview":"max-image-preview:large","max-video-preview":"max-video-preview:-1"},"canonical":"https:\/\/www.maroservice.it\/fr\/services-de-jardinage\/semis-et-hydroensemencement\/","og_locale":"fr_FR","og_type":"article","og_title":"Semis et hydroensemencement pour des pelouses parfaites | Service Maro","og_description":"Redonnez \u00e0 votre pelouse son meilleur \u00e9tat avec Maro Service: r\u00e9g\u00e9n\u00e9ration de pelouse avec des techniques avanc\u00e9es et des machines de pointe. Devis gratuit!","og_url":"https:\/\/www.maroservice.it\/fr\/services-de-jardinage\/semis-et-hydroensemencement\/","og_site_name":"Maro Service","article_modified_time":"2024-11-21T23:15:52+00:00","og_image":[{"width":1500,"height":840,"url":"https:\/\/www.maroservice.it\/wp-content\/uploads\/2023\/10\/semina.webp","type":"image\/webp"}],"twitter_card":"summary_large_image","twitter_misc":{"Dur\u00e9e de lecture estim\u00e9e":"2 minutes"},"schema":{"@context":"https:\/\/schema.org","@graph":[{"@type":"WebPage","@id":"https:\/\/www.maroservice.it\/fr\/services-de-jardinage\/semis-et-hydroensemencement\/","url":"https:\/\/www.maroservice.it\/fr\/services-de-jardinage\/semis-et-hydroensemencement\/","name":"Semis et hydroensemencement pour des pelouses parfaites | Service Maro","isPartOf":{"@id":"https:\/\/www.maroservice.it\/#website"},"primaryImageOfPage":{"@id":"https:\/\/www.maroservice.it\/fr\/services-de-jardinage\/semis-et-hydroensemencement\/#primaryimage"},"image":{"@id":"https:\/\/www.maroservice.it\/fr\/services-de-jardinage\/semis-et-hydroensemencement\/#primaryimage"},"thumbnailUrl":"https:\/\/www.maroservice.it\/wp-content\/uploads\/2023\/10\/semina.webp","datePublished":"2023-10-11T21:56:23+00:00","dateModified":"2024-11-21T23:15:52+00:00","description":"Redonnez \u00e0 votre pelouse son meilleur \u00e9tat avec Maro Service: r\u00e9g\u00e9n\u00e9ration de pelouse avec des techniques avanc\u00e9es et des machines de pointe. Devis gratuit!","breadcrumb":{"@id":"https:\/\/www.maroservice.it\/fr\/services-de-jardinage\/semis-et-hydroensemencement\/#breadcrumb"},"inLanguage":"fr-FR","potentialAction":[{"@type":"ReadAction","target":["https:\/\/www.maroservice.it\/fr\/services-de-jardinage\/semis-et-hydroensemencement\/"]}]},{"@type":"ImageObject","inLanguage":"fr-FR","@id":"https:\/\/www.maroservice.it\/fr\/services-de-jardinage\/semis-et-hydroensemencement\/#primaryimage","url":"https:\/\/www.maroservice.it\/wp-content\/uploads\/2023\/10\/semina.webp","contentUrl":"https:\/\/www.maroservice.it\/wp-content\/uploads\/2023\/10\/semina.webp","width":1500,"height":840},{"@type":"BreadcrumbList","@id":"https:\/\/www.maroservice.it\/fr\/services-de-jardinage\/semis-et-hydroensemencement\/#breadcrumb","itemListElement":[{"@type":"ListItem","position":1,"name":"Home","item":"https:\/\/www.maroservice.it\/fr\/"},{"@type":"ListItem","position":2,"name":"Des services de jardinage professionnels pour des espaces verts d\u2019excellence","item":"https:\/\/www.maroservice.it\/fr\/services-de-jardinage\/"},{"@type":"ListItem","position":3,"name":"Semis et ensemencement hydraulique"}]},{"@type":"WebSite","@id":"https:\/\/www.maroservice.it\/#website","url":"https:\/\/www.maroservice.it\/","name":"Maro Garden Design & Landscape","description":"Garden Design &amp; Landscape","publisher":{"@id":"https:\/\/www.maroservice.it\/#organization"},"alternateName":"Maro Service","potentialAction":[{"@type":"SearchAction","target":{"@type":"EntryPoint","urlTemplate":"https:\/\/www.maroservice.it\/?s={search_term_string}"},"query-input":{"@type":"PropertyValueSpecification","valueRequired":true,"valueName":"search_term_string"}}],"inLanguage":"fr-FR"},{"@type":"Organization","@id":"https:\/\/www.maroservice.it\/#organization","name":"Maro Garden Design & Landscape","url":"https:\/\/www.maroservice.it\/","logo":{"@type":"ImageObject","inLanguage":"fr-FR","@id":"https:\/\/www.maroservice.it\/#\/schema\/logo\/image\/","url":"https:\/\/www.maroservice.it\/wp-content\/uploads\/2023\/10\/maro-logo.svg","contentUrl":"https:\/\/www.maroservice.it\/wp-content\/uploads\/2023\/10\/maro-logo.svg","width":"1024","height":"1024","caption":"Maro Garden Design & Landscape"},"image":{"@id":"https:\/\/www.maroservice.it\/#\/schema\/logo\/image\/"}}]}},"_links":{"self":[{"href":"https:\/\/www.maroservice.it\/fr\/wp-json\/wp\/v2\/pages\/1807","targetHints":{"allow":["GET"]}}],"collection":[{"href":"https:\/\/www.maroservice.it\/fr\/wp-json\/wp\/v2\/pages"}],"about":[{"href":"https:\/\/www.maroservice.it\/fr\/wp-json\/wp\/v2\/types\/page"}],"author":[{"embeddable":true,"href":"https:\/\/www.maroservice.it\/fr\/wp-json\/wp\/v2\/users\/1"}],"replies":[{"embeddable":true,"href":"https:\/\/www.maroservice.it\/fr\/wp-json\/wp\/v2\/comments?post=1807"}],"version-history":[{"count":2,"href":"https:\/\/www.maroservice.it\/fr\/wp-json\/wp\/v2\/pages\/1807\/revisions"}],"predecessor-version":[{"id":1816,"href":"https:\/\/www.maroservice.it\/fr\/wp-json\/wp\/v2\/pages\/1807\/revisions\/1816"}],"up":[{"embeddable":true,"href":"https:\/\/www.maroservice.it\/fr\/wp-json\/wp\/v2\/pages\/1596"}],"wp:featuredmedia":[{"embeddable":true,"href":"https:\/\/www.maroservice.it\/fr\/wp-json\/wp\/v2\/media\/1635"}],"wp:attachment":[{"href":"https:\/\/www.maroservice.it\/fr\/wp-json\/wp\/v2\/media?parent=1807"}],"curies":[{"name":"wp","href":"https:\/\/api.w.org\/{rel}","templated":true}]}}